{"id":116,"date":"2024-03-17T18:05:46","date_gmt":"2024-03-17T15:05:46","guid":{"rendered":"https:\/\/www.alitateks.com.tr\/?page_id=116"},"modified":"2024-03-22T00:11:24","modified_gmt":"2024-03-21T21:11:24","slug":"hakkimizda","status":"publish","type":"page","link":"https:\/\/www.alitateks.com.tr\/?page_id=116","title":{"rendered":"HAKKIMIZDA"},"content":{"rendered":"\n\n\t<section class=\"section\" id=\"section_860009886\">\n\t\t<div class=\"section-bg fill\" >\n\t\t\t\t\t\t\t\t\t\n\t\t\t\n\n\t\t<\/div>\n\n\t\t\n\n\t\t<div class=\"section-content relative\">\n\t\t\t\n\n<div class=\"row row-collapse row-full-width align-middle\"  id=\"row-462850942\">\n\n\n\t<div id=\"col-1947364361\" class=\"col medium-12 small-12 large-6\"  >\n\t\t\t\t<div class=\"col-inner\"  >\n\t\t\t\n\t\t\t\n\n<div class=\"row\"  id=\"row-1269207122\">\n\n\n\t<div id=\"col-510751566\" class=\"col medium-12 small-12 large-11\"  >\n\t\t\t\t<div class=\"col-inner\"  >\n\t\t\t\n\t\t\t\n\n\t<div id=\"text-3513571289\" class=\"text\">\n\t\t\n\n<h2 class=\"uppercase\">hakk\u0131m\u0131zda\u00a0<\/h2>\n\t\t\n<style>\n#text-3513571289 {\n  font-size: 1.5rem;\n  text-align: center;\n}\n<\/style>\n\t<\/div>\n\t\n<p>1996 y\u0131l\u0131nda, kalitenin ve hayal g\u00fcc\u00fcn\u00fcn s\u0131n\u0131rlar\u0131n\u0131 zorlayarak sekt\u00f6re ad\u0131m atan Alitateks Tekstil, bug\u00fcne kadar her bir m\u00fc\u015fterisinin hayallerini ger\u00e7e\u011fe d\u00f6n\u00fc\u015ft\u00fcrmenin gururunu ya\u015famaktad\u0131r. K\u00f6klerimiz, m\u00fc\u015fterilerimizin ihtiya\u00e7lar\u0131n\u0131 en ince ayr\u0131nt\u0131s\u0131na kadar anlama ve onlara en y\u00fcksek kalitede tekstil \u00fcr\u00fcnleri sunma gelene\u011fine dayanmaktad\u0131r. Pamu\u011fun do\u011fal dokusuyla ba\u015flayan yolculu\u011fumuz, ti\u015f\u00f6rtten hodiye, sweatshirt&#8217;ten h\u0131rkaya kadar geni\u015f bir yelpazede, her t\u00fcrl\u00fc tekstil \u00fcr\u00fcn\u00fcn\u00fc kapsayacak \u015fekilde evrilmi\u015ftir. Alitateks Tekstil olarak, ge\u00e7mi\u015fimizden ald\u0131\u011f\u0131m\u0131z ilhamla, gelece\u011fe dair hayalleri dokuyoruz.<\/p>\n<div class=\"is-divider divider clearfix\" style=\"margin-top:1.5em;margin-bottom:1.5em;max-width:150px;background-color:rgb(194, 220, 230);\"><\/div>\n\n<div class=\"row row-small\"  id=\"row-1326281209\">\n\n\n\t<div id=\"col-1424011700\" class=\"col medium-11 small-12 large-11\"  >\n\t\t\t\t<div class=\"col-inner\"  >\n\t\t\t\n\t\t\t\n\n\n\t\t<div class=\"icon-box featured-box icon-box-top text-left\"  >\n\t\t\t\t<div class=\"icon-box-text last-reset\">\n\t\t\t\t\t\t\t\t\t\n\n\t<div id=\"text-2391803916\" class=\"text\">\n\t\t\n\n<h2 class=\"uppercase\"><strong>vizyon<\/strong><\/h2>\n<p>Alitateks Tekstil&#8217;in vizyonu, s\u00fcrd\u00fcr\u00fclebilirlik ve inovasyonu \u00f6n planda tutarak, tekstil sekt\u00f6r\u00fcnde global bir lider olmakt\u0131r. \u00dcr\u00fcnlerimizin her birinde do\u011fan\u0131n dokunu\u015funu hissettirirken, m\u00fc\u015fterilerimizin ya\u015famlar\u0131na de\u011fer katmay\u0131 ama\u00e7l\u0131yoruz. Tekstilin s\u0131n\u0131rlar\u0131n\u0131 zorlayarak, moda ve konforun m\u00fckemmel uyumunu sa\u011flamak, bizim i\u00e7in sadece bir hedef de\u011fil, ayn\u0131 zamanda bir tutkudur. Her \u00fcr\u00fcn\u00fcm\u00fczle, tekstilin sadece bir ihtiya\u00e7 de\u011fil, ayn\u0131 zamanda bir sanat formu oldu\u011funu g\u00f6stermeyi hedefliyoruz.<\/p>\n\t\t\n<style>\n#text-2391803916 {\n  text-align: center;\n}\n<\/style>\n\t<\/div>\n\t\n\n\t\t<\/div>\n\t<\/div>\n\t\n\t\n\n\t\t<\/div>\n\t\t\t\t\t<\/div>\n\n\t\n\n<\/div>\n\t<div id=\"text-1799797113\" class=\"text\">\n\t\t\n\n<h2><strong>M\u0130SYON<\/strong><\/h2>\n<p>Misyonumuz, y\u00fcksek kaliteli pamuktan \u00fcretilen tekstil \u00fcr\u00fcnlerimizle, m\u00fc\u015fterilerimizin hayat\u0131na dokunmak ve onlar\u0131n hayallerini ger\u00e7e\u011fe d\u00f6n\u00fc\u015ft\u00fcrmektir. Alitateks Tekstil olarak, her bir m\u00fc\u015fterimizin benzersiz ihtiya\u00e7lar\u0131n\u0131 anlama ve onlara en iyi hizmeti sunma konusunda kendimize derin bir sorumluluk y\u00fckl\u00fcyoruz. Ge\u00e7mi\u015fimizden gelen tecr\u00fcbeyle, yenilik\u00e7i ve s\u00fcrd\u00fcr\u00fclebilir \u00fcretim y\u00f6ntemlerini benimseyerek, tekstil sekt\u00f6r\u00fcnde fark yaratmay\u0131 ama\u00e7l\u0131yoruz. Kalite, \u015feffafl\u0131k ve m\u00fc\u015fteri memnuniyetini i\u015fimizin merkezine koyarak, herkesin hayallerine ula\u015fabilece\u011fi bir d\u00fcnya yaratmay\u0131 hedefliyoruz.<\/p>\n\t\t\n<style>\n#text-1799797113 {\n  text-align: center;\n}\n<\/style>\n\t<\/div>\n\t\n\n\t\t<\/div>\n\t\t\t\t\t<\/div>\n\n\t\n\n<\/div>\n\n\t\t<\/div>\n\t\t\t\t\n<style>\n#col-1947364361 > .col-inner {\n  padding: 30px 30px 30px 30px;\n}\n@media (min-width:850px) {\n  #col-1947364361 > .col-inner {\n    padding: 0px 0px 0px 15%;\n  }\n}\n<\/style>\n\t<\/div>\n\n\t\n\n\t<div id=\"col-502916438\" class=\"col medium-12 small-12 large-6 medium-col-first\"  >\n\t\t\t\t<div class=\"col-inner\"  >\n\t\t\t\n\t\t\t\n\n\n  <div class=\"banner has-hover\" id=\"banner-2055372752\">\n          <div class=\"banner-inner fill\">\n        <div class=\"banner-bg fill\" >\n            <img loading=\"lazy\" decoding=\"async\" width=\"683\" height=\"1024\" src=\"https:\/\/www.alitateks.com.tr\/wp-content\/uploads\/2024\/03\/toa-heftiba-4xe-yVFJCvw-unsplash-1-683x1024.jpg\" class=\"bg attachment-large size-large\" alt=\"\" \/>                                    \n                    <\/div>\n\t\t\n        <div class=\"banner-layers container\">\n            <div class=\"fill banner-link\"><\/div>            \n\n   <div id=\"text-box-689332070\" class=\"text-box banner-layer x50 md-x50 lg-x50 y50 md-y50 lg-y50 res-text\">\n                                <div class=\"text-box-content text dark\">\n              \n              <div class=\"text-inner text-center\">\n                  \n\n\n              <\/div>\n           <\/div>\n                            \n<style>\n#text-box-689332070 {\n  width: 88%;\n}\n#text-box-689332070 .text-box-content {\n  font-size: 100%;\n}\n<\/style>\n    <\/div>\n \n\n        <\/div>\n      <\/div>\n\n            \n<style>\n#banner-2055372752 {\n  padding-top: 99.99%;\n  background-color: rgba(255, 255, 255, 0);\n}\n#banner-2055372752 .banner-bg img {\n  object-position: 55% 42%;\n}\n@media (min-width:550px) {\n  #banner-2055372752 {\n    padding-top: 400px;\n  }\n}\n@media (min-width:850px) {\n  #banner-2055372752 {\n    padding-top: 210%;\n  }\n}\n<\/style>\n  <\/div>\n\n\n\n\t\t<\/div>\n\t\t\t\t\t<\/div>\n\n\t\n\n<\/div>\n\n\t\t<\/div>\n\n\t\t\n<style>\n#section_860009886 {\n  padding-top: 0px;\n  padding-bottom: 0px;\n}\n<\/style>\n\t<\/section>\n\t\n\n","protected":false},"excerpt":{"rendered":"","protected":false},"author":1,"featured_media":0,"parent":0,"menu_order":0,"comment_status":"closed","ping_status":"closed","template":"page-blank.php","meta":{"footnotes":""},"class_list":["post-116","page","type-page","status-publish","hentry"],"yoast_head":"<!-- This site is optimized with the Yoast SEO plugin v27.4 - https:\/\/yoast.com\/product\/yoast-seo-wordpress\/ -->\n<title>HAKKIMIZDA - AL\u0130TATEKS TEKST\u0130L<\/title>\n<meta name=\"robots\" content=\"index, follow, max-snippet:-1, max-image-preview:large, max-video-preview:-1\" \/>\n<link rel=\"canonical\" href=\"https:\/\/www.alitateks.com.tr\/?page_id=116\" \/>\n<meta property=\"og:locale\" content=\"tr_TR\" \/>\n<meta property=\"og:type\" content=\"article\" \/>\n<meta property=\"og:title\" content=\"HAKKIMIZDA - AL\u0130TATEKS TEKST\u0130L\" \/>\n<meta property=\"og:url\" content=\"https:\/\/www.alitateks.com.tr\/?page_id=116\" \/>\n<meta property=\"og:site_name\" content=\"AL\u0130TATEKS TEKST\u0130L\" \/>\n<meta property=\"article:modified_time\" content=\"2024-03-21T21:11:24+00:00\" \/>\n<meta name=\"twitter:card\" content=\"summary_large_image\" \/>\n<meta name=\"twitter:label1\" content=\"Tahmini okuma s\u00fcresi\" \/>\n\t<meta name=\"twitter:data1\" content=\"2 dakika\" \/>\n<script type=\"application\/ld+json\" class=\"yoast-schema-graph\">{\"@context\":\"https:\\\/\\\/schema.org\",\"@graph\":[{\"@type\":\"WebPage\",\"@id\":\"https:\\\/\\\/www.alitateks.com.tr\\\/?page_id=116\",\"url\":\"https:\\\/\\\/www.alitateks.com.tr\\\/?page_id=116\",\"name\":\"HAKKIMIZDA - AL\u0130TATEKS TEKST\u0130L\",\"isPartOf\":{\"@id\":\"https:\\\/\\\/www.alitateks.com.tr\\\/#website\"},\"datePublished\":\"2024-03-17T15:05:46+00:00\",\"dateModified\":\"2024-03-21T21:11:24+00:00\",\"breadcrumb\":{\"@id\":\"https:\\\/\\\/www.alitateks.com.tr\\\/?page_id=116#breadcrumb\"},\"inLanguage\":\"tr\",\"potentialAction\":[{\"@type\":\"ReadAction\",\"target\":[\"https:\\\/\\\/www.alitateks.com.tr\\\/?page_id=116\"]}]},{\"@type\":\"BreadcrumbList\",\"@id\":\"https:\\\/\\\/www.alitateks.com.tr\\\/?page_id=116#breadcrumb\",\"itemListElement\":[{\"@type\":\"ListItem\",\"position\":1,\"name\":\"Anasayfa\",\"item\":\"https:\\\/\\\/www.alitateks.com.tr\\\/\"},{\"@type\":\"ListItem\",\"position\":2,\"name\":\"HAKKIMIZDA\"}]},{\"@type\":\"WebSite\",\"@id\":\"https:\\\/\\\/www.alitateks.com.tr\\\/#website\",\"url\":\"https:\\\/\\\/www.alitateks.com.tr\\\/\",\"name\":\"AL\u0130TATEKS TEKST\u0130L\",\"description\":\"S\u0130Z HAYAL ED\u0130N B\u0130Z \u00dcRETEL\u0130M\",\"publisher\":{\"@id\":\"https:\\\/\\\/www.alitateks.com.tr\\\/#organization\"},\"potentialAction\":[{\"@type\":\"SearchAction\",\"target\":{\"@type\":\"EntryPoint\",\"urlTemplate\":\"https:\\\/\\\/www.alitateks.com.tr\\\/?s={search_term_string}\"},\"query-input\":{\"@type\":\"PropertyValueSpecification\",\"valueRequired\":true,\"valueName\":\"search_term_string\"}}],\"inLanguage\":\"tr\"},{\"@type\":\"Organization\",\"@id\":\"https:\\\/\\\/www.alitateks.com.tr\\\/#organization\",\"name\":\"AL\u0130TATEKS TEKST\u0130L SANAY\u0130 T\u0130CARET LTD \u015eT\u0130\",\"url\":\"https:\\\/\\\/www.alitateks.com.tr\\\/\",\"logo\":{\"@type\":\"ImageObject\",\"inLanguage\":\"tr\",\"@id\":\"https:\\\/\\\/www.alitateks.com.tr\\\/#\\\/schema\\\/logo\\\/image\\\/\",\"url\":\"https:\\\/\\\/www.alitateks.com.tr\\\/wp-content\\\/uploads\\\/2024\\\/03\\\/ALITATEKS-TEKSTIL-1-seffaf-arka-plan-Photoroom.png\",\"contentUrl\":\"https:\\\/\\\/www.alitateks.com.tr\\\/wp-content\\\/uploads\\\/2024\\\/03\\\/ALITATEKS-TEKSTIL-1-seffaf-arka-plan-Photoroom.png\",\"width\":500,\"height\":500,\"caption\":\"AL\u0130TATEKS TEKST\u0130L SANAY\u0130 T\u0130CARET LTD \u015eT\u0130\"},\"image\":{\"@id\":\"https:\\\/\\\/www.alitateks.com.tr\\\/#\\\/schema\\\/logo\\\/image\\\/\"}}]}<\/script>\n<!-- \/ Yoast SEO plugin. -->","yoast_head_json":{"title":"HAKKIMIZDA - AL\u0130TATEKS TEKST\u0130L","robots":{"index":"index","follow":"follow","max-snippet":"max-snippet:-1","max-image-preview":"max-image-preview:large","max-video-preview":"max-video-preview:-1"},"canonical":"https:\/\/www.alitateks.com.tr\/?page_id=116","og_locale":"tr_TR","og_type":"article","og_title":"HAKKIMIZDA - AL\u0130TATEKS TEKST\u0130L","og_url":"https:\/\/www.alitateks.com.tr\/?page_id=116","og_site_name":"AL\u0130TATEKS TEKST\u0130L","article_modified_time":"2024-03-21T21:11:24+00:00","twitter_card":"summary_large_image","twitter_misc":{"Tahmini okuma s\u00fcresi":"2 dakika"},"schema":{"@context":"https:\/\/schema.org","@graph":[{"@type":"WebPage","@id":"https:\/\/www.alitateks.com.tr\/?page_id=116","url":"https:\/\/www.alitateks.com.tr\/?page_id=116","name":"HAKKIMIZDA - AL\u0130TATEKS TEKST\u0130L","isPartOf":{"@id":"https:\/\/www.alitateks.com.tr\/#website"},"datePublished":"2024-03-17T15:05:46+00:00","dateModified":"2024-03-21T21:11:24+00:00","breadcrumb":{"@id":"https:\/\/www.alitateks.com.tr\/?page_id=116#breadcrumb"},"inLanguage":"tr","potentialAction":[{"@type":"ReadAction","target":["https:\/\/www.alitateks.com.tr\/?page_id=116"]}]},{"@type":"BreadcrumbList","@id":"https:\/\/www.alitateks.com.tr\/?page_id=116#breadcrumb","itemListElement":[{"@type":"ListItem","position":1,"name":"Anasayfa","item":"https:\/\/www.alitateks.com.tr\/"},{"@type":"ListItem","position":2,"name":"HAKKIMIZDA"}]},{"@type":"WebSite","@id":"https:\/\/www.alitateks.com.tr\/#website","url":"https:\/\/www.alitateks.com.tr\/","name":"AL\u0130TATEKS TEKST\u0130L","description":"S\u0130Z HAYAL ED\u0130N B\u0130Z \u00dcRETEL\u0130M","publisher":{"@id":"https:\/\/www.alitateks.com.tr\/#organization"},"potentialAction":[{"@type":"SearchAction","target":{"@type":"EntryPoint","urlTemplate":"https:\/\/www.alitateks.com.tr\/?s={search_term_string}"},"query-input":{"@type":"PropertyValueSpecification","valueRequired":true,"valueName":"search_term_string"}}],"inLanguage":"tr"},{"@type":"Organization","@id":"https:\/\/www.alitateks.com.tr\/#organization","name":"AL\u0130TATEKS TEKST\u0130L SANAY\u0130 T\u0130CARET LTD \u015eT\u0130","url":"https:\/\/www.alitateks.com.tr\/","logo":{"@type":"ImageObject","inLanguage":"tr","@id":"https:\/\/www.alitateks.com.tr\/#\/schema\/logo\/image\/","url":"https:\/\/www.alitateks.com.tr\/wp-content\/uploads\/2024\/03\/ALITATEKS-TEKSTIL-1-seffaf-arka-plan-Photoroom.png","contentUrl":"https:\/\/www.alitateks.com.tr\/wp-content\/uploads\/2024\/03\/ALITATEKS-TEKSTIL-1-seffaf-arka-plan-Photoroom.png","width":500,"height":500,"caption":"AL\u0130TATEKS TEKST\u0130L SANAY\u0130 T\u0130CARET LTD \u015eT\u0130"},"image":{"@id":"https:\/\/www.alitateks.com.tr\/#\/schema\/logo\/image\/"}}]}},"_links":{"self":[{"href":"https:\/\/www.alitateks.com.tr\/index.php?rest_route=\/wp\/v2\/pages\/116","targetHints":{"allow":["GET"]}}],"collection":[{"href":"https:\/\/www.alitateks.com.tr\/index.php?rest_route=\/wp\/v2\/pages"}],"about":[{"href":"https:\/\/www.alitateks.com.tr\/index.php?rest_route=\/wp\/v2\/types\/page"}],"author":[{"embeddable":true,"href":"https:\/\/www.alitateks.com.tr\/index.php?rest_route=\/wp\/v2\/users\/1"}],"replies":[{"embeddable":true,"href":"https:\/\/www.alitateks.com.tr\/index.php?rest_route=%2Fwp%2Fv2%2Fcomments&post=116"}],"version-history":[{"count":2,"href":"https:\/\/www.alitateks.com.tr\/index.php?rest_route=\/wp\/v2\/pages\/116\/revisions"}],"predecessor-version":[{"id":146,"href":"https:\/\/www.alitateks.com.tr\/index.php?rest_route=\/wp\/v2\/pages\/116\/revisions\/146"}],"wp:attachment":[{"href":"https:\/\/www.alitateks.com.tr\/index.php?rest_route=%2Fwp%2Fv2%2Fmedia&parent=116"}],"curies":[{"name":"wp","href":"https:\/\/api.w.org\/{rel}","templated":true}]}}