{"id":185,"date":"2024-03-28T20:18:56","date_gmt":"2024-03-28T17:18:56","guid":{"rendered":"https:\/\/www.alitateks.com.tr\/?page_id=185"},"modified":"2024-03-29T23:42:06","modified_gmt":"2024-03-29T20:42:06","slug":"uretim","status":"publish","type":"page","link":"https:\/\/www.alitateks.com.tr\/?page_id=185","title":{"rendered":"\u00dcRET\u0130M"},"content":{"rendered":"\n<div class=\"slider-wrapper relative\" id=\"slider-1967271433\" >\n    <div class=\"slider slider-nav-circle slider-nav-large slider-nav-light slider-style-normal\"\n        data-flickity-options='{\n            \"cellAlign\": \"center\",\n            \"imagesLoaded\": true,\n            \"lazyLoad\": 1,\n            \"freeScroll\": false,\n            \"wrapAround\": true,\n            \"autoPlay\": 6000,\n            \"pauseAutoPlayOnHover\" : true,\n            \"prevNextButtons\": true,\n            \"contain\" : true,\n            \"adaptiveHeight\" : true,\n            \"dragThreshold\" : 10,\n            \"percentPosition\": true,\n            \"pageDots\": true,\n            \"rightToLeft\": false,\n            \"draggable\": true,\n            \"selectedAttraction\": 0.1,\n            \"parallax\" : 0,\n            \"friction\": 0.6        }'\n        >\n        \n\n\t<div class=\"img has-hover x md-x lg-x y md-y lg-y\" id=\"image_188769645\">\n\t\t\t\t\t\t\t\t<div class=\"img-inner dark\" >\n\t\t\t<img loading=\"lazy\" decoding=\"async\" width=\"1020\" height=\"510\" src=\"https:\/\/www.alitateks.com.tr\/wp-content\/uploads\/2024\/03\/Adsiz-tasarim-3-1024x512.png\" class=\"attachment-large size-large\" alt=\"\" srcset=\"https:\/\/www.alitateks.com.tr\/wp-content\/uploads\/2024\/03\/Adsiz-tasarim-3-1024x512.png 1024w, https:\/\/www.alitateks.com.tr\/wp-content\/uploads\/2024\/03\/Adsiz-tasarim-3-300x150.png 300w, https:\/\/www.alitateks.com.tr\/wp-content\/uploads\/2024\/03\/Adsiz-tasarim-3-768x384.png 768w, https:\/\/www.alitateks.com.tr\/wp-content\/uploads\/2024\/03\/Adsiz-tasarim-3-1536x768.png 1536w, https:\/\/www.alitateks.com.tr\/wp-content\/uploads\/2024\/03\/Adsiz-tasarim-3-2048x1024.png 2048w, https:\/\/www.alitateks.com.tr\/wp-content\/uploads\/2024\/03\/Adsiz-tasarim-3-600x300.png 600w\" sizes=\"auto, (max-width: 1020px) 100vw, 1020px\" \/>\t\t\t\t\t\t\n\t\t\t\t\t<\/div>\n\t\t\t\t\t\t\t\t\n<style>\n#image_188769645 {\n  width: 100%;\n}\n<\/style>\n\t<\/div>\n\t\n\n\n     <\/div>\n\n     <div class=\"loading-spin dark large centered\"><\/div>\n\n\t<\/div>\n\n\n<div class=\"row\"  id=\"row-1083420471\">\n\n\n\t<div id=\"col-1658174342\" class=\"col medium-4 small-12 large-4\"  >\n\t\t\t\t<div class=\"col-inner\"  >\n\t\t\t\n\t\t\t\n\n\t<div class=\"box has-hover   has-hover box-text-bottom\" >\n\n\t\t<div class=\"box-image\" >\n\t\t\t\t\t\t<div class=\"\" >\n\t\t\t\t<img loading=\"lazy\" decoding=\"async\" width=\"3750\" height=\"2500\" src=\"https:\/\/www.alitateks.com.tr\/wp-content\/uploads\/2024\/03\/Adsiz-tasarim-4.png\" class=\"attachment- size-\" alt=\"\" srcset=\"https:\/\/www.alitateks.com.tr\/wp-content\/uploads\/2024\/03\/Adsiz-tasarim-4.png 3750w, https:\/\/www.alitateks.com.tr\/wp-content\/uploads\/2024\/03\/Adsiz-tasarim-4-300x200.png 300w, https:\/\/www.alitateks.com.tr\/wp-content\/uploads\/2024\/03\/Adsiz-tasarim-4-1024x683.png 1024w, https:\/\/www.alitateks.com.tr\/wp-content\/uploads\/2024\/03\/Adsiz-tasarim-4-768x512.png 768w, https:\/\/www.alitateks.com.tr\/wp-content\/uploads\/2024\/03\/Adsiz-tasarim-4-1536x1024.png 1536w, https:\/\/www.alitateks.com.tr\/wp-content\/uploads\/2024\/03\/Adsiz-tasarim-4-2048x1365.png 2048w, https:\/\/www.alitateks.com.tr\/wp-content\/uploads\/2024\/03\/Adsiz-tasarim-4-600x400.png 600w\" sizes=\"auto, (max-width: 3750px) 100vw, 3750px\" \/>\t\t\t\t\t\t\t\t\t\t\t<\/div>\n\t\t\t\t\t<\/div>\n\n\t\t<div class=\"box-text text-center\" >\n\t\t\t<div class=\"box-text-inner\">\n\t\t\t\t\n\n<h2 class=\"elementor-icon-box-title\">Fikir<\/h2>\n<p class=\"elementor-icon-box-description\"><span style=\"color: #383838;\">\u00dcretimdeki ilk ad\u0131m ihtiya\u00e7lar\u0131n\u0131z\u0131 anlamak ve yeni fikirler \u00fczerinde \u00e7al\u0131\u015fmakla ba\u015flar.<\/span><\/p>\n\n\t\t\t<\/div>\n\t\t<\/div>\n\t<\/div>\n\t\n\n\t\t<\/div>\n\t\t\t\t\t<\/div>\n\n\t\n\n\t<div id=\"col-192821591\" class=\"col medium-4 small-12 large-4\"  >\n\t\t\t\t<div class=\"col-inner\"  >\n\t\t\t\n\t\t\t\n\n\t<div class=\"box has-hover   has-hover box-text-bottom\" >\n\n\t\t<div class=\"box-image\" >\n\t\t\t\t\t\t<div class=\"\" >\n\t\t\t\t<img loading=\"lazy\" decoding=\"async\" width=\"3750\" height=\"2500\" src=\"https:\/\/www.alitateks.com.tr\/wp-content\/uploads\/2024\/03\/Adsiz-tasarim-6.png\" class=\"attachment- size-\" alt=\"\" srcset=\"https:\/\/www.alitateks.com.tr\/wp-content\/uploads\/2024\/03\/Adsiz-tasarim-6.png 3750w, https:\/\/www.alitateks.com.tr\/wp-content\/uploads\/2024\/03\/Adsiz-tasarim-6-300x200.png 300w, https:\/\/www.alitateks.com.tr\/wp-content\/uploads\/2024\/03\/Adsiz-tasarim-6-1024x683.png 1024w, https:\/\/www.alitateks.com.tr\/wp-content\/uploads\/2024\/03\/Adsiz-tasarim-6-768x512.png 768w, https:\/\/www.alitateks.com.tr\/wp-content\/uploads\/2024\/03\/Adsiz-tasarim-6-1536x1024.png 1536w, https:\/\/www.alitateks.com.tr\/wp-content\/uploads\/2024\/03\/Adsiz-tasarim-6-2048x1365.png 2048w, https:\/\/www.alitateks.com.tr\/wp-content\/uploads\/2024\/03\/Adsiz-tasarim-6-600x400.png 600w\" sizes=\"auto, (max-width: 3750px) 100vw, 3750px\" \/>\t\t\t\t\t\t\t\t\t\t\t<\/div>\n\t\t\t\t\t<\/div>\n\n\t\t<div class=\"box-text text-center\" >\n\t\t\t<div class=\"box-text-inner\">\n\t\t\t\t\n\n<h2 class=\"elementor-icon-box-title\">Fiyat Teklifi<\/h2>\n<p class=\"elementor-icon-box-description\"><span style=\"color: #383838;\">\u00dcr\u00fcn i\u00e7eri\u011fi, \u00f6zellikleri ve istenen adet belirtildikten sonra fiyat teklifi haz\u0131rlan\u0131r.<\/span><\/p>\n\n\t\t\t<\/div>\n\t\t<\/div>\n\t<\/div>\n\t\n\n\t\t<\/div>\n\t\t\t\t\t<\/div>\n\n\t\n\n\t<div id=\"col-251205795\" class=\"col medium-4 small-12 large-4\"  >\n\t\t\t\t<div class=\"col-inner\"  >\n\t\t\t\n\t\t\t\n\n\t<div class=\"box has-hover   has-hover box-text-bottom\" >\n\n\t\t<div class=\"box-image\" >\n\t\t\t\t\t\t<div class=\"\" >\n\t\t\t\t<img loading=\"lazy\" decoding=\"async\" width=\"3375\" height=\"2250\" src=\"https:\/\/www.alitateks.com.tr\/wp-content\/uploads\/2024\/03\/Adsiz-tasarim-7.png\" class=\"attachment- size-\" alt=\"\" srcset=\"https:\/\/www.alitateks.com.tr\/wp-content\/uploads\/2024\/03\/Adsiz-tasarim-7.png 3375w, https:\/\/www.alitateks.com.tr\/wp-content\/uploads\/2024\/03\/Adsiz-tasarim-7-300x200.png 300w, https:\/\/www.alitateks.com.tr\/wp-content\/uploads\/2024\/03\/Adsiz-tasarim-7-1024x683.png 1024w, https:\/\/www.alitateks.com.tr\/wp-content\/uploads\/2024\/03\/Adsiz-tasarim-7-768x512.png 768w, https:\/\/www.alitateks.com.tr\/wp-content\/uploads\/2024\/03\/Adsiz-tasarim-7-1536x1024.png 1536w, https:\/\/www.alitateks.com.tr\/wp-content\/uploads\/2024\/03\/Adsiz-tasarim-7-2048x1365.png 2048w, https:\/\/www.alitateks.com.tr\/wp-content\/uploads\/2024\/03\/Adsiz-tasarim-7-600x400.png 600w\" sizes=\"auto, (max-width: 3375px) 100vw, 3375px\" \/>\t\t\t\t\t\t\t\t\t\t\t<\/div>\n\t\t\t\t\t<\/div>\n\n\t\t<div class=\"box-text text-center\" >\n\t\t\t<div class=\"box-text-inner\">\n\t\t\t\t\n\n<h2 class=\"elementor-icon-box-title\">Tasar\u0131m<\/h2>\n<p class=\"elementor-icon-box-description\"><span style=\"color: #383838;\">Sizden gelen tasar\u0131m veya numune do\u011frultusunda imalat \u00f6rne\u011fi olu\u015fturulur. (Elinizde herhangi bir \u00fcr\u00fcn g\u00f6rseli veya numune olmamas\u0131 durumunda verece\u011finiz bilgiler do\u011frultusunda tasar\u0131m \u00e7al\u0131\u015fmas\u0131 haz\u0131rlan\u0131r.)<\/span><\/p>\n\n\t\t\t<\/div>\n\t\t<\/div>\n\t<\/div>\n\t\n\n\t\t<\/div>\n\t\t\t\t\t<\/div>\n\n\t\n\n<\/div>\n<div class=\"row\"  id=\"row-1722316379\">\n\n\n\t<div id=\"col-1743358266\" class=\"col medium-4 small-12 large-4\"  >\n\t\t\t\t<div class=\"col-inner\"  >\n\t\t\t\n\t\t\t\n\n\t<div class=\"box has-hover   has-hover box-text-bottom\" >\n\n\t\t<div class=\"box-image\" >\n\t\t\t\t\t\t<div class=\"\" >\n\t\t\t\t<img loading=\"lazy\" decoding=\"async\" width=\"4125\" height=\"2750\" src=\"https:\/\/www.alitateks.com.tr\/wp-content\/uploads\/2024\/03\/Adsiz-tasarim-8.png\" class=\"attachment- size-\" alt=\"\" srcset=\"https:\/\/www.alitateks.com.tr\/wp-content\/uploads\/2024\/03\/Adsiz-tasarim-8.png 4125w, https:\/\/www.alitateks.com.tr\/wp-content\/uploads\/2024\/03\/Adsiz-tasarim-8-300x200.png 300w, https:\/\/www.alitateks.com.tr\/wp-content\/uploads\/2024\/03\/Adsiz-tasarim-8-1024x683.png 1024w, https:\/\/www.alitateks.com.tr\/wp-content\/uploads\/2024\/03\/Adsiz-tasarim-8-768x512.png 768w, https:\/\/www.alitateks.com.tr\/wp-content\/uploads\/2024\/03\/Adsiz-tasarim-8-1536x1024.png 1536w, https:\/\/www.alitateks.com.tr\/wp-content\/uploads\/2024\/03\/Adsiz-tasarim-8-2048x1365.png 2048w, https:\/\/www.alitateks.com.tr\/wp-content\/uploads\/2024\/03\/Adsiz-tasarim-8-600x400.png 600w\" sizes=\"auto, (max-width: 4125px) 100vw, 4125px\" \/>\t\t\t\t\t\t\t\t\t\t\t<\/div>\n\t\t\t\t\t<\/div>\n\n\t\t<div class=\"box-text text-center\" >\n\t\t\t<div class=\"box-text-inner\">\n\t\t\t\t\n\n<h2 class=\"elementor-icon-box-title\">Numune<\/h2>\n<p class=\"elementor-icon-box-description\"><span style=\"color: #383838;\">Numune \u00fcretim s\u00fcresi 7-10 g\u00fcn aras\u0131ndad\u0131r. \u00dcr\u00fcn zorlu\u011funa ba\u011fl\u0131 olarak bu s\u00fcre 2 haftaya kadar uzayabilir.<\/span><\/p>\n\n\t\t\t<\/div>\n\t\t<\/div>\n\t<\/div>\n\t\n\n\t\t<\/div>\n\t\t\t\t\t<\/div>\n\n\t\n\n\t<div id=\"col-814624552\" class=\"col medium-4 small-12 large-4\"  >\n\t\t\t\t<div class=\"col-inner\"  >\n\t\t\t\n\t\t\t\n\n\t<div class=\"box has-hover   has-hover box-text-bottom\" >\n\n\t\t<div class=\"box-image\" >\n\t\t\t\t\t\t<div class=\"\" >\n\t\t\t\t<img loading=\"lazy\" decoding=\"async\" width=\"3750\" height=\"2500\" src=\"https:\/\/www.alitateks.com.tr\/wp-content\/uploads\/2024\/03\/Adsiz-tasarim-9.png\" class=\"attachment- size-\" alt=\"\" srcset=\"https:\/\/www.alitateks.com.tr\/wp-content\/uploads\/2024\/03\/Adsiz-tasarim-9.png 3750w, https:\/\/www.alitateks.com.tr\/wp-content\/uploads\/2024\/03\/Adsiz-tasarim-9-300x200.png 300w, https:\/\/www.alitateks.com.tr\/wp-content\/uploads\/2024\/03\/Adsiz-tasarim-9-1024x683.png 1024w, https:\/\/www.alitateks.com.tr\/wp-content\/uploads\/2024\/03\/Adsiz-tasarim-9-768x512.png 768w, https:\/\/www.alitateks.com.tr\/wp-content\/uploads\/2024\/03\/Adsiz-tasarim-9-1536x1024.png 1536w, https:\/\/www.alitateks.com.tr\/wp-content\/uploads\/2024\/03\/Adsiz-tasarim-9-2048x1365.png 2048w, https:\/\/www.alitateks.com.tr\/wp-content\/uploads\/2024\/03\/Adsiz-tasarim-9-600x400.png 600w\" sizes=\"auto, (max-width: 3750px) 100vw, 3750px\" \/>\t\t\t\t\t\t\t\t\t\t\t<\/div>\n\t\t\t\t\t<\/div>\n\n\t\t<div class=\"box-text text-center\" >\n\t\t\t<div class=\"box-text-inner\">\n\t\t\t\t\n\n<h2 class=\"elementor-icon-box-title\">\u0130malat<\/h2>\n<p class=\"elementor-icon-box-description\"><span style=\"color: #383838;\">Kartela \u00fczerindeki stok kuma\u015flar\u0131n tercih edilmesi durumunda imalat s\u00fcremiz 3-4 hafta olup, \u00f6zel \u00fcretim kuma\u015flar i\u00e7in bu s\u00fcre 6-7 haftad\u0131r.\u00a0\u0130htiya\u00e7lar\u0131n\u0131z do\u011frultusunda haz\u0131r kuma\u015flarda h\u0131zl\u0131 \u00fcretim yapma imk\u00e2n\u0131m\u0131z mevcuttur.<\/span><\/p>\n\n\t\t\t<\/div>\n\t\t<\/div>\n\t<\/div>\n\t\n\n\t\t<\/div>\n\t\t\t\t\t<\/div>\n\n\t\n\n\t<div id=\"col-1526455124\" class=\"col medium-4 small-12 large-4\"  >\n\t\t\t\t<div class=\"col-inner\"  >\n\t\t\t\n\t\t\t\n\n\t<div class=\"box has-hover   has-hover box-text-bottom\" >\n\n\t\t<div class=\"box-image\" >\n\t\t\t\t\t\t<div class=\"\" >\n\t\t\t\t<img loading=\"lazy\" decoding=\"async\" width=\"3000\" height=\"2000\" src=\"https:\/\/www.alitateks.com.tr\/wp-content\/uploads\/2024\/03\/Adsiz-tasarim-10.png\" class=\"attachment- size-\" alt=\"\" srcset=\"https:\/\/www.alitateks.com.tr\/wp-content\/uploads\/2024\/03\/Adsiz-tasarim-10.png 3000w, https:\/\/www.alitateks.com.tr\/wp-content\/uploads\/2024\/03\/Adsiz-tasarim-10-300x200.png 300w, https:\/\/www.alitateks.com.tr\/wp-content\/uploads\/2024\/03\/Adsiz-tasarim-10-1024x683.png 1024w, https:\/\/www.alitateks.com.tr\/wp-content\/uploads\/2024\/03\/Adsiz-tasarim-10-768x512.png 768w, https:\/\/www.alitateks.com.tr\/wp-content\/uploads\/2024\/03\/Adsiz-tasarim-10-1536x1024.png 1536w, https:\/\/www.alitateks.com.tr\/wp-content\/uploads\/2024\/03\/Adsiz-tasarim-10-2048x1365.png 2048w, https:\/\/www.alitateks.com.tr\/wp-content\/uploads\/2024\/03\/Adsiz-tasarim-10-600x400.png 600w\" sizes=\"auto, (max-width: 3000px) 100vw, 3000px\" \/>\t\t\t\t\t\t\t\t\t\t\t<\/div>\n\t\t\t\t\t<\/div>\n\n\t\t<div class=\"box-text text-center\" >\n\t\t\t<div class=\"box-text-inner\">\n\t\t\t\t\n\n<h2 class=\"elementor-icon-box-title\">G\u00f6nderim<\/h2>\n<p class=\"elementor-icon-box-description\"><span style=\"color: #383838;\">Hava kargo ile 2-3 g\u00fcn, karayolu ile 7-10 g\u00fcn aras\u0131nda s\u00fcrer.<\/span><\/p>\n\n\t\t\t<\/div>\n\t\t<\/div>\n\t<\/div>\n\t\n\n\t\t<\/div>\n\t\t\t\t\t<\/div>\n\n\t\n\n<\/div>\n\n","protected":false},"excerpt":{"rendered":"","protected":false},"author":1,"featured_media":0,"parent":0,"menu_order":0,"comment_status":"closed","ping_status":"closed","template":"page-blank.php","meta":{"footnotes":""},"class_list":["post-185","page","type-page","status-publish","hentry"],"yoast_head":"<!-- This site is optimized with the Yoast SEO plugin v27.4 - https:\/\/yoast.com\/product\/yoast-seo-wordpress\/ -->\n<title>\u00dcRET\u0130M - AL\u0130TATEKS TEKST\u0130L<\/title>\n<meta name=\"robots\" content=\"index, follow, max-snippet:-1, max-image-preview:large, max-video-preview:-1\" \/>\n<link rel=\"canonical\" href=\"https:\/\/www.alitateks.com.tr\/?page_id=185\" \/>\n<meta property=\"og:locale\" content=\"tr_TR\" \/>\n<meta property=\"og:type\" content=\"article\" \/>\n<meta property=\"og:title\" content=\"\u00dcRET\u0130M - AL\u0130TATEKS TEKST\u0130L\" \/>\n<meta property=\"og:url\" content=\"https:\/\/www.alitateks.com.tr\/?page_id=185\" \/>\n<meta property=\"og:site_name\" content=\"AL\u0130TATEKS TEKST\u0130L\" \/>\n<meta property=\"article:modified_time\" content=\"2024-03-29T20:42:06+00:00\" \/>\n<meta name=\"twitter:card\" content=\"summary_large_image\" \/>\n<meta name=\"twitter:label1\" content=\"Tahmini okuma s\u00fcresi\" \/>\n\t<meta name=\"twitter:data1\" content=\"1 dakika\" \/>\n<script type=\"application\/ld+json\" class=\"yoast-schema-graph\">{\"@context\":\"https:\\\/\\\/schema.org\",\"@graph\":[{\"@type\":\"WebPage\",\"@id\":\"https:\\\/\\\/www.alitateks.com.tr\\\/?page_id=185\",\"url\":\"https:\\\/\\\/www.alitateks.com.tr\\\/?page_id=185\",\"name\":\"\u00dcRET\u0130M - AL\u0130TATEKS TEKST\u0130L\",\"isPartOf\":{\"@id\":\"https:\\\/\\\/www.alitateks.com.tr\\\/#website\"},\"datePublished\":\"2024-03-28T17:18:56+00:00\",\"dateModified\":\"2024-03-29T20:42:06+00:00\",\"breadcrumb\":{\"@id\":\"https:\\\/\\\/www.alitateks.com.tr\\\/?page_id=185#breadcrumb\"},\"inLanguage\":\"tr\",\"potentialAction\":[{\"@type\":\"ReadAction\",\"target\":[\"https:\\\/\\\/www.alitateks.com.tr\\\/?page_id=185\"]}]},{\"@type\":\"BreadcrumbList\",\"@id\":\"https:\\\/\\\/www.alitateks.com.tr\\\/?page_id=185#breadcrumb\",\"itemListElement\":[{\"@type\":\"ListItem\",\"position\":1,\"name\":\"Anasayfa\",\"item\":\"https:\\\/\\\/www.alitateks.com.tr\\\/\"},{\"@type\":\"ListItem\",\"position\":2,\"name\":\"\u00dcRET\u0130M\"}]},{\"@type\":\"WebSite\",\"@id\":\"https:\\\/\\\/www.alitateks.com.tr\\\/#website\",\"url\":\"https:\\\/\\\/www.alitateks.com.tr\\\/\",\"name\":\"AL\u0130TATEKS TEKST\u0130L\",\"description\":\"S\u0130Z HAYAL ED\u0130N B\u0130Z \u00dcRETEL\u0130M\",\"publisher\":{\"@id\":\"https:\\\/\\\/www.alitateks.com.tr\\\/#organization\"},\"potentialAction\":[{\"@type\":\"SearchAction\",\"target\":{\"@type\":\"EntryPoint\",\"urlTemplate\":\"https:\\\/\\\/www.alitateks.com.tr\\\/?s={search_term_string}\"},\"query-input\":{\"@type\":\"PropertyValueSpecification\",\"valueRequired\":true,\"valueName\":\"search_term_string\"}}],\"inLanguage\":\"tr\"},{\"@type\":\"Organization\",\"@id\":\"https:\\\/\\\/www.alitateks.com.tr\\\/#organization\",\"name\":\"AL\u0130TATEKS TEKST\u0130L SANAY\u0130 T\u0130CARET LTD \u015eT\u0130\",\"url\":\"https:\\\/\\\/www.alitateks.com.tr\\\/\",\"logo\":{\"@type\":\"ImageObject\",\"inLanguage\":\"tr\",\"@id\":\"https:\\\/\\\/www.alitateks.com.tr\\\/#\\\/schema\\\/logo\\\/image\\\/\",\"url\":\"https:\\\/\\\/www.alitateks.com.tr\\\/wp-content\\\/uploads\\\/2024\\\/03\\\/ALITATEKS-TEKSTIL-1-seffaf-arka-plan-Photoroom.png\",\"contentUrl\":\"https:\\\/\\\/www.alitateks.com.tr\\\/wp-content\\\/uploads\\\/2024\\\/03\\\/ALITATEKS-TEKSTIL-1-seffaf-arka-plan-Photoroom.png\",\"width\":500,\"height\":500,\"caption\":\"AL\u0130TATEKS TEKST\u0130L SANAY\u0130 T\u0130CARET LTD \u015eT\u0130\"},\"image\":{\"@id\":\"https:\\\/\\\/www.alitateks.com.tr\\\/#\\\/schema\\\/logo\\\/image\\\/\"}}]}<\/script>\n<!-- \/ Yoast SEO plugin. -->","yoast_head_json":{"title":"\u00dcRET\u0130M - AL\u0130TATEKS TEKST\u0130L","robots":{"index":"index","follow":"follow","max-snippet":"max-snippet:-1","max-image-preview":"max-image-preview:large","max-video-preview":"max-video-preview:-1"},"canonical":"https:\/\/www.alitateks.com.tr\/?page_id=185","og_locale":"tr_TR","og_type":"article","og_title":"\u00dcRET\u0130M - AL\u0130TATEKS TEKST\u0130L","og_url":"https:\/\/www.alitateks.com.tr\/?page_id=185","og_site_name":"AL\u0130TATEKS TEKST\u0130L","article_modified_time":"2024-03-29T20:42:06+00:00","twitter_card":"summary_large_image","twitter_misc":{"Tahmini okuma s\u00fcresi":"1 dakika"},"schema":{"@context":"https:\/\/schema.org","@graph":[{"@type":"WebPage","@id":"https:\/\/www.alitateks.com.tr\/?page_id=185","url":"https:\/\/www.alitateks.com.tr\/?page_id=185","name":"\u00dcRET\u0130M - AL\u0130TATEKS TEKST\u0130L","isPartOf":{"@id":"https:\/\/www.alitateks.com.tr\/#website"},"datePublished":"2024-03-28T17:18:56+00:00","dateModified":"2024-03-29T20:42:06+00:00","breadcrumb":{"@id":"https:\/\/www.alitateks.com.tr\/?page_id=185#breadcrumb"},"inLanguage":"tr","potentialAction":[{"@type":"ReadAction","target":["https:\/\/www.alitateks.com.tr\/?page_id=185"]}]},{"@type":"BreadcrumbList","@id":"https:\/\/www.alitateks.com.tr\/?page_id=185#breadcrumb","itemListElement":[{"@type":"ListItem","position":1,"name":"Anasayfa","item":"https:\/\/www.alitateks.com.tr\/"},{"@type":"ListItem","position":2,"name":"\u00dcRET\u0130M"}]},{"@type":"WebSite","@id":"https:\/\/www.alitateks.com.tr\/#website","url":"https:\/\/www.alitateks.com.tr\/","name":"AL\u0130TATEKS TEKST\u0130L","description":"S\u0130Z HAYAL ED\u0130N B\u0130Z \u00dcRETEL\u0130M","publisher":{"@id":"https:\/\/www.alitateks.com.tr\/#organization"},"potentialAction":[{"@type":"SearchAction","target":{"@type":"EntryPoint","urlTemplate":"https:\/\/www.alitateks.com.tr\/?s={search_term_string}"},"query-input":{"@type":"PropertyValueSpecification","valueRequired":true,"valueName":"search_term_string"}}],"inLanguage":"tr"},{"@type":"Organization","@id":"https:\/\/www.alitateks.com.tr\/#organization","name":"AL\u0130TATEKS TEKST\u0130L SANAY\u0130 T\u0130CARET LTD \u015eT\u0130","url":"https:\/\/www.alitateks.com.tr\/","logo":{"@type":"ImageObject","inLanguage":"tr","@id":"https:\/\/www.alitateks.com.tr\/#\/schema\/logo\/image\/","url":"https:\/\/www.alitateks.com.tr\/wp-content\/uploads\/2024\/03\/ALITATEKS-TEKSTIL-1-seffaf-arka-plan-Photoroom.png","contentUrl":"https:\/\/www.alitateks.com.tr\/wp-content\/uploads\/2024\/03\/ALITATEKS-TEKSTIL-1-seffaf-arka-plan-Photoroom.png","width":500,"height":500,"caption":"AL\u0130TATEKS TEKST\u0130L SANAY\u0130 T\u0130CARET LTD \u015eT\u0130"},"image":{"@id":"https:\/\/www.alitateks.com.tr\/#\/schema\/logo\/image\/"}}]}},"_links":{"self":[{"href":"https:\/\/www.alitateks.com.tr\/index.php?rest_route=\/wp\/v2\/pages\/185","targetHints":{"allow":["GET"]}}],"collection":[{"href":"https:\/\/www.alitateks.com.tr\/index.php?rest_route=\/wp\/v2\/pages"}],"about":[{"href":"https:\/\/www.alitateks.com.tr\/index.php?rest_route=\/wp\/v2\/types\/page"}],"author":[{"embeddable":true,"href":"https:\/\/www.alitateks.com.tr\/index.php?rest_route=\/wp\/v2\/users\/1"}],"replies":[{"embeddable":true,"href":"https:\/\/www.alitateks.com.tr\/index.php?rest_route=%2Fwp%2Fv2%2Fcomments&post=185"}],"version-history":[{"count":3,"href":"https:\/\/www.alitateks.com.tr\/index.php?rest_route=\/wp\/v2\/pages\/185\/revisions"}],"predecessor-version":[{"id":302,"href":"https:\/\/www.alitateks.com.tr\/index.php?rest_route=\/wp\/v2\/pages\/185\/revisions\/302"}],"wp:attachment":[{"href":"https:\/\/www.alitateks.com.tr\/index.php?rest_route=%2Fwp%2Fv2%2Fmedia&parent=185"}],"curies":[{"name":"wp","href":"https:\/\/api.w.org\/{rel}","templated":true}]}}