{"id":196,"date":"2024-03-29T11:48:42","date_gmt":"2024-03-29T08:48:42","guid":{"rendered":"https:\/\/www.alitateks.com.tr\/?page_id=196"},"modified":"2024-07-09T19:08:42","modified_gmt":"2024-07-09T16:08:42","slug":"basic-tisort-gunluk-tisortler-rahat-tisortler-erkek-basic-tisort-kadin-basic-tisort-pamuklu-tisort-yuksek-kaliteli-tisortler-minimalist-tisortler-ozellestirilebilir-tisortler-turkiyede-ureti-4","status":"publish","type":"page","link":"https:\/\/www.alitateks.com.tr\/?page_id=196","title":{"rendered":"POLO YAKA T\u0130\u015e\u00d6RT"},"content":{"rendered":"\n\n\t<section class=\"section\" id=\"section_495193537\">\n\t\t<div class=\"section-bg fill\" >\n\t\t\t\t\t\t\t\t\t\n\t\t\t\n\n\t\t<\/div>\n\n\t\t\n\n\t\t<div class=\"section-content relative\">\n\t\t\t\n\n\t<div id=\"gap-148602536\" class=\"gap-element clearfix\" style=\"display:block; height:auto;\">\n\t\t\n<style>\n#gap-148602536 {\n  padding-top: 30px;\n}\n<\/style>\n\t<\/div>\n\t\n\n<div class=\"row align-middle align-center\"  id=\"row-1880120909\">\n\n\n\t<div id=\"col-459635590\" class=\"col medium-12 small-12 large-6\"  >\n\t\t\t\t<div class=\"col-inner\"  >\n\t\t\t\n\t\t\t\n\n<div class=\"row\"  id=\"row-667177930\">\n\n\n\t<div id=\"col-193838349\" class=\"col medium-6 small-12 large-7\"  >\n\t\t\t\t<div class=\"col-inner\"  >\n\t\t\t\n\t\t\t\n\n\n  <div class=\"banner has-hover\" id=\"banner-822131586\">\n          <div class=\"banner-inner fill\">\n        <div class=\"banner-bg fill\" >\n            <img loading=\"lazy\" decoding=\"async\" width=\"1020\" height=\"680\" src=\"https:\/\/www.alitateks.com.tr\/wp-content\/uploads\/2024\/04\/Adsiz-tasarim-17-1-1024x683.png\" class=\"bg attachment-large size-large\" alt=\"\" \/>                                    \n                    <\/div>\n\t\t\n        <div class=\"banner-layers container\">\n            <a class=\"fill\" href=\"https:\/\/www.alitateks.com.tr\/?page_id=114\"><div class=\"fill banner-link\"><\/div><\/a>            \n\n   <div id=\"text-box-760584810\" class=\"text-box banner-layer x50 md-x50 lg-x50 y50 md-y50 lg-y50 res-text\">\n                                <div class=\"text-box-content text dark\">\n              \n              <div class=\"text-inner text-center\">\n                  \n\n\n              <\/div>\n           <\/div>\n                            \n<style>\n#text-box-760584810 {\n  width: 60%;\n}\n#text-box-760584810 .text-box-content {\n  font-size: 100%;\n}\n@media (min-width:550px) {\n  #text-box-760584810 {\n    width: 60%;\n  }\n}\n<\/style>\n    <\/div>\n \n\n        <\/div>\n      <\/div>\n\n            \n<style>\n#banner-822131586 {\n  padding-top: 99.99%;\n  background-color: rgba(0, 0, 0, 0);\n}\n@media (min-width:550px) {\n  #banner-822131586 {\n    padding-top: 150%;\n  }\n}\n@media (min-width:850px) {\n  #banner-822131586 {\n    padding-top: 117%;\n  }\n}\n<\/style>\n  <\/div>\n\n\n\n\t\t<\/div>\n\t\t\t\t\t<\/div>\n\n\t\n\n\t<div id=\"col-984506904\" class=\"col medium-6 small-12 large-5\"  >\n\t\t\t\t<div class=\"col-inner\"  >\n\t\t\t\n\t\t\t\n\n\n  <div class=\"banner has-hover\" id=\"banner-1452851350\">\n          <div class=\"banner-inner fill\">\n        <div class=\"banner-bg fill\" >\n            <img loading=\"lazy\" decoding=\"async\" width=\"1020\" height=\"680\" src=\"https:\/\/www.alitateks.com.tr\/wp-content\/uploads\/2024\/04\/Adsiz-tasarim-20-1-1024x683.png\" class=\"bg attachment-large size-large\" alt=\"\" \/>                                    \n                    <\/div>\n\t\t\n        <div class=\"banner-layers container\">\n            <a class=\"fill\" href=\"https:\/\/www.alitateks.com.tr\/?page_id=114\"><div class=\"fill banner-link\"><\/div><\/a>            \n\n   <div id=\"text-box-2128866682\" class=\"text-box banner-layer x50 md-x50 lg-x50 y50 md-y50 lg-y50 res-text\">\n                                <div class=\"text-box-content text dark\">\n              \n              <div class=\"text-inner text-center\">\n                  \n\n\n              <\/div>\n           <\/div>\n                            \n<style>\n#text-box-2128866682 {\n  width: 60%;\n}\n#text-box-2128866682 .text-box-content {\n  font-size: 100%;\n}\n@media (min-width:550px) {\n  #text-box-2128866682 {\n    width: 60%;\n  }\n}\n<\/style>\n    <\/div>\n \n\n        <\/div>\n      <\/div>\n\n            \n<style>\n#banner-1452851350 {\n  padding-top: 60%;\n  background-color: rgba(0, 0, 0, 0);\n}\n@media (min-width:550px) {\n  #banner-1452851350 {\n    padding-top: 76%;\n  }\n}\n@media (min-width:850px) {\n  #banner-1452851350 {\n    padding-top: 94.96%;\n  }\n}\n<\/style>\n  <\/div>\n\n\n\n\t\t<\/div>\n\t\t\t\t\t<\/div>\n\n\t\n\n<\/div>\n<div class=\"row align-right\"  id=\"row-2101224224\">\n\n\n\t<div id=\"col-1611738460\" class=\"col medium-7 small-12 large-7\"  >\n\t\t\t\t<div class=\"col-inner\"  >\n\t\t\t\n\t\t\t\n\n\n  <div class=\"banner has-hover\" id=\"banner-1856336838\">\n          <div class=\"banner-inner fill\">\n        <div class=\"banner-bg fill\" >\n            <img loading=\"lazy\" decoding=\"async\" width=\"1020\" height=\"680\" src=\"https:\/\/www.alitateks.com.tr\/wp-content\/uploads\/2024\/04\/Adsiz-tasarim-19-1-1024x683.png\" class=\"bg attachment-large size-large\" alt=\"\" \/>                                    \n                    <\/div>\n\t\t\n        <div class=\"banner-layers container\">\n            <a class=\"fill\" href=\"https:\/\/www.alitateks.com.tr\/?page_id=114\"><div class=\"fill banner-link\"><\/div><\/a>            \n\n   <div id=\"text-box-239536536\" class=\"text-box banner-layer x50 md-x50 lg-x50 y50 md-y50 lg-y50 res-text\">\n                                <div class=\"text-box-content text dark\">\n              \n              <div class=\"text-inner text-center\">\n                  \n\n\n              <\/div>\n           <\/div>\n                            \n<style>\n#text-box-239536536 {\n  width: 60%;\n}\n#text-box-239536536 .text-box-content {\n  font-size: 100%;\n}\n@media (min-width:550px) {\n  #text-box-239536536 {\n    width: 60%;\n  }\n}\n<\/style>\n    <\/div>\n \n\n        <\/div>\n      <\/div>\n\n            \n<style>\n#banner-1856336838 {\n  padding-top: 60%;\n  background-color: rgba(0, 0, 0, 0);\n}\n@media (min-width:550px) {\n  #banner-1856336838 {\n    padding-top: 75%;\n  }\n}\n<\/style>\n  <\/div>\n\n\n\n\t\t<\/div>\n\t\t\t\t\n<style>\n#col-1611738460 > .col-inner {\n  margin: 0 0px 0px 0px;\n}\n@media (min-width:550px) {\n  #col-1611738460 > .col-inner {\n    margin: -290px 0px 0px 0px;\n  }\n}\n@media (min-width:850px) {\n  #col-1611738460 > .col-inner {\n    margin: -165px 0px 0px 0px;\n  }\n}\n<\/style>\n\t<\/div>\n\n\t\n\n<\/div>\n\n\t\t<\/div>\n\t\t\t\t\t<\/div>\n\n\t\n\n\t<div id=\"col-1826135477\" class=\"col medium-12 small-12 large-6\"  >\n\t\t\t\t<div class=\"col-inner\"  >\n\t\t\t\n\t\t\t\n\n\t<div id=\"text-2504877640\" class=\"text\">\n\t\t\n\n<h2><strong>Toptan Polo Yaka Ti\u015f\u00f6rt \u0130malat\u0131 ve Sat\u0131\u015f\u0131<\/strong><\/h2>\n\t\t\n<style>\n#text-2504877640 {\n  font-size: 1.3rem;\n}\n<\/style>\n\t<\/div>\n\t\n<p>Asgari 200 adet veya \u00fczeri i\u00e7in polo yaka ti\u015f\u00f6rt imalat\u0131 yap\u0131yoruz. Polo yaka ti\u015f\u00f6rt modelimiz i\u00e7in XS, S, M, L, XL, 2XL, 3XL, 4XL ve 5XL beden se\u00e7enekleri bulunmaktad\u0131r. Hem k\u0131sa kollu hem de uzun kollu se\u00e7eneklerimiz mevcuttur.<\/p>\n<p><strong>\u00dcr\u00fcn \u00d6zellikleri:<\/strong><\/p>\n<ul>\n<li><strong>Beden Se\u00e7enekleri:<\/strong> XS, S, M, L, XL, 2XL, 3XL, 4XL, 5XL (K\u0131sa veya uzun kollu)<\/li>\n<li><strong>Kullan\u0131lan Kuma\u015flar:<\/strong> %100 Pamuk (Cotton) lakoste (pike) penye<\/li>\n<li><strong>Kuma\u015f \u00d6zellikleri:<\/strong>\n<ul>\n<li>30\/1 lakoste penye \u00e7ift toplama m2 210 gr (%100 pamuk)<\/li>\n<li>30\/1 lakoste openend \u00e7ift toplama m2 190 gr (%100 pamuk)<\/li>\n<li>36\/1 lakoste likral\u0131 penye tek toplama 175 gr (%95 pamuk, %5 likra)<\/li>\n<\/ul>\n<\/li>\n<\/ul>\n<p><strong>Sipari\u015f ve Fiyatland\u0131rma:<\/strong><\/p>\n<ul>\n<li>\u00dczerine bask\u0131 veya nak\u0131\u015f i\u015fleme d\u00fc\u015f\u00fcn\u00fcyorsan\u0131z, WhatsApp veya e-posta yoluyla g\u00f6nderece\u011finiz g\u00f6rsellere bakarak fiyatland\u0131rma yap\u0131l\u0131r ve \u00fcretim s\u00fcresi taraf\u0131n\u0131za iletilir.<\/li>\n<li>Bask\u0131l\u0131, nak\u0131\u015fl\u0131 veya i\u015flemsiz halde verece\u011finiz renk ve beden da\u011f\u0131l\u0131m\u0131nda \u00fcr\u00fcnleriniz toptan olarak haz\u0131rlan\u0131r.<\/li>\n<li>Kendi polo yaka ti\u015f\u00f6rt modeliniz varsa, belirli bir miktar stilist \u00fccreti kar\u015f\u0131l\u0131\u011f\u0131nda sizin modeliniz haz\u0131rlanarak \u00fcretim yap\u0131labilir.<\/li>\n<li>Kulland\u0131\u011f\u0131m\u0131z kuma\u015flar EKO-TEX belgelidir ve bask\u0131 sistemimiz emprime bask\u0131d\u0131r. Su bazl\u0131 bask\u0131 boyalar\u0131 kullan\u0131yoruz.<\/li>\n<\/ul>\n<p><strong>Di\u011fer Bilgiler:<\/strong><\/p>\n<ul>\n<li>Erkek ve kad\u0131n polo yaka ti\u015f\u00f6rtlerimiz bulunmaktad\u0131r.<\/li>\n<\/ul>\n<p>Sipari\u015fleriniz ve di\u011fer sorular\u0131n\u0131z i\u00e7in bizimle ileti\u015fime ge\u00e7mekten \u00e7ekinmeyin.<\/p>\n<p>\u00a0<\/p>\n<a href=\"https:\/\/www.alitateks.com.tr\/?page_id=114\" class=\"button secondary\" style=\"border-radius:5px;\">\n\t\t<span>ileti\u015fim<\/span>\n\t<\/a>\n\n\n\n\t\t<\/div>\n\t\t\t\t\n<style>\n#col-1826135477 > .col-inner {\n  padding: 0px 0 0px 0px;\n}\n@media (min-width:550px) {\n  #col-1826135477 > .col-inner {\n    padding: 0px 10% 0px 0px;\n  }\n}\n@media (min-width:850px) {\n  #col-1826135477 > .col-inner {\n    padding: 0px 0px 0px 15%;\n  }\n}\n<\/style>\n\t<\/div>\n\n\t\n\n<\/div>\n\n\t\t<\/div>\n\n\t\t\n<style>\n#section_495193537 {\n  padding-top: 30px;\n  padding-bottom: 30px;\n}\n<\/style>\n\t<\/section>\n\t\n\n","protected":false},"excerpt":{"rendered":"","protected":false},"author":1,"featured_media":0,"parent":0,"menu_order":0,"comment_status":"closed","ping_status":"closed","template":"page-blank.php","meta":{"footnotes":""},"class_list":["post-196","page","type-page","status-publish","hentry"],"yoast_head":"<!-- This site is optimized with the Yoast SEO plugin v27.4 - https:\/\/yoast.com\/product\/yoast-seo-wordpress\/ -->\n<title>POLO YAKA T\u0130\u015e\u00d6RT - AL\u0130TATEKS TEKST\u0130L Basic ti\u015f\u00f6rt, G\u00fcnl\u00fck ti\u015f\u00f6rtler, Rahat ti\u015f\u00f6rtler,<\/title>\n<meta name=\"description\" content=\"Basic ti\u015f\u00f6rt, G\u00fcnl\u00fck ti\u015f\u00f6rtler, Rahat ti\u015f\u00f6rtler, Erkek basic ti\u015f\u00f6rt, Kad\u0131n basic ti\u015f\u00f6rt, Pamuklu ti\u015f\u00f6rt, Y\u00fcksek kaliteli ti\u015f\u00f6rtler, Minimalist ti\u015f\u00f6rtler, \u00d6zelle\u015ftirilebilir ti\u015f\u00f6rtler, T\u00fcrkiye&#039;de \u00fcretilen ti\u015f\u00f6rtler, Uzun \u00f6m\u00fcrl\u00fc ti\u015f\u00f6rtler, Stil sahibi ti\u015f\u00f6rtler, Moda ti\u015f\u00f6rtler, Casual ti\u015f\u00f6rtler, \u00c7evre dostu ti\u015f\u00f6rtler, Basic pamuk ti\u015f\u00f6rt, Gen\u00e7 moda ti\u015f\u00f6rtler, \u0130lkbahar ti\u015f\u00f6rt koleksiyonu, Yaz ti\u015f\u00f6rt koleksiyonu, Her mevsim ti\u015f\u00f6rtler.\" \/>\n<meta name=\"robots\" content=\"index, follow, max-snippet:-1, max-image-preview:large, max-video-preview:-1\" \/>\n<link rel=\"canonical\" href=\"https:\/\/www.alitateks.com.tr\/?page_id=196\" \/>\n<meta property=\"og:locale\" content=\"tr_TR\" \/>\n<meta property=\"og:type\" content=\"article\" \/>\n<meta property=\"og:title\" content=\"POLO YAKA T\u0130\u015e\u00d6RT - AL\u0130TATEKS TEKST\u0130L Basic ti\u015f\u00f6rt, G\u00fcnl\u00fck ti\u015f\u00f6rtler, Rahat ti\u015f\u00f6rtler,\" \/>\n<meta property=\"og:description\" content=\"Basic ti\u015f\u00f6rt, G\u00fcnl\u00fck ti\u015f\u00f6rtler, Rahat ti\u015f\u00f6rtler, Erkek basic ti\u015f\u00f6rt, Kad\u0131n basic ti\u015f\u00f6rt, Pamuklu ti\u015f\u00f6rt, Y\u00fcksek kaliteli ti\u015f\u00f6rtler, Minimalist ti\u015f\u00f6rtler, \u00d6zelle\u015ftirilebilir ti\u015f\u00f6rtler, T\u00fcrkiye&#039;de \u00fcretilen ti\u015f\u00f6rtler, Uzun \u00f6m\u00fcrl\u00fc ti\u015f\u00f6rtler, Stil sahibi ti\u015f\u00f6rtler, Moda ti\u015f\u00f6rtler, Casual ti\u015f\u00f6rtler, \u00c7evre dostu ti\u015f\u00f6rtler, Basic pamuk ti\u015f\u00f6rt, Gen\u00e7 moda ti\u015f\u00f6rtler, \u0130lkbahar ti\u015f\u00f6rt koleksiyonu, Yaz ti\u015f\u00f6rt koleksiyonu, Her mevsim ti\u015f\u00f6rtler.\" \/>\n<meta property=\"og:url\" content=\"https:\/\/www.alitateks.com.tr\/?page_id=196\" \/>\n<meta property=\"og:site_name\" content=\"AL\u0130TATEKS TEKST\u0130L\" \/>\n<meta property=\"article:modified_time\" content=\"2024-07-09T16:08:42+00:00\" \/>\n<meta name=\"twitter:card\" content=\"summary_large_image\" \/>\n<meta name=\"twitter:label1\" content=\"Tahmini okuma s\u00fcresi\" \/>\n\t<meta name=\"twitter:data1\" content=\"2 dakika\" \/>\n<script type=\"application\/ld+json\" class=\"yoast-schema-graph\">{\"@context\":\"https:\\\/\\\/schema.org\",\"@graph\":[{\"@type\":\"WebPage\",\"@id\":\"https:\\\/\\\/www.alitateks.com.tr\\\/?page_id=196\",\"url\":\"https:\\\/\\\/www.alitateks.com.tr\\\/?page_id=196\",\"name\":\"POLO YAKA T\u0130\u015e\u00d6RT - AL\u0130TATEKS TEKST\u0130L Basic ti\u015f\u00f6rt, G\u00fcnl\u00fck ti\u015f\u00f6rtler, Rahat ti\u015f\u00f6rtler,\",\"isPartOf\":{\"@id\":\"https:\\\/\\\/www.alitateks.com.tr\\\/#website\"},\"datePublished\":\"2024-03-29T08:48:42+00:00\",\"dateModified\":\"2024-07-09T16:08:42+00:00\",\"description\":\"Basic ti\u015f\u00f6rt, G\u00fcnl\u00fck ti\u015f\u00f6rtler, Rahat ti\u015f\u00f6rtler, Erkek basic ti\u015f\u00f6rt, Kad\u0131n basic ti\u015f\u00f6rt, Pamuklu ti\u015f\u00f6rt, Y\u00fcksek kaliteli ti\u015f\u00f6rtler, Minimalist ti\u015f\u00f6rtler, \u00d6zelle\u015ftirilebilir ti\u015f\u00f6rtler, T\u00fcrkiye'de \u00fcretilen ti\u015f\u00f6rtler, Uzun \u00f6m\u00fcrl\u00fc ti\u015f\u00f6rtler, Stil sahibi ti\u015f\u00f6rtler, Moda ti\u015f\u00f6rtler, Casual ti\u015f\u00f6rtler, \u00c7evre dostu ti\u015f\u00f6rtler, Basic pamuk ti\u015f\u00f6rt, Gen\u00e7 moda ti\u015f\u00f6rtler, \u0130lkbahar ti\u015f\u00f6rt koleksiyonu, Yaz ti\u015f\u00f6rt koleksiyonu, Her mevsim ti\u015f\u00f6rtler.\",\"breadcrumb\":{\"@id\":\"https:\\\/\\\/www.alitateks.com.tr\\\/?page_id=196#breadcrumb\"},\"inLanguage\":\"tr\",\"potentialAction\":[{\"@type\":\"ReadAction\",\"target\":[\"https:\\\/\\\/www.alitateks.com.tr\\\/?page_id=196\"]}]},{\"@type\":\"BreadcrumbList\",\"@id\":\"https:\\\/\\\/www.alitateks.com.tr\\\/?page_id=196#breadcrumb\",\"itemListElement\":[{\"@type\":\"ListItem\",\"position\":1,\"name\":\"Anasayfa\",\"item\":\"https:\\\/\\\/www.alitateks.com.tr\\\/\"},{\"@type\":\"ListItem\",\"position\":2,\"name\":\"POLO YAKA T\u0130\u015e\u00d6RT\"}]},{\"@type\":\"WebSite\",\"@id\":\"https:\\\/\\\/www.alitateks.com.tr\\\/#website\",\"url\":\"https:\\\/\\\/www.alitateks.com.tr\\\/\",\"name\":\"AL\u0130TATEKS TEKST\u0130L\",\"description\":\"S\u0130Z HAYAL ED\u0130N B\u0130Z \u00dcRETEL\u0130M\",\"publisher\":{\"@id\":\"https:\\\/\\\/www.alitateks.com.tr\\\/#organization\"},\"potentialAction\":[{\"@type\":\"SearchAction\",\"target\":{\"@type\":\"EntryPoint\",\"urlTemplate\":\"https:\\\/\\\/www.alitateks.com.tr\\\/?s={search_term_string}\"},\"query-input\":{\"@type\":\"PropertyValueSpecification\",\"valueRequired\":true,\"valueName\":\"search_term_string\"}}],\"inLanguage\":\"tr\"},{\"@type\":\"Organization\",\"@id\":\"https:\\\/\\\/www.alitateks.com.tr\\\/#organization\",\"name\":\"AL\u0130TATEKS TEKST\u0130L SANAY\u0130 T\u0130CARET LTD \u015eT\u0130\",\"url\":\"https:\\\/\\\/www.alitateks.com.tr\\\/\",\"logo\":{\"@type\":\"ImageObject\",\"inLanguage\":\"tr\",\"@id\":\"https:\\\/\\\/www.alitateks.com.tr\\\/#\\\/schema\\\/logo\\\/image\\\/\",\"url\":\"https:\\\/\\\/www.alitateks.com.tr\\\/wp-content\\\/uploads\\\/2024\\\/03\\\/ALITATEKS-TEKSTIL-1-seffaf-arka-plan-Photoroom.png\",\"contentUrl\":\"https:\\\/\\\/www.alitateks.com.tr\\\/wp-content\\\/uploads\\\/2024\\\/03\\\/ALITATEKS-TEKSTIL-1-seffaf-arka-plan-Photoroom.png\",\"width\":500,\"height\":500,\"caption\":\"AL\u0130TATEKS TEKST\u0130L SANAY\u0130 T\u0130CARET LTD \u015eT\u0130\"},\"image\":{\"@id\":\"https:\\\/\\\/www.alitateks.com.tr\\\/#\\\/schema\\\/logo\\\/image\\\/\"}}]}<\/script>\n<!-- \/ Yoast SEO plugin. -->","yoast_head_json":{"title":"POLO YAKA T\u0130\u015e\u00d6RT - AL\u0130TATEKS TEKST\u0130L Basic ti\u015f\u00f6rt, G\u00fcnl\u00fck ti\u015f\u00f6rtler, Rahat ti\u015f\u00f6rtler,","description":"Basic ti\u015f\u00f6rt, G\u00fcnl\u00fck ti\u015f\u00f6rtler, Rahat ti\u015f\u00f6rtler, Erkek basic ti\u015f\u00f6rt, Kad\u0131n basic ti\u015f\u00f6rt, Pamuklu ti\u015f\u00f6rt, Y\u00fcksek kaliteli ti\u015f\u00f6rtler, Minimalist ti\u015f\u00f6rtler, \u00d6zelle\u015ftirilebilir ti\u015f\u00f6rtler, T\u00fcrkiye'de \u00fcretilen ti\u015f\u00f6rtler, Uzun \u00f6m\u00fcrl\u00fc ti\u015f\u00f6rtler, Stil sahibi ti\u015f\u00f6rtler, Moda ti\u015f\u00f6rtler, Casual ti\u015f\u00f6rtler, \u00c7evre dostu ti\u015f\u00f6rtler, Basic pamuk ti\u015f\u00f6rt, Gen\u00e7 moda ti\u015f\u00f6rtler, \u0130lkbahar ti\u015f\u00f6rt koleksiyonu, Yaz ti\u015f\u00f6rt koleksiyonu, Her mevsim ti\u015f\u00f6rtler.","robots":{"index":"index","follow":"follow","max-snippet":"max-snippet:-1","max-image-preview":"max-image-preview:large","max-video-preview":"max-video-preview:-1"},"canonical":"https:\/\/www.alitateks.com.tr\/?page_id=196","og_locale":"tr_TR","og_type":"article","og_title":"POLO YAKA T\u0130\u015e\u00d6RT - AL\u0130TATEKS TEKST\u0130L Basic ti\u015f\u00f6rt, G\u00fcnl\u00fck ti\u015f\u00f6rtler, Rahat ti\u015f\u00f6rtler,","og_description":"Basic ti\u015f\u00f6rt, G\u00fcnl\u00fck ti\u015f\u00f6rtler, Rahat ti\u015f\u00f6rtler, Erkek basic ti\u015f\u00f6rt, Kad\u0131n basic ti\u015f\u00f6rt, Pamuklu ti\u015f\u00f6rt, Y\u00fcksek kaliteli ti\u015f\u00f6rtler, Minimalist ti\u015f\u00f6rtler, \u00d6zelle\u015ftirilebilir ti\u015f\u00f6rtler, T\u00fcrkiye'de \u00fcretilen ti\u015f\u00f6rtler, Uzun \u00f6m\u00fcrl\u00fc ti\u015f\u00f6rtler, Stil sahibi ti\u015f\u00f6rtler, Moda ti\u015f\u00f6rtler, Casual ti\u015f\u00f6rtler, \u00c7evre dostu ti\u015f\u00f6rtler, Basic pamuk ti\u015f\u00f6rt, Gen\u00e7 moda ti\u015f\u00f6rtler, \u0130lkbahar ti\u015f\u00f6rt koleksiyonu, Yaz ti\u015f\u00f6rt koleksiyonu, Her mevsim ti\u015f\u00f6rtler.","og_url":"https:\/\/www.alitateks.com.tr\/?page_id=196","og_site_name":"AL\u0130TATEKS TEKST\u0130L","article_modified_time":"2024-07-09T16:08:42+00:00","twitter_card":"summary_large_image","twitter_misc":{"Tahmini okuma s\u00fcresi":"2 dakika"},"schema":{"@context":"https:\/\/schema.org","@graph":[{"@type":"WebPage","@id":"https:\/\/www.alitateks.com.tr\/?page_id=196","url":"https:\/\/www.alitateks.com.tr\/?page_id=196","name":"POLO YAKA T\u0130\u015e\u00d6RT - AL\u0130TATEKS TEKST\u0130L Basic ti\u015f\u00f6rt, G\u00fcnl\u00fck ti\u015f\u00f6rtler, Rahat ti\u015f\u00f6rtler,","isPartOf":{"@id":"https:\/\/www.alitateks.com.tr\/#website"},"datePublished":"2024-03-29T08:48:42+00:00","dateModified":"2024-07-09T16:08:42+00:00","description":"Basic ti\u015f\u00f6rt, G\u00fcnl\u00fck ti\u015f\u00f6rtler, Rahat ti\u015f\u00f6rtler, Erkek basic ti\u015f\u00f6rt, Kad\u0131n basic ti\u015f\u00f6rt, Pamuklu ti\u015f\u00f6rt, Y\u00fcksek kaliteli ti\u015f\u00f6rtler, Minimalist ti\u015f\u00f6rtler, \u00d6zelle\u015ftirilebilir ti\u015f\u00f6rtler, T\u00fcrkiye'de \u00fcretilen ti\u015f\u00f6rtler, Uzun \u00f6m\u00fcrl\u00fc ti\u015f\u00f6rtler, Stil sahibi ti\u015f\u00f6rtler, Moda ti\u015f\u00f6rtler, Casual ti\u015f\u00f6rtler, \u00c7evre dostu ti\u015f\u00f6rtler, Basic pamuk ti\u015f\u00f6rt, Gen\u00e7 moda ti\u015f\u00f6rtler, \u0130lkbahar ti\u015f\u00f6rt koleksiyonu, Yaz ti\u015f\u00f6rt koleksiyonu, Her mevsim ti\u015f\u00f6rtler.","breadcrumb":{"@id":"https:\/\/www.alitateks.com.tr\/?page_id=196#breadcrumb"},"inLanguage":"tr","potentialAction":[{"@type":"ReadAction","target":["https:\/\/www.alitateks.com.tr\/?page_id=196"]}]},{"@type":"BreadcrumbList","@id":"https:\/\/www.alitateks.com.tr\/?page_id=196#breadcrumb","itemListElement":[{"@type":"ListItem","position":1,"name":"Anasayfa","item":"https:\/\/www.alitateks.com.tr\/"},{"@type":"ListItem","position":2,"name":"POLO YAKA T\u0130\u015e\u00d6RT"}]},{"@type":"WebSite","@id":"https:\/\/www.alitateks.com.tr\/#website","url":"https:\/\/www.alitateks.com.tr\/","name":"AL\u0130TATEKS TEKST\u0130L","description":"S\u0130Z HAYAL ED\u0130N B\u0130Z \u00dcRETEL\u0130M","publisher":{"@id":"https:\/\/www.alitateks.com.tr\/#organization"},"potentialAction":[{"@type":"SearchAction","target":{"@type":"EntryPoint","urlTemplate":"https:\/\/www.alitateks.com.tr\/?s={search_term_string}"},"query-input":{"@type":"PropertyValueSpecification","valueRequired":true,"valueName":"search_term_string"}}],"inLanguage":"tr"},{"@type":"Organization","@id":"https:\/\/www.alitateks.com.tr\/#organization","name":"AL\u0130TATEKS TEKST\u0130L SANAY\u0130 T\u0130CARET LTD \u015eT\u0130","url":"https:\/\/www.alitateks.com.tr\/","logo":{"@type":"ImageObject","inLanguage":"tr","@id":"https:\/\/www.alitateks.com.tr\/#\/schema\/logo\/image\/","url":"https:\/\/www.alitateks.com.tr\/wp-content\/uploads\/2024\/03\/ALITATEKS-TEKSTIL-1-seffaf-arka-plan-Photoroom.png","contentUrl":"https:\/\/www.alitateks.com.tr\/wp-content\/uploads\/2024\/03\/ALITATEKS-TEKSTIL-1-seffaf-arka-plan-Photoroom.png","width":500,"height":500,"caption":"AL\u0130TATEKS TEKST\u0130L SANAY\u0130 T\u0130CARET LTD \u015eT\u0130"},"image":{"@id":"https:\/\/www.alitateks.com.tr\/#\/schema\/logo\/image\/"}}]}},"_links":{"self":[{"href":"https:\/\/www.alitateks.com.tr\/index.php?rest_route=\/wp\/v2\/pages\/196","targetHints":{"allow":["GET"]}}],"collection":[{"href":"https:\/\/www.alitateks.com.tr\/index.php?rest_route=\/wp\/v2\/pages"}],"about":[{"href":"https:\/\/www.alitateks.com.tr\/index.php?rest_route=\/wp\/v2\/types\/page"}],"author":[{"embeddable":true,"href":"https:\/\/www.alitateks.com.tr\/index.php?rest_route=\/wp\/v2\/users\/1"}],"replies":[{"embeddable":true,"href":"https:\/\/www.alitateks.com.tr\/index.php?rest_route=%2Fwp%2Fv2%2Fcomments&post=196"}],"version-history":[{"count":5,"href":"https:\/\/www.alitateks.com.tr\/index.php?rest_route=\/wp\/v2\/pages\/196\/revisions"}],"predecessor-version":[{"id":401,"href":"https:\/\/www.alitateks.com.tr\/index.php?rest_route=\/wp\/v2\/pages\/196\/revisions\/401"}],"wp:attachment":[{"href":"https:\/\/www.alitateks.com.tr\/index.php?rest_route=%2Fwp%2Fv2%2Fmedia&parent=196"}],"curies":[{"name":"wp","href":"https:\/\/api.w.org\/{rel}","templated":true}]}}