{"id":201,"date":"2024-03-29T11:54:17","date_gmt":"2024-03-29T08:54:17","guid":{"rendered":"https:\/\/www.alitateks.com.tr\/?page_id=201"},"modified":"2024-07-09T19:06:42","modified_gmt":"2024-07-09T16:06:42","slug":"basic-tisort-gunluk-tisortler-rahat-tisortler-erkek-basic-tisort-kadin-basic-tisort-pamuklu-tisort-yuksek-kaliteli-tisortler-minimalist-tisortler-ozellestirilebilir-tisortler-turkiyede-ureti-2","status":"publish","type":"page","link":"https:\/\/www.alitateks.com.tr\/?page_id=201","title":{"rendered":"\u00c7OCUK T\u0130\u015e\u00d6RT"},"content":{"rendered":"\n\n\t<section class=\"section\" id=\"section_1207419665\">\n\t\t<div class=\"section-bg fill\" >\n\t\t\t\t\t\t\t\t\t\n\t\t\t\n\n\t\t<\/div>\n\n\t\t\n\n\t\t<div class=\"section-content relative\">\n\t\t\t\n\n<div class=\"row align-middle align-center\"  id=\"row-1278570547\">\n\n\n\t<div id=\"col-417928163\" class=\"col medium-12 small-12 large-6\"  >\n\t\t\t\t<div class=\"col-inner\"  >\n\t\t\t\n\t\t\t\n\n<div class=\"row align-right\"  id=\"row-1995442142\">\n\n\n\t<div id=\"col-104663854\" class=\"col medium-7 small-12 large-7\"  >\n\t\t\t\t<div class=\"col-inner\"  >\n\t\t\t\n\t\t\t\n\n\n\t\t<\/div>\n\t\t\t\t\n<style>\n#col-104663854 > .col-inner {\n  margin: 0 0px 0px 0px;\n}\n@media (min-width:550px) {\n  #col-104663854 > .col-inner {\n    margin: -290px 0px 0px 0px;\n  }\n}\n@media (min-width:850px) {\n  #col-104663854 > .col-inner {\n    margin: -165px 0px 0px 0px;\n  }\n}\n<\/style>\n\t<\/div>\n\n\t\n\n<\/div>\n\n  <div class=\"banner has-hover\" id=\"banner-385029424\">\n          <div class=\"banner-inner fill\">\n        <div class=\"banner-bg fill\" >\n            <img loading=\"lazy\" decoding=\"async\" width=\"1020\" height=\"680\" src=\"https:\/\/www.alitateks.com.tr\/wp-content\/uploads\/2024\/04\/Adsiz-tasarim-18-1024x683.png\" class=\"bg attachment-large size-large\" alt=\"\" \/>                                    \n                    <\/div>\n\t\t\n        <div class=\"banner-layers container\">\n            <div class=\"fill banner-link\"><\/div>            \n\n   <div id=\"text-box-1003034878\" class=\"text-box banner-layer x50 md-x50 lg-x50 y50 md-y50 lg-y50 res-text\">\n                                <div class=\"text-box-content text dark\">\n              \n              <div class=\"text-inner text-center\">\n                  \n\n\n              <\/div>\n           <\/div>\n                            \n<style>\n#text-box-1003034878 {\n  width: 60%;\n}\n#text-box-1003034878 .text-box-content {\n  font-size: 100%;\n}\n@media (min-width:550px) {\n  #text-box-1003034878 {\n    width: 60%;\n  }\n}\n<\/style>\n    <\/div>\n \n\n        <\/div>\n      <\/div>\n\n            \n<style>\n#banner-385029424 {\n  padding-top: 99.99%;\n  background-color: rgba(0, 0, 0, 0);\n}\n#banner-385029424 .banner-bg img {\n  object-position: 28% 6%;\n}\n@media (min-width:550px) {\n  #banner-385029424 {\n    padding-top: 150%;\n  }\n}\n@media (min-width:850px) {\n  #banner-385029424 {\n    padding-top: 117%;\n  }\n}\n<\/style>\n  <\/div>\n\n\n\n  <div class=\"banner has-hover\" id=\"banner-643904831\">\n          <div class=\"banner-inner fill\">\n        <div class=\"banner-bg fill\" >\n            <img loading=\"lazy\" decoding=\"async\" width=\"1020\" height=\"680\" src=\"https:\/\/www.alitateks.com.tr\/wp-content\/uploads\/2024\/04\/Adsiz-tasarim-17-1024x683.png\" class=\"bg attachment-large size-large\" alt=\"\" \/>                                    \n                    <\/div>\n\t\t\n        <div class=\"banner-layers container\">\n            <div class=\"fill banner-link\"><\/div>            \n\n   <div id=\"text-box-530215232\" class=\"text-box banner-layer x50 md-x50 lg-x50 y50 md-y50 lg-y50 res-text\">\n                                <div class=\"text-box-content text dark\">\n              \n              <div class=\"text-inner text-center\">\n                  \n\n\n              <\/div>\n           <\/div>\n                            \n<style>\n#text-box-530215232 {\n  width: 60%;\n}\n#text-box-530215232 .text-box-content {\n  font-size: 100%;\n}\n@media (min-width:550px) {\n  #text-box-530215232 {\n    width: 60%;\n  }\n}\n<\/style>\n    <\/div>\n \n\n        <\/div>\n      <\/div>\n\n            \n<style>\n#banner-643904831 {\n  padding-top: 60%;\n  background-color: rgba(0, 0, 0, 0);\n}\n#banner-643904831 .banner-bg img {\n  object-position: 93% 27%;\n}\n@media (min-width:550px) {\n  #banner-643904831 {\n    padding-top: 76%;\n  }\n}\n@media (min-width:850px) {\n  #banner-643904831 {\n    padding-top: 87%;\n  }\n}\n<\/style>\n  <\/div>\n\n\n\n  <div class=\"banner has-hover\" id=\"banner-1940409673\">\n          <div class=\"banner-inner fill\">\n        <div class=\"banner-bg fill\" >\n            <img loading=\"lazy\" decoding=\"async\" width=\"1020\" height=\"680\" src=\"https:\/\/www.alitateks.com.tr\/wp-content\/uploads\/2024\/04\/Adsiz-tasarim-16-1024x683.png\" class=\"bg attachment-large size-large\" alt=\"\" \/>                                    \n                    <\/div>\n\t\t\n        <div class=\"banner-layers container\">\n            <div class=\"fill banner-link\"><\/div>            \n\n   <div id=\"text-box-1241235181\" class=\"text-box banner-layer x50 md-x50 lg-x50 y50 md-y50 lg-y50 res-text\">\n                                <div class=\"text-box-content text dark\">\n              \n              <div class=\"text-inner text-center\">\n                  \n\n\n              <\/div>\n           <\/div>\n                            \n<style>\n#text-box-1241235181 {\n  width: 60%;\n}\n#text-box-1241235181 .text-box-content {\n  font-size: 100%;\n}\n@media (min-width:550px) {\n  #text-box-1241235181 {\n    width: 60%;\n  }\n}\n<\/style>\n    <\/div>\n \n\n        <\/div>\n      <\/div>\n\n            \n<style>\n#banner-1940409673 {\n  padding-top: 60%;\n  background-color: rgba(0, 0, 0, 0);\n}\n@media (min-width:550px) {\n  #banner-1940409673 {\n    padding-top: 75%;\n  }\n}\n<\/style>\n  <\/div>\n\n\n\n\t\t<\/div>\n\t\t\t\t\t<\/div>\n\n\t\n\n\t<div id=\"col-935072189\" class=\"col medium-12 small-12 large-6\"  >\n\t\t\t\t<div class=\"col-inner\"  >\n\t\t\t\n\t\t\t\n\n\t<div id=\"text-1914697395\" class=\"text\">\n\t\t\n\n<h2><strong>\u00c7ocuk Ti\u015f\u00f6rtleri<\/strong><\/h2>\n\t\t\n<style>\n#text-1914697395 {\n  font-size: 1.3rem;\n}\n<\/style>\n\t<\/div>\n\t\n\t<div id=\"text-3010112612\" class=\"text\">\n\t\t\n\n<p data-sourcepos=\"3:1-3:55\"><strong>\u00c7ocuk Ti\u015f\u00f6rtleri: Toptan \u00dcretim ve Bask\u0131 Hizmetleri<\/strong><\/p>\n<p data-sourcepos=\"5:1-5:30\"><strong>\u00c7ocuk Ti\u015f\u00f6rtlerinde Uzman:<\/strong><\/p>\n<ul data-sourcepos=\"7:1-13:0\">\n<li data-sourcepos=\"7:1-7:90\"><strong>Toptan imalat:<\/strong>\u00a0Tek renk kuma\u015ftan asgari 200 adet ve \u00fczeri i\u00e7in imalat yapabiliyoruz.<\/li>\n<li data-sourcepos=\"8:1-8:80\"><strong>Geni\u015f beden yelpazesi:<\/strong>\u00a01-14 ya\u015f aras\u0131 t\u00fcm bedenlerde \u00fcretim yapabiliyoruz.<\/li>\n<li data-sourcepos=\"9:1-9:81\"><strong>Bask\u0131 se\u00e7enekleri:<\/strong>\u00a0Bask\u0131l\u0131, nak\u0131\u015fl\u0131 veya i\u015flemsiz ti\u015f\u00f6rtler \u00fcretebiliyoruz.<\/li>\n<li data-sourcepos=\"10:1-10:77\"><strong>Ekolojik kuma\u015flar:<\/strong>\u00a0EKO-TEX belgeli, %100 pamuklu kuma\u015flar kullan\u0131yoruz.<\/li>\n<li data-sourcepos=\"11:1-11:101\"><strong>\u00d6zel tasar\u0131mlar:<\/strong>\u00a0Kendi ti\u015f\u00f6rt modelinizi stilist \u00fccreti kar\u015f\u0131l\u0131\u011f\u0131nda tasarlay\u0131p \u00fcretebiliyoruz.<\/li>\n<li data-sourcepos=\"12:1-13:0\"><strong>Kaliteli bask\u0131:<\/strong>\u00a0Emprime bask\u0131 sistemiyle su bazl\u0131 bask\u0131 boyalar\u0131 kullan\u0131yoruz.<\/li>\n<\/ul>\n<p data-sourcepos=\"14:1-14:24\"><strong>Kullan\u0131lan Kuma\u015flar:<\/strong><\/p>\n<ul data-sourcepos=\"16:1-25:0\">\n<li data-sourcepos=\"16:1-16:44\">%100 Pamuk (Cotton) s\u00fcprem penye &#8211; a\u00e7\u0131k en<\/li>\n<li data-sourcepos=\"17:1-17:48\">36\/1 s\u00fcprem penye m2 140 gr kuma\u015f (\u0130nce Kuma\u015f)<\/li>\n<li data-sourcepos=\"18:1-18:55\">36\/1 s\u00fcprem penye m2 170 gr kuma\u015f %95 pamuk, %5 likra<\/li>\n<li data-sourcepos=\"19:1-19:52\">30\/1 s\u00fcprem openend m2 145 gr kuma\u015f (Normal Kuma\u015f)<\/li>\n<li data-sourcepos=\"20:1-20:50\">30\/1 s\u00fcprem penye m2 150 gr kuma\u015f (Normal Kuma\u015f)<\/li>\n<li data-sourcepos=\"21:1-21:50\">28\/1 s\u00fcprem penye m2 165 gr kuma\u015f (Normal Kuma\u015f)<\/li>\n<li data-sourcepos=\"22:1-22:49\">24\/1 s\u00fcprem penye m2 180 gr kuma\u015f (Kal\u0131n Kuma\u015f)<\/li>\n<li data-sourcepos=\"23:1-23:54\">20\/1 s\u00fcprem penye m2 200 gr kuma\u015f (Daha Kal\u0131n Kuma\u015f)<\/li>\n<li data-sourcepos=\"24:1-25:0\">16\/1 s\u00fcprem penye m2 230 gr kuma\u015f (Daha Kal\u0131n Kuma\u015f)<\/li>\n<\/ul>\n\t\t\n<style>\n#text-3010112612 {\n  font-size: 1.05rem;\n  line-height: 1.7;\n}\n<\/style>\n\t<\/div>\n\t\n<a href=\"https:\/\/www.alitateks.com.tr\/?page_id=114\" class=\"button secondary\" style=\"border-radius:5px;\">\n\t\t<span>ileti\u015fim<\/span>\n\t<\/a>\n\n\n\n\t\t<\/div>\n\t\t\t\t\n<style>\n#col-935072189 > .col-inner {\n  padding: 0px 0 0px 0px;\n}\n@media (min-width:550px) {\n  #col-935072189 > .col-inner {\n    padding: 0px 10% 0px 0px;\n  }\n}\n@media (min-width:850px) {\n  #col-935072189 > .col-inner {\n    padding: 0px 0px 0px 15%;\n  }\n}\n<\/style>\n\t<\/div>\n\n\t\n\n<\/div>\n\n\t\t<\/div>\n\n\t\t\n<style>\n#section_1207419665 {\n  padding-top: 30px;\n  padding-bottom: 30px;\n}\n<\/style>\n\t<\/section>\n\t\n\n","protected":false},"excerpt":{"rendered":"","protected":false},"author":1,"featured_media":0,"parent":0,"menu_order":0,"comment_status":"closed","ping_status":"closed","template":"page-blank.php","meta":{"footnotes":""},"class_list":["post-201","page","type-page","status-publish","hentry"],"yoast_head":"<!-- This site is optimized with the Yoast SEO plugin v27.4 - https:\/\/yoast.com\/product\/yoast-seo-wordpress\/ -->\n<title>\u00c7OCUK T\u0130\u015e\u00d6RT - AL\u0130TATEKS TEKST\u0130L Moda ti\u015f\u00f6rtler, Casual ti\u015f\u00f6rtler, \u00c7evre dostu<\/title>\n<meta name=\"description\" content=\"Basic ti\u015f\u00f6rt, G\u00fcnl\u00fck ti\u015f\u00f6rtler, Rahat ti\u015f\u00f6rtler, Erkek basic ti\u015f\u00f6rt, Kad\u0131n basic ti\u015f\u00f6rt, Pamuklu ti\u015f\u00f6rt, Y\u00fcksek kaliteli ti\u015f\u00f6rtler, Minimalist ti\u015f\u00f6rtler, \u00d6zelle\u015ftirilebilir ti\u015f\u00f6rtler, T\u00fcrkiye&#039;de \u00fcretilen ti\u015f\u00f6rtler, Uzun \u00f6m\u00fcrl\u00fc ti\u015f\u00f6rtler, Stil sahibi ti\u015f\u00f6rtler, Moda ti\u015f\u00f6rtler, Casual ti\u015f\u00f6rtler, \u00c7evre dostu ti\u015f\u00f6rtler, Basic pamuk ti\u015f\u00f6rt, Gen\u00e7 moda ti\u015f\u00f6rtler, \u0130lkbahar ti\u015f\u00f6rt koleksiyonu, Yaz ti\u015f\u00f6rt koleksiyonu, Her mevsim ti\u015f\u00f6rtler.\" \/>\n<meta name=\"robots\" content=\"index, follow, max-snippet:-1, max-image-preview:large, max-video-preview:-1\" \/>\n<link rel=\"canonical\" href=\"https:\/\/www.alitateks.com.tr\/?page_id=201\" \/>\n<meta property=\"og:locale\" content=\"tr_TR\" \/>\n<meta property=\"og:type\" content=\"article\" \/>\n<meta property=\"og:title\" content=\"\u00c7OCUK T\u0130\u015e\u00d6RT - AL\u0130TATEKS TEKST\u0130L Moda ti\u015f\u00f6rtler, Casual ti\u015f\u00f6rtler, \u00c7evre dostu\" \/>\n<meta property=\"og:description\" content=\"Basic ti\u015f\u00f6rt, G\u00fcnl\u00fck ti\u015f\u00f6rtler, Rahat ti\u015f\u00f6rtler, Erkek basic ti\u015f\u00f6rt, Kad\u0131n basic ti\u015f\u00f6rt, Pamuklu ti\u015f\u00f6rt, Y\u00fcksek kaliteli ti\u015f\u00f6rtler, Minimalist ti\u015f\u00f6rtler, \u00d6zelle\u015ftirilebilir ti\u015f\u00f6rtler, T\u00fcrkiye&#039;de \u00fcretilen ti\u015f\u00f6rtler, Uzun \u00f6m\u00fcrl\u00fc ti\u015f\u00f6rtler, Stil sahibi ti\u015f\u00f6rtler, Moda ti\u015f\u00f6rtler, Casual ti\u015f\u00f6rtler, \u00c7evre dostu ti\u015f\u00f6rtler, Basic pamuk ti\u015f\u00f6rt, Gen\u00e7 moda ti\u015f\u00f6rtler, \u0130lkbahar ti\u015f\u00f6rt koleksiyonu, Yaz ti\u015f\u00f6rt koleksiyonu, Her mevsim ti\u015f\u00f6rtler.\" \/>\n<meta property=\"og:url\" content=\"https:\/\/www.alitateks.com.tr\/?page_id=201\" \/>\n<meta property=\"og:site_name\" content=\"AL\u0130TATEKS TEKST\u0130L\" \/>\n<meta property=\"article:modified_time\" content=\"2024-07-09T16:06:42+00:00\" \/>\n<meta name=\"twitter:card\" content=\"summary_large_image\" \/>\n<meta name=\"twitter:label1\" content=\"Tahmini okuma s\u00fcresi\" \/>\n\t<meta name=\"twitter:data1\" content=\"2 dakika\" \/>\n<script type=\"application\/ld+json\" class=\"yoast-schema-graph\">{\"@context\":\"https:\\\/\\\/schema.org\",\"@graph\":[{\"@type\":\"WebPage\",\"@id\":\"https:\\\/\\\/www.alitateks.com.tr\\\/?page_id=201\",\"url\":\"https:\\\/\\\/www.alitateks.com.tr\\\/?page_id=201\",\"name\":\"\u00c7OCUK T\u0130\u015e\u00d6RT - AL\u0130TATEKS TEKST\u0130L Moda ti\u015f\u00f6rtler, Casual ti\u015f\u00f6rtler, \u00c7evre dostu\",\"isPartOf\":{\"@id\":\"https:\\\/\\\/www.alitateks.com.tr\\\/#website\"},\"datePublished\":\"2024-03-29T08:54:17+00:00\",\"dateModified\":\"2024-07-09T16:06:42+00:00\",\"description\":\"Basic ti\u015f\u00f6rt, G\u00fcnl\u00fck ti\u015f\u00f6rtler, Rahat ti\u015f\u00f6rtler, Erkek basic ti\u015f\u00f6rt, Kad\u0131n basic ti\u015f\u00f6rt, Pamuklu ti\u015f\u00f6rt, Y\u00fcksek kaliteli ti\u015f\u00f6rtler, Minimalist ti\u015f\u00f6rtler, \u00d6zelle\u015ftirilebilir ti\u015f\u00f6rtler, T\u00fcrkiye'de \u00fcretilen ti\u015f\u00f6rtler, Uzun \u00f6m\u00fcrl\u00fc ti\u015f\u00f6rtler, Stil sahibi ti\u015f\u00f6rtler, Moda ti\u015f\u00f6rtler, Casual ti\u015f\u00f6rtler, \u00c7evre dostu ti\u015f\u00f6rtler, Basic pamuk ti\u015f\u00f6rt, Gen\u00e7 moda ti\u015f\u00f6rtler, \u0130lkbahar ti\u015f\u00f6rt koleksiyonu, Yaz ti\u015f\u00f6rt koleksiyonu, Her mevsim ti\u015f\u00f6rtler.\",\"breadcrumb\":{\"@id\":\"https:\\\/\\\/www.alitateks.com.tr\\\/?page_id=201#breadcrumb\"},\"inLanguage\":\"tr\",\"potentialAction\":[{\"@type\":\"ReadAction\",\"target\":[\"https:\\\/\\\/www.alitateks.com.tr\\\/?page_id=201\"]}]},{\"@type\":\"BreadcrumbList\",\"@id\":\"https:\\\/\\\/www.alitateks.com.tr\\\/?page_id=201#breadcrumb\",\"itemListElement\":[{\"@type\":\"ListItem\",\"position\":1,\"name\":\"Anasayfa\",\"item\":\"https:\\\/\\\/www.alitateks.com.tr\\\/\"},{\"@type\":\"ListItem\",\"position\":2,\"name\":\"\u00c7OCUK T\u0130\u015e\u00d6RT\"}]},{\"@type\":\"WebSite\",\"@id\":\"https:\\\/\\\/www.alitateks.com.tr\\\/#website\",\"url\":\"https:\\\/\\\/www.alitateks.com.tr\\\/\",\"name\":\"AL\u0130TATEKS TEKST\u0130L\",\"description\":\"S\u0130Z HAYAL ED\u0130N B\u0130Z \u00dcRETEL\u0130M\",\"publisher\":{\"@id\":\"https:\\\/\\\/www.alitateks.com.tr\\\/#organization\"},\"potentialAction\":[{\"@type\":\"SearchAction\",\"target\":{\"@type\":\"EntryPoint\",\"urlTemplate\":\"https:\\\/\\\/www.alitateks.com.tr\\\/?s={search_term_string}\"},\"query-input\":{\"@type\":\"PropertyValueSpecification\",\"valueRequired\":true,\"valueName\":\"search_term_string\"}}],\"inLanguage\":\"tr\"},{\"@type\":\"Organization\",\"@id\":\"https:\\\/\\\/www.alitateks.com.tr\\\/#organization\",\"name\":\"AL\u0130TATEKS TEKST\u0130L SANAY\u0130 T\u0130CARET LTD \u015eT\u0130\",\"url\":\"https:\\\/\\\/www.alitateks.com.tr\\\/\",\"logo\":{\"@type\":\"ImageObject\",\"inLanguage\":\"tr\",\"@id\":\"https:\\\/\\\/www.alitateks.com.tr\\\/#\\\/schema\\\/logo\\\/image\\\/\",\"url\":\"https:\\\/\\\/www.alitateks.com.tr\\\/wp-content\\\/uploads\\\/2024\\\/03\\\/ALITATEKS-TEKSTIL-1-seffaf-arka-plan-Photoroom.png\",\"contentUrl\":\"https:\\\/\\\/www.alitateks.com.tr\\\/wp-content\\\/uploads\\\/2024\\\/03\\\/ALITATEKS-TEKSTIL-1-seffaf-arka-plan-Photoroom.png\",\"width\":500,\"height\":500,\"caption\":\"AL\u0130TATEKS TEKST\u0130L SANAY\u0130 T\u0130CARET LTD \u015eT\u0130\"},\"image\":{\"@id\":\"https:\\\/\\\/www.alitateks.com.tr\\\/#\\\/schema\\\/logo\\\/image\\\/\"}}]}<\/script>\n<!-- \/ Yoast SEO plugin. -->","yoast_head_json":{"title":"\u00c7OCUK T\u0130\u015e\u00d6RT - AL\u0130TATEKS TEKST\u0130L Moda ti\u015f\u00f6rtler, Casual ti\u015f\u00f6rtler, \u00c7evre dostu","description":"Basic ti\u015f\u00f6rt, G\u00fcnl\u00fck ti\u015f\u00f6rtler, Rahat ti\u015f\u00f6rtler, Erkek basic ti\u015f\u00f6rt, Kad\u0131n basic ti\u015f\u00f6rt, Pamuklu ti\u015f\u00f6rt, Y\u00fcksek kaliteli ti\u015f\u00f6rtler, Minimalist ti\u015f\u00f6rtler, \u00d6zelle\u015ftirilebilir ti\u015f\u00f6rtler, T\u00fcrkiye'de \u00fcretilen ti\u015f\u00f6rtler, Uzun \u00f6m\u00fcrl\u00fc ti\u015f\u00f6rtler, Stil sahibi ti\u015f\u00f6rtler, Moda ti\u015f\u00f6rtler, Casual ti\u015f\u00f6rtler, \u00c7evre dostu ti\u015f\u00f6rtler, Basic pamuk ti\u015f\u00f6rt, Gen\u00e7 moda ti\u015f\u00f6rtler, \u0130lkbahar ti\u015f\u00f6rt koleksiyonu, Yaz ti\u015f\u00f6rt koleksiyonu, Her mevsim ti\u015f\u00f6rtler.","robots":{"index":"index","follow":"follow","max-snippet":"max-snippet:-1","max-image-preview":"max-image-preview:large","max-video-preview":"max-video-preview:-1"},"canonical":"https:\/\/www.alitateks.com.tr\/?page_id=201","og_locale":"tr_TR","og_type":"article","og_title":"\u00c7OCUK T\u0130\u015e\u00d6RT - AL\u0130TATEKS TEKST\u0130L Moda ti\u015f\u00f6rtler, Casual ti\u015f\u00f6rtler, \u00c7evre dostu","og_description":"Basic ti\u015f\u00f6rt, G\u00fcnl\u00fck ti\u015f\u00f6rtler, Rahat ti\u015f\u00f6rtler, Erkek basic ti\u015f\u00f6rt, Kad\u0131n basic ti\u015f\u00f6rt, Pamuklu ti\u015f\u00f6rt, Y\u00fcksek kaliteli ti\u015f\u00f6rtler, Minimalist ti\u015f\u00f6rtler, \u00d6zelle\u015ftirilebilir ti\u015f\u00f6rtler, T\u00fcrkiye'de \u00fcretilen ti\u015f\u00f6rtler, Uzun \u00f6m\u00fcrl\u00fc ti\u015f\u00f6rtler, Stil sahibi ti\u015f\u00f6rtler, Moda ti\u015f\u00f6rtler, Casual ti\u015f\u00f6rtler, \u00c7evre dostu ti\u015f\u00f6rtler, Basic pamuk ti\u015f\u00f6rt, Gen\u00e7 moda ti\u015f\u00f6rtler, \u0130lkbahar ti\u015f\u00f6rt koleksiyonu, Yaz ti\u015f\u00f6rt koleksiyonu, Her mevsim ti\u015f\u00f6rtler.","og_url":"https:\/\/www.alitateks.com.tr\/?page_id=201","og_site_name":"AL\u0130TATEKS TEKST\u0130L","article_modified_time":"2024-07-09T16:06:42+00:00","twitter_card":"summary_large_image","twitter_misc":{"Tahmini okuma s\u00fcresi":"2 dakika"},"schema":{"@context":"https:\/\/schema.org","@graph":[{"@type":"WebPage","@id":"https:\/\/www.alitateks.com.tr\/?page_id=201","url":"https:\/\/www.alitateks.com.tr\/?page_id=201","name":"\u00c7OCUK T\u0130\u015e\u00d6RT - AL\u0130TATEKS TEKST\u0130L Moda ti\u015f\u00f6rtler, Casual ti\u015f\u00f6rtler, \u00c7evre dostu","isPartOf":{"@id":"https:\/\/www.alitateks.com.tr\/#website"},"datePublished":"2024-03-29T08:54:17+00:00","dateModified":"2024-07-09T16:06:42+00:00","description":"Basic ti\u015f\u00f6rt, G\u00fcnl\u00fck ti\u015f\u00f6rtler, Rahat ti\u015f\u00f6rtler, Erkek basic ti\u015f\u00f6rt, Kad\u0131n basic ti\u015f\u00f6rt, Pamuklu ti\u015f\u00f6rt, Y\u00fcksek kaliteli ti\u015f\u00f6rtler, Minimalist ti\u015f\u00f6rtler, \u00d6zelle\u015ftirilebilir ti\u015f\u00f6rtler, T\u00fcrkiye'de \u00fcretilen ti\u015f\u00f6rtler, Uzun \u00f6m\u00fcrl\u00fc ti\u015f\u00f6rtler, Stil sahibi ti\u015f\u00f6rtler, Moda ti\u015f\u00f6rtler, Casual ti\u015f\u00f6rtler, \u00c7evre dostu ti\u015f\u00f6rtler, Basic pamuk ti\u015f\u00f6rt, Gen\u00e7 moda ti\u015f\u00f6rtler, \u0130lkbahar ti\u015f\u00f6rt koleksiyonu, Yaz ti\u015f\u00f6rt koleksiyonu, Her mevsim ti\u015f\u00f6rtler.","breadcrumb":{"@id":"https:\/\/www.alitateks.com.tr\/?page_id=201#breadcrumb"},"inLanguage":"tr","potentialAction":[{"@type":"ReadAction","target":["https:\/\/www.alitateks.com.tr\/?page_id=201"]}]},{"@type":"BreadcrumbList","@id":"https:\/\/www.alitateks.com.tr\/?page_id=201#breadcrumb","itemListElement":[{"@type":"ListItem","position":1,"name":"Anasayfa","item":"https:\/\/www.alitateks.com.tr\/"},{"@type":"ListItem","position":2,"name":"\u00c7OCUK T\u0130\u015e\u00d6RT"}]},{"@type":"WebSite","@id":"https:\/\/www.alitateks.com.tr\/#website","url":"https:\/\/www.alitateks.com.tr\/","name":"AL\u0130TATEKS TEKST\u0130L","description":"S\u0130Z HAYAL ED\u0130N B\u0130Z \u00dcRETEL\u0130M","publisher":{"@id":"https:\/\/www.alitateks.com.tr\/#organization"},"potentialAction":[{"@type":"SearchAction","target":{"@type":"EntryPoint","urlTemplate":"https:\/\/www.alitateks.com.tr\/?s={search_term_string}"},"query-input":{"@type":"PropertyValueSpecification","valueRequired":true,"valueName":"search_term_string"}}],"inLanguage":"tr"},{"@type":"Organization","@id":"https:\/\/www.alitateks.com.tr\/#organization","name":"AL\u0130TATEKS TEKST\u0130L SANAY\u0130 T\u0130CARET LTD \u015eT\u0130","url":"https:\/\/www.alitateks.com.tr\/","logo":{"@type":"ImageObject","inLanguage":"tr","@id":"https:\/\/www.alitateks.com.tr\/#\/schema\/logo\/image\/","url":"https:\/\/www.alitateks.com.tr\/wp-content\/uploads\/2024\/03\/ALITATEKS-TEKSTIL-1-seffaf-arka-plan-Photoroom.png","contentUrl":"https:\/\/www.alitateks.com.tr\/wp-content\/uploads\/2024\/03\/ALITATEKS-TEKSTIL-1-seffaf-arka-plan-Photoroom.png","width":500,"height":500,"caption":"AL\u0130TATEKS TEKST\u0130L SANAY\u0130 T\u0130CARET LTD \u015eT\u0130"},"image":{"@id":"https:\/\/www.alitateks.com.tr\/#\/schema\/logo\/image\/"}}]}},"_links":{"self":[{"href":"https:\/\/www.alitateks.com.tr\/index.php?rest_route=\/wp\/v2\/pages\/201","targetHints":{"allow":["GET"]}}],"collection":[{"href":"https:\/\/www.alitateks.com.tr\/index.php?rest_route=\/wp\/v2\/pages"}],"about":[{"href":"https:\/\/www.alitateks.com.tr\/index.php?rest_route=\/wp\/v2\/types\/page"}],"author":[{"embeddable":true,"href":"https:\/\/www.alitateks.com.tr\/index.php?rest_route=\/wp\/v2\/users\/1"}],"replies":[{"embeddable":true,"href":"https:\/\/www.alitateks.com.tr\/index.php?rest_route=%2Fwp%2Fv2%2Fcomments&post=201"}],"version-history":[{"count":5,"href":"https:\/\/www.alitateks.com.tr\/index.php?rest_route=\/wp\/v2\/pages\/201\/revisions"}],"predecessor-version":[{"id":399,"href":"https:\/\/www.alitateks.com.tr\/index.php?rest_route=\/wp\/v2\/pages\/201\/revisions\/399"}],"wp:attachment":[{"href":"https:\/\/www.alitateks.com.tr\/index.php?rest_route=%2Fwp%2Fv2%2Fmedia&parent=201"}],"curies":[{"name":"wp","href":"https:\/\/api.w.org\/{rel}","templated":true}]}}