{"id":226,"date":"2024-03-29T12:40:54","date_gmt":"2024-03-29T09:40:54","guid":{"rendered":"https:\/\/www.alitateks.com.tr\/?page_id=226"},"modified":"2024-04-08T16:45:54","modified_gmt":"2024-04-08T13:45:54","slug":"canta","status":"publish","type":"page","link":"https:\/\/www.alitateks.com.tr\/?page_id=226","title":{"rendered":"\u00c7ANTA"},"content":{"rendered":"\n\n\t<section class=\"section\" id=\"section_967720308\">\n\t\t<div class=\"section-bg fill\" >\n\t\t\t\t\t\t\t\t\t\n\t\t\t\n\n\t\t<\/div>\n\n\t\t\n\n\t\t<div class=\"section-content relative\">\n\t\t\t\n\n\t<div id=\"gap-1884882757\" class=\"gap-element clearfix\" style=\"display:block; height:auto;\">\n\t\t\n<style>\n#gap-1884882757 {\n  padding-top: 30px;\n}\n<\/style>\n\t<\/div>\n\t\n\n<div class=\"row align-middle align-center\"  id=\"row-429878548\">\n\n\n\t<div id=\"col-949857041\" class=\"col medium-12 small-12 large-6\"  >\n\t\t\t\t<div class=\"col-inner\"  >\n\t\t\t\n\t\t\t\n\n<div class=\"row\"  id=\"row-84205501\">\n\n\n\t<div id=\"col-1923819514\" class=\"col medium-6 small-12 large-7\"  >\n\t\t\t\t<div class=\"col-inner\"  >\n\t\t\t\n\t\t\t\n\n\n  <div class=\"banner has-hover\" id=\"banner-1724503195\">\n          <div class=\"banner-inner fill\">\n        <div class=\"banner-bg fill\" >\n            <img loading=\"lazy\" decoding=\"async\" width=\"683\" height=\"1024\" src=\"https:\/\/www.alitateks.com.tr\/wp-content\/uploads\/2024\/04\/Adsiz-tasarim-40-683x1024.png\" class=\"bg attachment-large size-large\" alt=\"\" \/>                                    \n                    <\/div>\n\t\t\n        <div class=\"banner-layers container\">\n            <div class=\"fill banner-link\"><\/div>            \n\n   <div id=\"text-box-1467730446\" class=\"text-box banner-layer x50 md-x50 lg-x50 y50 md-y50 lg-y50 res-text\">\n                                <div class=\"text-box-content text dark\">\n              \n              <div class=\"text-inner text-center\">\n                  \n\n\n              <\/div>\n           <\/div>\n                            \n<style>\n#text-box-1467730446 {\n  width: 60%;\n}\n#text-box-1467730446 .text-box-content {\n  font-size: 100%;\n}\n@media (min-width:550px) {\n  #text-box-1467730446 {\n    width: 60%;\n  }\n}\n<\/style>\n    <\/div>\n \n\n        <\/div>\n      <\/div>\n\n            \n<style>\n#banner-1724503195 {\n  padding-top: 99.99%;\n  background-color: rgba(0, 0, 0, 0);\n}\n@media (min-width:550px) {\n  #banner-1724503195 {\n    padding-top: 150%;\n  }\n}\n@media (min-width:850px) {\n  #banner-1724503195 {\n    padding-top: 117%;\n  }\n}\n<\/style>\n  <\/div>\n\n\n\n\t\t<\/div>\n\t\t\t\t\t<\/div>\n\n\t\n\n\t<div id=\"col-453826408\" class=\"col medium-6 small-12 large-5\"  >\n\t\t\t\t<div class=\"col-inner\"  >\n\t\t\t\n\t\t\t\n\n\n  <div class=\"banner has-hover\" id=\"banner-1273179868\">\n          <div class=\"banner-inner fill\">\n        <div class=\"banner-bg fill\" >\n            <img loading=\"lazy\" decoding=\"async\" width=\"1020\" height=\"680\" src=\"https:\/\/www.alitateks.com.tr\/wp-content\/uploads\/2024\/04\/ALITATEKS-TEKSTIL-2-1024x683.png\" class=\"bg attachment-large size-large\" alt=\"\" \/>                                    \n                    <\/div>\n\t\t\n        <div class=\"banner-layers container\">\n            <div class=\"fill banner-link\"><\/div>            \n\n   <div id=\"text-box-608967157\" class=\"text-box banner-layer x50 md-x50 lg-x50 y50 md-y50 lg-y50 res-text\">\n                                <div class=\"text-box-content text dark\">\n              \n              <div class=\"text-inner text-center\">\n                  \n\n\n              <\/div>\n           <\/div>\n                            \n<style>\n#text-box-608967157 {\n  width: 60%;\n}\n#text-box-608967157 .text-box-content {\n  font-size: 100%;\n}\n@media (min-width:550px) {\n  #text-box-608967157 {\n    width: 60%;\n  }\n}\n<\/style>\n    <\/div>\n \n\n        <\/div>\n      <\/div>\n\n            \n<style>\n#banner-1273179868 {\n  padding-top: 60%;\n  background-color: rgba(0, 0, 0, 0);\n}\n@media (min-width:550px) {\n  #banner-1273179868 {\n    padding-top: 76%;\n  }\n}\n@media (min-width:850px) {\n  #banner-1273179868 {\n    padding-top: 87%;\n  }\n}\n<\/style>\n  <\/div>\n\n\n\n\t\t<\/div>\n\t\t\t\t\t<\/div>\n\n\t\n\n<\/div>\n<div class=\"row align-right\"  id=\"row-592582780\">\n\n\n\t<div id=\"col-1241461419\" class=\"col medium-7 small-12 large-7\"  >\n\t\t\t\t<div class=\"col-inner\"  >\n\t\t\t\n\t\t\t\n\n\n  <div class=\"banner has-hover\" id=\"banner-1943547162\">\n          <div class=\"banner-inner fill\">\n        <div class=\"banner-bg fill\" >\n            <img loading=\"lazy\" decoding=\"async\" width=\"1020\" height=\"680\" src=\"https:\/\/www.alitateks.com.tr\/wp-content\/uploads\/2024\/04\/ALITATEKS-TEKSTIL-3-1024x683.png\" class=\"bg attachment-large size-large\" alt=\"\" \/>                                    \n                    <\/div>\n\t\t\n        <div class=\"banner-layers container\">\n            <div class=\"fill banner-link\"><\/div>            \n\n   <div id=\"text-box-1349439848\" class=\"text-box banner-layer x50 md-x50 lg-x50 y50 md-y50 lg-y50 res-text\">\n                                <div class=\"text-box-content text dark\">\n              \n              <div class=\"text-inner text-center\">\n                  \n\n\n              <\/div>\n           <\/div>\n                            \n<style>\n#text-box-1349439848 {\n  width: 60%;\n}\n#text-box-1349439848 .text-box-content {\n  font-size: 100%;\n}\n@media (min-width:550px) {\n  #text-box-1349439848 {\n    width: 60%;\n  }\n}\n<\/style>\n    <\/div>\n \n\n        <\/div>\n      <\/div>\n\n            \n<style>\n#banner-1943547162 {\n  padding-top: 60%;\n  background-color: rgba(0, 0, 0, 0);\n}\n@media (min-width:550px) {\n  #banner-1943547162 {\n    padding-top: 75%;\n  }\n}\n<\/style>\n  <\/div>\n\n\n\n\t\t<\/div>\n\t\t\t\t\n<style>\n#col-1241461419 > .col-inner {\n  margin: 0 0px 0px 0px;\n}\n@media (min-width:550px) {\n  #col-1241461419 > .col-inner {\n    margin: -290px 0px 0px 0px;\n  }\n}\n@media (min-width:850px) {\n  #col-1241461419 > .col-inner {\n    margin: -165px 0px 0px 0px;\n  }\n}\n<\/style>\n\t<\/div>\n\n\t\n\n<\/div>\n\n\t\t<\/div>\n\t\t\t\t\t<\/div>\n\n\t\n\n\t<div id=\"col-128787408\" class=\"col medium-12 small-12 large-6\"  >\n\t\t\t\t<div class=\"col-inner\"  >\n\t\t\t\n\t\t\t\n\n\t<div id=\"text-2011956496\" class=\"text\">\n\t\t\n\n<h2><strong>Ham Bez \u00c7anta Do\u011faya Dost ve Ekonomik \u00c7\u00f6z\u00fcm<\/strong><\/h2>\n\t\t\n<style>\n#text-2011956496 {\n  font-size: 1.3rem;\n}\n<\/style>\n\t<\/div>\n\t\n<p data-sourcepos=\"3:1-3:57\">\u00a0<\/p>\n<p data-sourcepos=\"5:1-5:21\"><strong>\u00dcr\u00fcn \u00d6zellikleri:<\/strong><\/p>\n<ul data-sourcepos=\"7:1-14:0\">\n<li data-sourcepos=\"7:1-7:21\"><strong>Boyut: istenilen boyutlarda\u00a0<\/strong><\/li>\n<li data-sourcepos=\"8:1-8:36\"><strong>Malzeme:<\/strong>\u00a0%100 Pamuk &#8211; Ham Renk<\/li>\n<li data-sourcepos=\"9:1-9:24\"><strong>Kuma\u015f Gram\u0131:<\/strong>\u00a0140gr<\/li>\n<li data-sourcepos=\"10:1-10:26\"><strong>Kulp Uzunlu\u011fu:<\/strong>\u00a070 cm<\/li>\n<li data-sourcepos=\"11:1-11:15\"><strong>Renk:<\/strong>\u00a0Ham<\/li>\n<li data-sourcepos=\"12:1-12:43\"><strong>Bask\u0131 Se\u00e7ene\u011fi:<\/strong>\u00a0Bask\u0131l\u0131 veya Bask\u0131s\u0131z<\/li>\n<li data-sourcepos=\"13:1-14:0\"><strong>Minimum Sipari\u015f Miktar\u0131:<\/strong>\u00a0500 Adet<\/li>\n<\/ul>\n<p data-sourcepos=\"15:1-15:21\"><strong>\u00dcr\u00fcn Avantajlar\u0131:<\/strong><\/p>\n<ul data-sourcepos=\"17:1-22:0\">\n<li data-sourcepos=\"17:1-17:65\"><strong>Do\u011fal ve \u00c7evre Dostu:<\/strong>\u00a0%100 pamuk ham maddeden \u00fcretilmi\u015ftir.<\/li>\n<li data-sourcepos=\"18:1-18:44\"><strong>Dayan\u0131kl\u0131:<\/strong>\u00a0Uzun \u00f6m\u00fcrl\u00fc ve y\u0131kanabilir.<\/li>\n<li data-sourcepos=\"19:1-19:91\"><strong>\u00c7ok Y\u00f6nl\u00fc:<\/strong>\u00a0Al\u0131\u015fveri\u015f, promosyon, hediyelik e\u015fya gibi bir\u00e7ok ama\u00e7 i\u00e7in kullan\u0131labilir.<\/li>\n<li data-sourcepos=\"20:1-20:50\"><strong>Ekonomik:<\/strong>\u00a0Toptan al\u0131mlarda uygun fiyatl\u0131d\u0131r.<\/li>\n<li data-sourcepos=\"21:1-22:0\"><strong>Ki\u015fiselle\u015ftirilebilir:<\/strong>\u00a0\u00dczerine logo, slogan veya tasar\u0131m bas\u0131labilir.<\/li>\n<\/ul>\n<p data-sourcepos=\"23:1-23:27\"><strong>\u00dcr\u00fcn Kullan\u0131m Alanlar\u0131:<\/strong><\/p>\n<ul data-sourcepos=\"25:1-30:0\">\n<li data-sourcepos=\"25:1-25:59\"><strong>Al\u0131\u015fveri\u015f:<\/strong>\u00a0Al\u0131\u015fveri\u015f po\u015fetleri yerine kullan\u0131labilir.<\/li>\n<li data-sourcepos=\"26:1-26:91\"><strong>Promosyon:<\/strong>\u00a0Marka logosu veya slogan\u0131 bas\u0131larak promosyon \u00fcr\u00fcn\u00fc olarak kullan\u0131labilir.<\/li>\n<li data-sourcepos=\"27:1-27:81\"><strong>Hediyelik E\u015fya:<\/strong>\u00a0Ki\u015fiye \u00f6zel tasar\u0131ml\u0131 hediyelik e\u015fya olarak kullan\u0131labilir.<\/li>\n<li data-sourcepos=\"28:1-28:68\"><strong>Etkinlikler:<\/strong>\u00a0Fuar, festival gibi etkinliklerde kullan\u0131labilir.<\/li>\n<li data-sourcepos=\"29:1-30:0\"><strong>Sanatsal \u00c7al\u0131\u015fmalar:<\/strong>\u00a0Kuma\u015f boyama gibi sanatsal \u00e7al\u0131\u015fmalarda kullan\u0131labilir.<\/li>\n<\/ul>\n<p data-sourcepos=\"31:1-31:19\"><strong>Sipari\u015f S\u00fcreci:<\/strong><\/p>\n<ul data-sourcepos=\"33:1-37:0\">\n<li data-sourcepos=\"33:1-33:46\">Web sitesi \u00fczerinden sipari\u015f verebilirsiniz.<\/li>\n<li data-sourcepos=\"34:1-34:59\">Kredi kart\u0131 veya banka havalesi ile \u00f6deme yapabilirsiniz.<\/li>\n<li data-sourcepos=\"35:1-35:60\">Sipari\u015fleriniz 2 i\u015f g\u00fcn\u00fc i\u00e7erisinde kargoya teslim edilir.<\/li>\n<li data-sourcepos=\"36:1-37:0\">\u00d6zel boyut ve\/veya 3000 adet \u00fcst\u00fc sipari\u015fleriniz i\u00e7in l\u00fctfen bizimle ileti\u015fime ge\u00e7iniz.<\/li>\n<\/ul>\n<p data-sourcepos=\"38:1-38:31\"><strong>Dikkat Edilmesi Gerekenler:<\/strong><\/p>\n<ul data-sourcepos=\"40:1-42:0\">\n<li data-sourcepos=\"40:1-40:77\">\u00dcr\u00fcnler el dikimi oldu\u011fundan \u00f6l\u00e7\u00fclerinde k\u00fc\u00e7\u00fck farkl\u0131l\u0131klar olabilmektedir.<\/li>\n<li data-sourcepos=\"41:1-42:0\">Y\u0131kamaya uygun de\u011fildir. Temizleme i\u015flemini \u0131slak bez ile silerek yapabilirsiniz.<\/li>\n<\/ul>\n<p data-sourcepos=\"43:1-43:44\"><strong>Ham Bez \u00c7anta Hakk\u0131nda Daha Fazla Bilgi:<\/strong><\/p>\n<ul data-sourcepos=\"45:1-47:0\">\n<li data-sourcepos=\"45:1-45:85\">Ham bez \u00e7antalar hakk\u0131nda daha fazla bilgi i\u00e7in web sitemizi ziyaret edebilirsiniz.<\/li>\n<li data-sourcepos=\"46:1-47:0\">M\u00fc\u015fteri hizmetlerimiz her t\u00fcrl\u00fc sorunuzu yan\u0131tlamaktan memnuniyet duyar.<\/li>\n<\/ul>\n<a href=\"https:\/\/www.alitateks.com.tr\/?page_id=114\" class=\"button secondary\" style=\"border-radius:5px;\">\n\t\t<span>\u0130LET\u0130\u015e\u0130M<\/span>\n\t<\/a>\n\n\n\n\t\t<\/div>\n\t\t\t\t\n<style>\n#col-128787408 > .col-inner {\n  padding: 0px 0 0px 0px;\n}\n@media (min-width:550px) {\n  #col-128787408 > .col-inner {\n    padding: 0px 10% 0px 0px;\n  }\n}\n@media (min-width:850px) {\n  #col-128787408 > .col-inner {\n    padding: 0px 0px 0px 15%;\n  }\n}\n<\/style>\n\t<\/div>\n\n\t\n\n<\/div>\n\n\t\t<\/div>\n\n\t\t\n<style>\n#section_967720308 {\n  padding-top: 30px;\n  padding-bottom: 30px;\n}\n<\/style>\n\t<\/section>\n\t\n\n","protected":false},"excerpt":{"rendered":"","protected":false},"author":1,"featured_media":0,"parent":0,"menu_order":0,"comment_status":"closed","ping_status":"closed","template":"page-blank.php","meta":{"footnotes":""},"class_list":["post-226","page","type-page","status-publish","hentry"],"yoast_head":"<!-- This site is optimized with the Yoast SEO plugin v27.4 - https:\/\/yoast.com\/product\/yoast-seo-wordpress\/ -->\n<title>\u00c7ANTA - AL\u0130TATEKS TEKST\u0130L<\/title>\n<meta name=\"robots\" content=\"index, follow, max-snippet:-1, max-image-preview:large, max-video-preview:-1\" \/>\n<link rel=\"canonical\" href=\"https:\/\/www.alitateks.com.tr\/?page_id=226\" \/>\n<meta property=\"og:locale\" content=\"tr_TR\" \/>\n<meta property=\"og:type\" content=\"article\" \/>\n<meta property=\"og:title\" content=\"\u00c7ANTA - AL\u0130TATEKS TEKST\u0130L\" \/>\n<meta property=\"og:url\" content=\"https:\/\/www.alitateks.com.tr\/?page_id=226\" \/>\n<meta property=\"og:site_name\" content=\"AL\u0130TATEKS TEKST\u0130L\" \/>\n<meta property=\"article:modified_time\" content=\"2024-04-08T13:45:54+00:00\" \/>\n<meta name=\"twitter:card\" content=\"summary_large_image\" \/>\n<meta name=\"twitter:label1\" content=\"Tahmini okuma s\u00fcresi\" \/>\n\t<meta name=\"twitter:data1\" content=\"2 dakika\" \/>\n<script type=\"application\/ld+json\" class=\"yoast-schema-graph\">{\"@context\":\"https:\\\/\\\/schema.org\",\"@graph\":[{\"@type\":\"WebPage\",\"@id\":\"https:\\\/\\\/www.alitateks.com.tr\\\/?page_id=226\",\"url\":\"https:\\\/\\\/www.alitateks.com.tr\\\/?page_id=226\",\"name\":\"\u00c7ANTA - AL\u0130TATEKS TEKST\u0130L\",\"isPartOf\":{\"@id\":\"https:\\\/\\\/www.alitateks.com.tr\\\/#website\"},\"datePublished\":\"2024-03-29T09:40:54+00:00\",\"dateModified\":\"2024-04-08T13:45:54+00:00\",\"breadcrumb\":{\"@id\":\"https:\\\/\\\/www.alitateks.com.tr\\\/?page_id=226#breadcrumb\"},\"inLanguage\":\"tr\",\"potentialAction\":[{\"@type\":\"ReadAction\",\"target\":[\"https:\\\/\\\/www.alitateks.com.tr\\\/?page_id=226\"]}]},{\"@type\":\"BreadcrumbList\",\"@id\":\"https:\\\/\\\/www.alitateks.com.tr\\\/?page_id=226#breadcrumb\",\"itemListElement\":[{\"@type\":\"ListItem\",\"position\":1,\"name\":\"Anasayfa\",\"item\":\"https:\\\/\\\/www.alitateks.com.tr\\\/\"},{\"@type\":\"ListItem\",\"position\":2,\"name\":\"\u00c7ANTA\"}]},{\"@type\":\"WebSite\",\"@id\":\"https:\\\/\\\/www.alitateks.com.tr\\\/#website\",\"url\":\"https:\\\/\\\/www.alitateks.com.tr\\\/\",\"name\":\"AL\u0130TATEKS TEKST\u0130L\",\"description\":\"S\u0130Z HAYAL ED\u0130N B\u0130Z \u00dcRETEL\u0130M\",\"publisher\":{\"@id\":\"https:\\\/\\\/www.alitateks.com.tr\\\/#organization\"},\"potentialAction\":[{\"@type\":\"SearchAction\",\"target\":{\"@type\":\"EntryPoint\",\"urlTemplate\":\"https:\\\/\\\/www.alitateks.com.tr\\\/?s={search_term_string}\"},\"query-input\":{\"@type\":\"PropertyValueSpecification\",\"valueRequired\":true,\"valueName\":\"search_term_string\"}}],\"inLanguage\":\"tr\"},{\"@type\":\"Organization\",\"@id\":\"https:\\\/\\\/www.alitateks.com.tr\\\/#organization\",\"name\":\"AL\u0130TATEKS TEKST\u0130L SANAY\u0130 T\u0130CARET LTD \u015eT\u0130\",\"url\":\"https:\\\/\\\/www.alitateks.com.tr\\\/\",\"logo\":{\"@type\":\"ImageObject\",\"inLanguage\":\"tr\",\"@id\":\"https:\\\/\\\/www.alitateks.com.tr\\\/#\\\/schema\\\/logo\\\/image\\\/\",\"url\":\"https:\\\/\\\/www.alitateks.com.tr\\\/wp-content\\\/uploads\\\/2024\\\/03\\\/ALITATEKS-TEKSTIL-1-seffaf-arka-plan-Photoroom.png\",\"contentUrl\":\"https:\\\/\\\/www.alitateks.com.tr\\\/wp-content\\\/uploads\\\/2024\\\/03\\\/ALITATEKS-TEKSTIL-1-seffaf-arka-plan-Photoroom.png\",\"width\":500,\"height\":500,\"caption\":\"AL\u0130TATEKS TEKST\u0130L SANAY\u0130 T\u0130CARET LTD \u015eT\u0130\"},\"image\":{\"@id\":\"https:\\\/\\\/www.alitateks.com.tr\\\/#\\\/schema\\\/logo\\\/image\\\/\"}}]}<\/script>\n<!-- \/ Yoast SEO plugin. -->","yoast_head_json":{"title":"\u00c7ANTA - AL\u0130TATEKS TEKST\u0130L","robots":{"index":"index","follow":"follow","max-snippet":"max-snippet:-1","max-image-preview":"max-image-preview:large","max-video-preview":"max-video-preview:-1"},"canonical":"https:\/\/www.alitateks.com.tr\/?page_id=226","og_locale":"tr_TR","og_type":"article","og_title":"\u00c7ANTA - AL\u0130TATEKS TEKST\u0130L","og_url":"https:\/\/www.alitateks.com.tr\/?page_id=226","og_site_name":"AL\u0130TATEKS TEKST\u0130L","article_modified_time":"2024-04-08T13:45:54+00:00","twitter_card":"summary_large_image","twitter_misc":{"Tahmini okuma s\u00fcresi":"2 dakika"},"schema":{"@context":"https:\/\/schema.org","@graph":[{"@type":"WebPage","@id":"https:\/\/www.alitateks.com.tr\/?page_id=226","url":"https:\/\/www.alitateks.com.tr\/?page_id=226","name":"\u00c7ANTA - AL\u0130TATEKS TEKST\u0130L","isPartOf":{"@id":"https:\/\/www.alitateks.com.tr\/#website"},"datePublished":"2024-03-29T09:40:54+00:00","dateModified":"2024-04-08T13:45:54+00:00","breadcrumb":{"@id":"https:\/\/www.alitateks.com.tr\/?page_id=226#breadcrumb"},"inLanguage":"tr","potentialAction":[{"@type":"ReadAction","target":["https:\/\/www.alitateks.com.tr\/?page_id=226"]}]},{"@type":"BreadcrumbList","@id":"https:\/\/www.alitateks.com.tr\/?page_id=226#breadcrumb","itemListElement":[{"@type":"ListItem","position":1,"name":"Anasayfa","item":"https:\/\/www.alitateks.com.tr\/"},{"@type":"ListItem","position":2,"name":"\u00c7ANTA"}]},{"@type":"WebSite","@id":"https:\/\/www.alitateks.com.tr\/#website","url":"https:\/\/www.alitateks.com.tr\/","name":"AL\u0130TATEKS TEKST\u0130L","description":"S\u0130Z HAYAL ED\u0130N B\u0130Z \u00dcRETEL\u0130M","publisher":{"@id":"https:\/\/www.alitateks.com.tr\/#organization"},"potentialAction":[{"@type":"SearchAction","target":{"@type":"EntryPoint","urlTemplate":"https:\/\/www.alitateks.com.tr\/?s={search_term_string}"},"query-input":{"@type":"PropertyValueSpecification","valueRequired":true,"valueName":"search_term_string"}}],"inLanguage":"tr"},{"@type":"Organization","@id":"https:\/\/www.alitateks.com.tr\/#organization","name":"AL\u0130TATEKS TEKST\u0130L SANAY\u0130 T\u0130CARET LTD \u015eT\u0130","url":"https:\/\/www.alitateks.com.tr\/","logo":{"@type":"ImageObject","inLanguage":"tr","@id":"https:\/\/www.alitateks.com.tr\/#\/schema\/logo\/image\/","url":"https:\/\/www.alitateks.com.tr\/wp-content\/uploads\/2024\/03\/ALITATEKS-TEKSTIL-1-seffaf-arka-plan-Photoroom.png","contentUrl":"https:\/\/www.alitateks.com.tr\/wp-content\/uploads\/2024\/03\/ALITATEKS-TEKSTIL-1-seffaf-arka-plan-Photoroom.png","width":500,"height":500,"caption":"AL\u0130TATEKS TEKST\u0130L SANAY\u0130 T\u0130CARET LTD \u015eT\u0130"},"image":{"@id":"https:\/\/www.alitateks.com.tr\/#\/schema\/logo\/image\/"}}]}},"_links":{"self":[{"href":"https:\/\/www.alitateks.com.tr\/index.php?rest_route=\/wp\/v2\/pages\/226","targetHints":{"allow":["GET"]}}],"collection":[{"href":"https:\/\/www.alitateks.com.tr\/index.php?rest_route=\/wp\/v2\/pages"}],"about":[{"href":"https:\/\/www.alitateks.com.tr\/index.php?rest_route=\/wp\/v2\/types\/page"}],"author":[{"embeddable":true,"href":"https:\/\/www.alitateks.com.tr\/index.php?rest_route=\/wp\/v2\/users\/1"}],"replies":[{"embeddable":true,"href":"https:\/\/www.alitateks.com.tr\/index.php?rest_route=%2Fwp%2Fv2%2Fcomments&post=226"}],"version-history":[{"count":4,"href":"https:\/\/www.alitateks.com.tr\/index.php?rest_route=\/wp\/v2\/pages\/226\/revisions"}],"predecessor-version":[{"id":410,"href":"https:\/\/www.alitateks.com.tr\/index.php?rest_route=\/wp\/v2\/pages\/226\/revisions\/410"}],"wp:attachment":[{"href":"https:\/\/www.alitateks.com.tr\/index.php?rest_route=%2Fwp%2Fv2%2Fmedia&parent=226"}],"curies":[{"name":"wp","href":"https:\/\/api.w.org\/{rel}","templated":true}]}}