{"id":251,"date":"2024-03-29T12:53:08","date_gmt":"2024-03-29T09:53:08","guid":{"rendered":"https:\/\/www.alitateks.com.tr\/?page_id=251"},"modified":"2024-04-08T03:41:09","modified_gmt":"2024-04-08T00:41:09","slug":"kapusonlu-sweatshirt","status":"publish","type":"page","link":"https:\/\/www.alitateks.com.tr\/?page_id=251","title":{"rendered":"KAP\u00dc\u015eONLU SWEATSH\u0130RT"},"content":{"rendered":"\n\n\t<section class=\"section\" id=\"section_391825868\">\n\t\t<div class=\"section-bg fill\" >\n\t\t\t\t\t\t\t\t\t\n\t\t\t\n\n\t\t<\/div>\n\n\t\t\n\n\t\t<div class=\"section-content relative\">\n\t\t\t\n\n\t<div id=\"gap-356274839\" class=\"gap-element clearfix\" style=\"display:block; height:auto;\">\n\t\t\n<style>\n#gap-356274839 {\n  padding-top: 30px;\n}\n<\/style>\n\t<\/div>\n\t\n\n<div class=\"row align-middle align-center\"  id=\"row-2047530773\">\n\n\n\t<div id=\"col-2094584300\" class=\"col medium-12 small-12 large-6\"  >\n\t\t\t\t<div class=\"col-inner\"  >\n\t\t\t\n\t\t\t\n\n<div class=\"row\"  id=\"row-25010673\">\n\n\n\t<div id=\"col-1306676807\" class=\"col medium-6 small-12 large-7\"  >\n\t\t\t\t<div class=\"col-inner\"  >\n\t\t\t\n\t\t\t\n\n\n  <div class=\"banner has-hover\" id=\"banner-1024288294\">\n          <div class=\"banner-inner fill\">\n        <div class=\"banner-bg fill\" >\n            <img loading=\"lazy\" decoding=\"async\" width=\"683\" height=\"1024\" src=\"https:\/\/www.alitateks.com.tr\/wp-content\/uploads\/2024\/04\/Adsiz-tasarim-32-683x1024.png\" class=\"bg attachment-large size-large\" alt=\"\" \/>                                    \n                    <\/div>\n\t\t\n        <div class=\"banner-layers container\">\n            <div class=\"fill banner-link\"><\/div>            \n\n   <div id=\"text-box-1099467773\" class=\"text-box banner-layer x50 md-x50 lg-x50 y50 md-y50 lg-y50 res-text\">\n                                <div class=\"text-box-content text dark\">\n              \n              <div class=\"text-inner text-center\">\n                  \n\n\n              <\/div>\n           <\/div>\n                            \n<style>\n#text-box-1099467773 {\n  width: 60%;\n}\n#text-box-1099467773 .text-box-content {\n  font-size: 100%;\n}\n@media (min-width:550px) {\n  #text-box-1099467773 {\n    width: 60%;\n  }\n}\n<\/style>\n    <\/div>\n \n\n        <\/div>\n      <\/div>\n\n            \n<style>\n#banner-1024288294 {\n  padding-top: 99.99%;\n  background-color: rgba(0, 0, 0, 0);\n}\n@media (min-width:550px) {\n  #banner-1024288294 {\n    padding-top: 150%;\n  }\n}\n@media (min-width:850px) {\n  #banner-1024288294 {\n    padding-top: 117%;\n  }\n}\n<\/style>\n  <\/div>\n\n\n\n\t\t<\/div>\n\t\t\t\t\t<\/div>\n\n\t\n\n\t<div id=\"col-1827347468\" class=\"col medium-6 small-12 large-5\"  >\n\t\t\t\t<div class=\"col-inner\"  >\n\t\t\t\n\t\t\t\n\n\n  <div class=\"banner has-hover\" id=\"banner-1158517986\">\n          <div class=\"banner-inner fill\">\n        <div class=\"banner-bg fill\" >\n            <img loading=\"lazy\" decoding=\"async\" width=\"1020\" height=\"680\" src=\"https:\/\/www.alitateks.com.tr\/wp-content\/uploads\/2024\/04\/Adsiz-tasarim-25-1024x683.png\" class=\"bg attachment-large size-large\" alt=\"\" \/>                                    \n                    <\/div>\n\t\t\n        <div class=\"banner-layers container\">\n            <div class=\"fill banner-link\"><\/div>            \n\n   <div id=\"text-box-1027192360\" class=\"text-box banner-layer x50 md-x50 lg-x50 y50 md-y50 lg-y50 res-text\">\n                                <div class=\"text-box-content text dark\">\n              \n              <div class=\"text-inner text-center\">\n                  \n\n\n              <\/div>\n           <\/div>\n                            \n<style>\n#text-box-1027192360 {\n  width: 60%;\n}\n#text-box-1027192360 .text-box-content {\n  font-size: 100%;\n}\n@media (min-width:550px) {\n  #text-box-1027192360 {\n    width: 60%;\n  }\n}\n<\/style>\n    <\/div>\n \n\n        <\/div>\n      <\/div>\n\n            \n<style>\n#banner-1158517986 {\n  padding-top: 60%;\n  background-color: rgba(0, 0, 0, 0);\n}\n@media (min-width:550px) {\n  #banner-1158517986 {\n    padding-top: 76%;\n  }\n}\n@media (min-width:850px) {\n  #banner-1158517986 {\n    padding-top: 87%;\n  }\n}\n<\/style>\n  <\/div>\n\n\n\n\t\t<\/div>\n\t\t\t\t\t<\/div>\n\n\t\n\n<\/div>\n<div class=\"row align-right\"  id=\"row-829105988\">\n\n\n\t<div id=\"col-713344922\" class=\"col medium-7 small-12 large-7\"  >\n\t\t\t\t<div class=\"col-inner\"  >\n\t\t\t\n\t\t\t\n\n\n  <div class=\"banner has-hover\" id=\"banner-415636598\">\n          <div class=\"banner-inner fill\">\n        <div class=\"banner-bg fill\" >\n            <img loading=\"lazy\" decoding=\"async\" width=\"1020\" height=\"680\" src=\"https:\/\/www.alitateks.com.tr\/wp-content\/uploads\/2024\/04\/Adsiz-tasarim-27-1024x683.png\" class=\"bg attachment-large size-large\" alt=\"\" \/>                                    \n                    <\/div>\n\t\t\n        <div class=\"banner-layers container\">\n            <div class=\"fill banner-link\"><\/div>            \n\n   <div id=\"text-box-1222417677\" class=\"text-box banner-layer x50 md-x50 lg-x50 y50 md-y50 lg-y50 res-text\">\n                                <div class=\"text-box-content text dark\">\n              \n              <div class=\"text-inner text-center\">\n                  \n\n\n              <\/div>\n           <\/div>\n                            \n<style>\n#text-box-1222417677 {\n  width: 60%;\n}\n#text-box-1222417677 .text-box-content {\n  font-size: 100%;\n}\n@media (min-width:550px) {\n  #text-box-1222417677 {\n    width: 60%;\n  }\n}\n<\/style>\n    <\/div>\n \n\n        <\/div>\n      <\/div>\n\n            \n<style>\n#banner-415636598 {\n  padding-top: 60%;\n  background-color: rgba(0, 0, 0, 0);\n}\n@media (min-width:550px) {\n  #banner-415636598 {\n    padding-top: 75%;\n  }\n}\n<\/style>\n  <\/div>\n\n\n\n\t\t<\/div>\n\t\t\t\t\n<style>\n#col-713344922 > .col-inner {\n  margin: 0 0px 0px 0px;\n}\n@media (min-width:550px) {\n  #col-713344922 > .col-inner {\n    margin: -290px 0px 0px 0px;\n  }\n}\n@media (min-width:850px) {\n  #col-713344922 > .col-inner {\n    margin: -165px 0px 0px 0px;\n  }\n}\n<\/style>\n\t<\/div>\n\n\t\n\n<\/div>\n\n\t\t<\/div>\n\t\t\t\t\t<\/div>\n\n\t\n\n\t<div id=\"col-1197081921\" class=\"col medium-12 small-12 large-6\"  >\n\t\t\t\t<div class=\"col-inner\"  >\n\t\t\t\n\t\t\t\n\n\t<div id=\"text-2235223529\" class=\"text\">\n\t\t\n\n<h2><strong>Kap\u015fonlu Sweatshirt \u0130malat\u0131 ve Sat\u0131\u015f\u0131<\/strong><\/h2>\n\t\t\n<style>\n#text-2235223529 {\n  font-size: 1.3rem;\n}\n<\/style>\n\t<\/div>\n\t\n<p>Asgari 120 adet veya \u00fczeri i\u00e7in kap\u015fonlu sweatshirt imalat\u0131 yap\u0131yoruz. Kap\u015fonlu sweatshirt modelimiz i\u00e7in XS, S, M, L, XL, 2XL, 3XL, 4XL ve 5XL beden se\u00e7enekleri bulunmaktad\u0131r.<\/p>\n<p><strong>\u00dcr\u00fcn \u00d6zellikleri:<\/strong><\/p>\n<ul>\n<li><strong>Beden Se\u00e7enekleri:<\/strong> XS, S, M, L, XL, 2XL, 3XL, 4XL, 5XL<\/li>\n<li><strong>Kullan\u0131lan Kuma\u015flar:<\/strong>\n<ul>\n<li>3 iplik \u015fardonlu ve \u015fardonsuz m2 310 gr %65 pamuk %35 polyester<\/li>\n<li>3 iplik \u015fardonlu ve \u015fardonsuz m2 330 gr %80 pamuk %20 polyester<\/li>\n<li>2 iplik \u015fardonlu m2 270 gr %100 pamuk &#8211; openend<\/li>\n<li>2 iplik \u015fardonlu m2 240 gr %70 pamuk %30 polyester &#8211; penye<\/li>\n<\/ul>\n<\/li>\n<\/ul>\n<p><strong>Sipari\u015f ve Fiyatland\u0131rma:<\/strong><\/p>\n<ul>\n<li>\u00dczerine bask\u0131 veya nak\u0131\u015f i\u015flemi d\u00fc\u015f\u00fcn\u00fcyorsan\u0131z, WhatsApp veya e-posta yoluyla g\u00f6nderece\u011finiz g\u00f6rsellere bakarak fiyatland\u0131rma yap\u0131l\u0131r ve \u00fcretim s\u00fcresi taraf\u0131n\u0131za iletilir.<\/li>\n<li>Bask\u0131l\u0131, nak\u0131\u015fl\u0131 veya i\u015flemsiz halde verece\u011finiz renk ve beden da\u011f\u0131l\u0131m\u0131nda \u00fcr\u00fcnleriniz toptan olarak haz\u0131rlan\u0131r.<\/li>\n<li>Kendi kap\u015fonlu sweatshirt modeliniz varsa, belirli bir miktar stilist \u00fccreti kar\u015f\u0131l\u0131\u011f\u0131nda sizin modeliniz haz\u0131rlanarak \u00fcretim yap\u0131labilir.<\/li>\n<li>Kulland\u0131\u011f\u0131m\u0131z kuma\u015flar EKO-TEX belgelidir ve bask\u0131 sistemimiz emprime bask\u0131d\u0131r. Su bazl\u0131 bask\u0131 boyalar\u0131 kullan\u0131yoruz.<\/li>\n<\/ul>\n<p>Sipari\u015fleriniz ve di\u011fer sorular\u0131n\u0131z i\u00e7in bizimle ileti\u015fime ge\u00e7mekten \u00e7ekinmeyin.<\/p>\n<a href=\"https:\/\/www.alitateks.com.tr\/?page_id=114\" class=\"button secondary\" style=\"border-radius:5px;\">\n\t\t<span>ileti\u015fim<\/span>\n\t<\/a>\n\n\n\n\t\t<\/div>\n\t\t\t\t\n<style>\n#col-1197081921 > .col-inner {\n  padding: 0px 0 0px 0px;\n}\n@media (min-width:550px) {\n  #col-1197081921 > .col-inner {\n    padding: 0px 10% 0px 0px;\n  }\n}\n@media (min-width:850px) {\n  #col-1197081921 > .col-inner {\n    padding: 0px 0px 0px 15%;\n  }\n}\n<\/style>\n\t<\/div>\n\n\t\n\n<\/div>\n\n\t\t<\/div>\n\n\t\t\n<style>\n#section_391825868 {\n  padding-top: 30px;\n  padding-bottom: 30px;\n}\n<\/style>\n\t<\/section>\n\t\n\n","protected":false},"excerpt":{"rendered":"","protected":false},"author":1,"featured_media":0,"parent":0,"menu_order":0,"comment_status":"closed","ping_status":"closed","template":"page-blank.php","meta":{"footnotes":""},"class_list":["post-251","page","type-page","status-publish","hentry"],"yoast_head":"<!-- This site is optimized with the Yoast SEO plugin v27.4 - https:\/\/yoast.com\/product\/yoast-seo-wordpress\/ -->\n<title>KAP\u00dc\u015eONLU SWEATSH\u0130RT - AL\u0130TATEKS TEKST\u0130L<\/title>\n<meta name=\"robots\" content=\"index, follow, max-snippet:-1, max-image-preview:large, max-video-preview:-1\" \/>\n<link rel=\"canonical\" href=\"https:\/\/www.alitateks.com.tr\/?page_id=251\" \/>\n<meta property=\"og:locale\" content=\"tr_TR\" \/>\n<meta property=\"og:type\" content=\"article\" \/>\n<meta property=\"og:title\" content=\"KAP\u00dc\u015eONLU SWEATSH\u0130RT - AL\u0130TATEKS TEKST\u0130L\" \/>\n<meta property=\"og:url\" content=\"https:\/\/www.alitateks.com.tr\/?page_id=251\" \/>\n<meta property=\"og:site_name\" content=\"AL\u0130TATEKS TEKST\u0130L\" \/>\n<meta property=\"article:modified_time\" content=\"2024-04-08T00:41:09+00:00\" \/>\n<meta name=\"twitter:card\" content=\"summary_large_image\" \/>\n<meta name=\"twitter:label1\" content=\"Tahmini okuma s\u00fcresi\" \/>\n\t<meta name=\"twitter:data1\" content=\"2 dakika\" \/>\n<script type=\"application\/ld+json\" class=\"yoast-schema-graph\">{\"@context\":\"https:\\\/\\\/schema.org\",\"@graph\":[{\"@type\":\"WebPage\",\"@id\":\"https:\\\/\\\/www.alitateks.com.tr\\\/?page_id=251\",\"url\":\"https:\\\/\\\/www.alitateks.com.tr\\\/?page_id=251\",\"name\":\"KAP\u00dc\u015eONLU SWEATSH\u0130RT - AL\u0130TATEKS TEKST\u0130L\",\"isPartOf\":{\"@id\":\"https:\\\/\\\/www.alitateks.com.tr\\\/#website\"},\"datePublished\":\"2024-03-29T09:53:08+00:00\",\"dateModified\":\"2024-04-08T00:41:09+00:00\",\"breadcrumb\":{\"@id\":\"https:\\\/\\\/www.alitateks.com.tr\\\/?page_id=251#breadcrumb\"},\"inLanguage\":\"tr\",\"potentialAction\":[{\"@type\":\"ReadAction\",\"target\":[\"https:\\\/\\\/www.alitateks.com.tr\\\/?page_id=251\"]}]},{\"@type\":\"BreadcrumbList\",\"@id\":\"https:\\\/\\\/www.alitateks.com.tr\\\/?page_id=251#breadcrumb\",\"itemListElement\":[{\"@type\":\"ListItem\",\"position\":1,\"name\":\"Anasayfa\",\"item\":\"https:\\\/\\\/www.alitateks.com.tr\\\/\"},{\"@type\":\"ListItem\",\"position\":2,\"name\":\"KAP\u00dc\u015eONLU SWEATSH\u0130RT\"}]},{\"@type\":\"WebSite\",\"@id\":\"https:\\\/\\\/www.alitateks.com.tr\\\/#website\",\"url\":\"https:\\\/\\\/www.alitateks.com.tr\\\/\",\"name\":\"AL\u0130TATEKS TEKST\u0130L\",\"description\":\"S\u0130Z HAYAL ED\u0130N B\u0130Z \u00dcRETEL\u0130M\",\"publisher\":{\"@id\":\"https:\\\/\\\/www.alitateks.com.tr\\\/#organization\"},\"potentialAction\":[{\"@type\":\"SearchAction\",\"target\":{\"@type\":\"EntryPoint\",\"urlTemplate\":\"https:\\\/\\\/www.alitateks.com.tr\\\/?s={search_term_string}\"},\"query-input\":{\"@type\":\"PropertyValueSpecification\",\"valueRequired\":true,\"valueName\":\"search_term_string\"}}],\"inLanguage\":\"tr\"},{\"@type\":\"Organization\",\"@id\":\"https:\\\/\\\/www.alitateks.com.tr\\\/#organization\",\"name\":\"AL\u0130TATEKS TEKST\u0130L SANAY\u0130 T\u0130CARET LTD \u015eT\u0130\",\"url\":\"https:\\\/\\\/www.alitateks.com.tr\\\/\",\"logo\":{\"@type\":\"ImageObject\",\"inLanguage\":\"tr\",\"@id\":\"https:\\\/\\\/www.alitateks.com.tr\\\/#\\\/schema\\\/logo\\\/image\\\/\",\"url\":\"https:\\\/\\\/www.alitateks.com.tr\\\/wp-content\\\/uploads\\\/2024\\\/03\\\/ALITATEKS-TEKSTIL-1-seffaf-arka-plan-Photoroom.png\",\"contentUrl\":\"https:\\\/\\\/www.alitateks.com.tr\\\/wp-content\\\/uploads\\\/2024\\\/03\\\/ALITATEKS-TEKSTIL-1-seffaf-arka-plan-Photoroom.png\",\"width\":500,\"height\":500,\"caption\":\"AL\u0130TATEKS TEKST\u0130L SANAY\u0130 T\u0130CARET LTD \u015eT\u0130\"},\"image\":{\"@id\":\"https:\\\/\\\/www.alitateks.com.tr\\\/#\\\/schema\\\/logo\\\/image\\\/\"}}]}<\/script>\n<!-- \/ Yoast SEO plugin. -->","yoast_head_json":{"title":"KAP\u00dc\u015eONLU SWEATSH\u0130RT - AL\u0130TATEKS TEKST\u0130L","robots":{"index":"index","follow":"follow","max-snippet":"max-snippet:-1","max-image-preview":"max-image-preview:large","max-video-preview":"max-video-preview:-1"},"canonical":"https:\/\/www.alitateks.com.tr\/?page_id=251","og_locale":"tr_TR","og_type":"article","og_title":"KAP\u00dc\u015eONLU SWEATSH\u0130RT - AL\u0130TATEKS TEKST\u0130L","og_url":"https:\/\/www.alitateks.com.tr\/?page_id=251","og_site_name":"AL\u0130TATEKS TEKST\u0130L","article_modified_time":"2024-04-08T00:41:09+00:00","twitter_card":"summary_large_image","twitter_misc":{"Tahmini okuma s\u00fcresi":"2 dakika"},"schema":{"@context":"https:\/\/schema.org","@graph":[{"@type":"WebPage","@id":"https:\/\/www.alitateks.com.tr\/?page_id=251","url":"https:\/\/www.alitateks.com.tr\/?page_id=251","name":"KAP\u00dc\u015eONLU SWEATSH\u0130RT - AL\u0130TATEKS TEKST\u0130L","isPartOf":{"@id":"https:\/\/www.alitateks.com.tr\/#website"},"datePublished":"2024-03-29T09:53:08+00:00","dateModified":"2024-04-08T00:41:09+00:00","breadcrumb":{"@id":"https:\/\/www.alitateks.com.tr\/?page_id=251#breadcrumb"},"inLanguage":"tr","potentialAction":[{"@type":"ReadAction","target":["https:\/\/www.alitateks.com.tr\/?page_id=251"]}]},{"@type":"BreadcrumbList","@id":"https:\/\/www.alitateks.com.tr\/?page_id=251#breadcrumb","itemListElement":[{"@type":"ListItem","position":1,"name":"Anasayfa","item":"https:\/\/www.alitateks.com.tr\/"},{"@type":"ListItem","position":2,"name":"KAP\u00dc\u015eONLU SWEATSH\u0130RT"}]},{"@type":"WebSite","@id":"https:\/\/www.alitateks.com.tr\/#website","url":"https:\/\/www.alitateks.com.tr\/","name":"AL\u0130TATEKS TEKST\u0130L","description":"S\u0130Z HAYAL ED\u0130N B\u0130Z \u00dcRETEL\u0130M","publisher":{"@id":"https:\/\/www.alitateks.com.tr\/#organization"},"potentialAction":[{"@type":"SearchAction","target":{"@type":"EntryPoint","urlTemplate":"https:\/\/www.alitateks.com.tr\/?s={search_term_string}"},"query-input":{"@type":"PropertyValueSpecification","valueRequired":true,"valueName":"search_term_string"}}],"inLanguage":"tr"},{"@type":"Organization","@id":"https:\/\/www.alitateks.com.tr\/#organization","name":"AL\u0130TATEKS TEKST\u0130L SANAY\u0130 T\u0130CARET LTD \u015eT\u0130","url":"https:\/\/www.alitateks.com.tr\/","logo":{"@type":"ImageObject","inLanguage":"tr","@id":"https:\/\/www.alitateks.com.tr\/#\/schema\/logo\/image\/","url":"https:\/\/www.alitateks.com.tr\/wp-content\/uploads\/2024\/03\/ALITATEKS-TEKSTIL-1-seffaf-arka-plan-Photoroom.png","contentUrl":"https:\/\/www.alitateks.com.tr\/wp-content\/uploads\/2024\/03\/ALITATEKS-TEKSTIL-1-seffaf-arka-plan-Photoroom.png","width":500,"height":500,"caption":"AL\u0130TATEKS TEKST\u0130L SANAY\u0130 T\u0130CARET LTD \u015eT\u0130"},"image":{"@id":"https:\/\/www.alitateks.com.tr\/#\/schema\/logo\/image\/"}}]}},"_links":{"self":[{"href":"https:\/\/www.alitateks.com.tr\/index.php?rest_route=\/wp\/v2\/pages\/251","targetHints":{"allow":["GET"]}}],"collection":[{"href":"https:\/\/www.alitateks.com.tr\/index.php?rest_route=\/wp\/v2\/pages"}],"about":[{"href":"https:\/\/www.alitateks.com.tr\/index.php?rest_route=\/wp\/v2\/types\/page"}],"author":[{"embeddable":true,"href":"https:\/\/www.alitateks.com.tr\/index.php?rest_route=\/wp\/v2\/users\/1"}],"replies":[{"embeddable":true,"href":"https:\/\/www.alitateks.com.tr\/index.php?rest_route=%2Fwp%2Fv2%2Fcomments&post=251"}],"version-history":[{"count":4,"href":"https:\/\/www.alitateks.com.tr\/index.php?rest_route=\/wp\/v2\/pages\/251\/revisions"}],"predecessor-version":[{"id":403,"href":"https:\/\/www.alitateks.com.tr\/index.php?rest_route=\/wp\/v2\/pages\/251\/revisions\/403"}],"wp:attachment":[{"href":"https:\/\/www.alitateks.com.tr\/index.php?rest_route=%2Fwp%2Fv2%2Fmedia&parent=251"}],"curies":[{"name":"wp","href":"https:\/\/api.w.org\/{rel}","templated":true}]}}