{"id":413,"date":"2024-04-08T17:17:15","date_gmt":"2024-04-08T14:17:15","guid":{"rendered":"https:\/\/www.alitateks.com.tr\/?page_id=413"},"modified":"2024-04-08T17:17:15","modified_gmt":"2024-04-08T14:17:15","slug":"uyelik-ve-kullanim-sartlari","status":"publish","type":"page","link":"https:\/\/www.alitateks.com.tr\/?page_id=413","title":{"rendered":"\u00dcyelik ve Kullan\u0131m \u015eartlar\u0131"},"content":{"rendered":"\n\nDe\u011ferli \u00fcyelerimiz ve kullan\u0131c\u0131lar\u0131m\u0131z,\n\nalitateks.com.tr\u2019e girmeniz veya alitateks.com.tr daki herhangi bir bilgiyi kullanman\u0131z a\u015fa\u011f\u0131daki h\u00fck\u00fcm ve ko\u015fullar\u0131 kabul etti\u011finiz anlam\u0131na gelmektedir.\n\nalitateks.com.tr\u2019e girilmesi, sitenin ya da sitedeki bilgilerin vs kullan\u0131lmas\u0131 sebebiyle, s\u00f6zle\u015fmenin ihlali, haks\u0131z fiil, ya da ba\u015fka sebeplere dayanarak, do\u011fabilecek do\u011frudan veya dolayl\u0131 hi\u00e7bir zarardan alitateks.com.tr sorumlu de\u011fildir.\n\nalitateks.com.tr\u2019e site ve site uzant\u0131s\u0131nda mevcut her t\u00fcr \u00fcr\u00fcn, hizmet, siteyi kullanma ko\u015fullar\u0131 ile sunulan bilgileri \u00f6nceden bir uyar\u0131ya gerek olmaks\u0131z\u0131n de\u011fi\u015ftirme, yay\u0131ndan kald\u0131rma hakk\u0131n\u0131 sakl\u0131 tutar. Sitedeki de\u011fi\u015fiklikler yay\u0131n an\u0131nda y\u00fcr\u00fcrl\u00fc\u011fe girmektedir. Sitenin kullan\u0131m\u0131 ya da siteye giri\u015f ile bu de\u011fi\u015fiklikler de kullan\u0131c\u0131 taraf\u0131ndan kabul edilmi\u015f say\u0131l\u0131r.\n\nalitateks.com.tr, s\u00f6zle\u015fmenin ihlali, haks\u0131z fiil, ihmal veya di\u011fer sebepler neticesinde; hata, ihmal, kesinti, i\u015flemin kesintiye u\u011framas\u0131, gecikmesi, silinme, kay\u0131p, ileti\u015fimin gecikmesi, imha veya izinsiz olarak kay\u0131tlara girilmesi, de\u011fi\u015ftirilmesi veya kullan\u0131lmas\u0131, bilgisayar vir\u00fcs\u00fc, ileti\u015fim hatas\u0131, h\u0131rs\u0131zl\u0131k hususunda herhangi bir sorumluluk kabul etmemektedir.\n\nalitateks.com.tr&#8217;un genel g\u00f6r\u00fcn\u00fcm ve tasar\u0131m\u0131 ile internet sitesindeki t\u00fcm bilgi ve resimler, alitateks.com.tr alan ad\u0131, alitateks.com.tr markas\u0131, logosu, tan\u0131t\u0131m i\u00e7in kullan\u0131lan yaz\u0131l\u0131 ve elektronik bilgisayar yaz\u0131l\u0131mlar\u0131, uygulanan sat\u0131\u015f sistemi ve bunlara ili\u015fkin fikri ve s\u0131nai m\u00fclkiyet haklar\u0131n\u0131n sahibi ve lisans sahibidir ve yasal koruma alt\u0131ndad\u0131r.\n\nalitateks.com.tr, kendi kontrol\u00fc alt\u0131nda olmayan ba\u015fka internet sitelerine ba\u011flant\u0131 veya referans i\u00e7erebilir. Bu sitelerin i\u00e7erikleri veya i\u00e7erdikleri di\u011fer ba\u011flant\u0131lardan alitateks.com.tr sorumlu tutulamaz.\n\nalitateks.com.tr, kullan\u0131c\u0131 taraf\u0131ndan kay\u0131t formunda belirtilen ve kabul edilen veya daha sonra kendisi taraf\u0131ndan g\u00fcncellenen adresi, e-posta adresi, sabit ve mobil telefon hatlar\u0131 ve di\u011fer ileti\u015fim bilgileri \u00fczerinden e-posta, SMS, telefon g\u00f6r\u00fc\u015fmesi ve di\u011fer yollarla ileti\u015fim ve di\u011fer ama\u00e7larla kullan\u0131c\u0131ya ula\u015fma hakk\u0131 bulunmaktad\u0131r. Kullan\u0131c\u0131 i\u015fbu s\u00f6zle\u015fmeyi kabul etmekle aksine bir yaz\u0131l\u0131 bildirimi olmad\u0131\u011f\u0131 m\u00fcddet\u00e7e alitateks.com.tr kendisine y\u00f6nelik yukar\u0131da belirtilen ileti\u015fim faaliyetlerinde bulunabilece\u011fini kabul ve beyan etmi\u015f say\u0131l\u0131r.\n\n\u00d6nceden izin al\u0131nmadan ve kaynak g\u00f6sterilmeden, kod ve yaz\u0131l\u0131m da dahil olmak \u00fczere, kopyalanamaz, de\u011fi\u015ftirilemez, \u00e7o\u011falt\u0131lamaz, ba\u015fka bir dile \u00e7evrilemez, yeniden yay\u0131nlanamaz, ba\u015fka bir bilgisayara y\u00fcklenemez, iletilemez, postalanamaz, sunulamaz veya da\u011f\u0131t\u0131lamaz. Aksine hareketler hukuki ve cezai sorumlulu\u011fu gerektirmektedir.\n\n\u00dcyelerimize\/M\u00fc\u015fterilerimize ait bilgiler, ancak resmi makamlarca usul\u00fc \u00e7er\u00e7evesinde ve y\u00fcr\u00fcrl\u00fckteki emredici mevzuat h\u00fck\u00fcmleri gere\u011fince yasal d\u00fczenlemelerin \u00f6ng\u00f6rd\u00fc\u011f\u00fc sorumluluklar\u0131m\u0131z dairesinde ilgili kurulu\u015flara a\u00e7\u0131klama yapmak zorunda oldu\u011fumuz durumlarda resmi makamlara a\u00e7\u0131klanabilecektir.\n\nalitateks.com.tr, gerekti\u011fi zaman bu yasal uyar\u0131 sayfas\u0131n\u0131n i\u00e7eri\u011fini g\u00fcncelleme yetkisini sakl\u0131 tutmaktad\u0131r ve kullan\u0131c\u0131lar\u0131na siteye her giri\u015fte yasal uyar\u0131 sayfas\u0131n\u0131 ziyaret etmelerini tavsiye ve rica etmektedir.\n\nalitateks.com.tr burada a\u00e7\u0131k\u00e7a belirtilmeyen di\u011fer t\u00fcm haklar\u0131 sakl\u0131d\u0131r.\n\n","protected":false},"excerpt":{"rendered":"<p>De\u011ferli \u00fcyelerimiz ve kullan\u0131c\u0131lar\u0131m\u0131z, alitateks.com.tr\u2019e girmeniz veya alitateks.com.tr daki herhangi bir bilgiyi kullanman\u0131z a\u015fa\u011f\u0131daki h\u00fck\u00fcm ve ko\u015fullar\u0131 kabul etti\u011finiz anlam\u0131na gelmektedir. alitateks.com.tr\u2019e girilmesi, sitenin ya da sitedeki bilgilerin vs kullan\u0131lmas\u0131 sebebiyle, s\u00f6zle\u015fmenin ihlali, haks\u0131z fiil, ya da ba\u015fka sebeplere dayanarak, do\u011fabilecek do\u011frudan veya dolayl\u0131 hi\u00e7bir zarardan alitateks.com.tr sorumlu de\u011fildir. alitateks.com.tr\u2019e site ve site uzant\u0131s\u0131nda mevcut [&#8230;]\n","protected":false},"author":1,"featured_media":0,"parent":0,"menu_order":0,"comment_status":"closed","ping_status":"closed","template":"page-blank.php","meta":{"footnotes":""},"class_list":["post-413","page","type-page","status-publish","hentry"],"yoast_head":"<!-- This site is optimized with the Yoast SEO plugin v27.4 - https:\/\/yoast.com\/product\/yoast-seo-wordpress\/ -->\n<title>\u00dcyelik ve Kullan\u0131m \u015eartlar\u0131 - AL\u0130TATEKS TEKST\u0130L<\/title>\n<meta name=\"robots\" content=\"index, follow, max-snippet:-1, max-image-preview:large, max-video-preview:-1\" \/>\n<link rel=\"canonical\" href=\"https:\/\/www.alitateks.com.tr\/?page_id=413\" \/>\n<meta property=\"og:locale\" content=\"tr_TR\" \/>\n<meta property=\"og:type\" content=\"article\" \/>\n<meta property=\"og:title\" content=\"\u00dcyelik ve Kullan\u0131m \u015eartlar\u0131 - AL\u0130TATEKS TEKST\u0130L\" \/>\n<meta property=\"og:description\" content=\"De\u011ferli \u00fcyelerimiz ve kullan\u0131c\u0131lar\u0131m\u0131z, alitateks.com.tr\u2019e girmeniz veya alitateks.com.tr daki herhangi bir bilgiyi kullanman\u0131z a\u015fa\u011f\u0131daki h\u00fck\u00fcm ve ko\u015fullar\u0131 kabul etti\u011finiz anlam\u0131na gelmektedir. alitateks.com.tr\u2019e girilmesi, sitenin ya da sitedeki bilgilerin vs kullan\u0131lmas\u0131 sebebiyle, s\u00f6zle\u015fmenin ihlali, haks\u0131z fiil, ya da ba\u015fka sebeplere dayanarak, do\u011fabilecek do\u011frudan veya dolayl\u0131 hi\u00e7bir zarardan alitateks.com.tr sorumlu de\u011fildir. alitateks.com.tr\u2019e site ve site uzant\u0131s\u0131nda mevcut [...]\" \/>\n<meta property=\"og:url\" content=\"https:\/\/www.alitateks.com.tr\/?page_id=413\" \/>\n<meta property=\"og:site_name\" content=\"AL\u0130TATEKS TEKST\u0130L\" \/>\n<meta name=\"twitter:card\" content=\"summary_large_image\" \/>\n<meta name=\"twitter:label1\" content=\"Tahmini okuma s\u00fcresi\" \/>\n\t<meta name=\"twitter:data1\" content=\"3 dakika\" \/>\n<script type=\"application\/ld+json\" class=\"yoast-schema-graph\">{\"@context\":\"https:\\\/\\\/schema.org\",\"@graph\":[{\"@type\":\"WebPage\",\"@id\":\"https:\\\/\\\/www.alitateks.com.tr\\\/?page_id=413\",\"url\":\"https:\\\/\\\/www.alitateks.com.tr\\\/?page_id=413\",\"name\":\"\u00dcyelik ve Kullan\u0131m \u015eartlar\u0131 - AL\u0130TATEKS TEKST\u0130L\",\"isPartOf\":{\"@id\":\"https:\\\/\\\/www.alitateks.com.tr\\\/#website\"},\"datePublished\":\"2024-04-08T14:17:15+00:00\",\"breadcrumb\":{\"@id\":\"https:\\\/\\\/www.alitateks.com.tr\\\/?page_id=413#breadcrumb\"},\"inLanguage\":\"tr\",\"potentialAction\":[{\"@type\":\"ReadAction\",\"target\":[\"https:\\\/\\\/www.alitateks.com.tr\\\/?page_id=413\"]}]},{\"@type\":\"BreadcrumbList\",\"@id\":\"https:\\\/\\\/www.alitateks.com.tr\\\/?page_id=413#breadcrumb\",\"itemListElement\":[{\"@type\":\"ListItem\",\"position\":1,\"name\":\"Anasayfa\",\"item\":\"https:\\\/\\\/www.alitateks.com.tr\\\/\"},{\"@type\":\"ListItem\",\"position\":2,\"name\":\"\u00dcyelik ve Kullan\u0131m \u015eartlar\u0131\"}]},{\"@type\":\"WebSite\",\"@id\":\"https:\\\/\\\/www.alitateks.com.tr\\\/#website\",\"url\":\"https:\\\/\\\/www.alitateks.com.tr\\\/\",\"name\":\"AL\u0130TATEKS TEKST\u0130L\",\"description\":\"S\u0130Z HAYAL ED\u0130N B\u0130Z \u00dcRETEL\u0130M\",\"publisher\":{\"@id\":\"https:\\\/\\\/www.alitateks.com.tr\\\/#organization\"},\"potentialAction\":[{\"@type\":\"SearchAction\",\"target\":{\"@type\":\"EntryPoint\",\"urlTemplate\":\"https:\\\/\\\/www.alitateks.com.tr\\\/?s={search_term_string}\"},\"query-input\":{\"@type\":\"PropertyValueSpecification\",\"valueRequired\":true,\"valueName\":\"search_term_string\"}}],\"inLanguage\":\"tr\"},{\"@type\":\"Organization\",\"@id\":\"https:\\\/\\\/www.alitateks.com.tr\\\/#organization\",\"name\":\"AL\u0130TATEKS TEKST\u0130L SANAY\u0130 T\u0130CARET LTD \u015eT\u0130\",\"url\":\"https:\\\/\\\/www.alitateks.com.tr\\\/\",\"logo\":{\"@type\":\"ImageObject\",\"inLanguage\":\"tr\",\"@id\":\"https:\\\/\\\/www.alitateks.com.tr\\\/#\\\/schema\\\/logo\\\/image\\\/\",\"url\":\"https:\\\/\\\/www.alitateks.com.tr\\\/wp-content\\\/uploads\\\/2024\\\/03\\\/ALITATEKS-TEKSTIL-1-seffaf-arka-plan-Photoroom.png\",\"contentUrl\":\"https:\\\/\\\/www.alitateks.com.tr\\\/wp-content\\\/uploads\\\/2024\\\/03\\\/ALITATEKS-TEKSTIL-1-seffaf-arka-plan-Photoroom.png\",\"width\":500,\"height\":500,\"caption\":\"AL\u0130TATEKS TEKST\u0130L SANAY\u0130 T\u0130CARET LTD \u015eT\u0130\"},\"image\":{\"@id\":\"https:\\\/\\\/www.alitateks.com.tr\\\/#\\\/schema\\\/logo\\\/image\\\/\"}}]}<\/script>\n<!-- \/ Yoast SEO plugin. -->","yoast_head_json":{"title":"\u00dcyelik ve Kullan\u0131m \u015eartlar\u0131 - AL\u0130TATEKS TEKST\u0130L","robots":{"index":"index","follow":"follow","max-snippet":"max-snippet:-1","max-image-preview":"max-image-preview:large","max-video-preview":"max-video-preview:-1"},"canonical":"https:\/\/www.alitateks.com.tr\/?page_id=413","og_locale":"tr_TR","og_type":"article","og_title":"\u00dcyelik ve Kullan\u0131m \u015eartlar\u0131 - AL\u0130TATEKS TEKST\u0130L","og_description":"De\u011ferli \u00fcyelerimiz ve kullan\u0131c\u0131lar\u0131m\u0131z, alitateks.com.tr\u2019e girmeniz veya alitateks.com.tr daki herhangi bir bilgiyi kullanman\u0131z a\u015fa\u011f\u0131daki h\u00fck\u00fcm ve ko\u015fullar\u0131 kabul etti\u011finiz anlam\u0131na gelmektedir. alitateks.com.tr\u2019e girilmesi, sitenin ya da sitedeki bilgilerin vs kullan\u0131lmas\u0131 sebebiyle, s\u00f6zle\u015fmenin ihlali, haks\u0131z fiil, ya da ba\u015fka sebeplere dayanarak, do\u011fabilecek do\u011frudan veya dolayl\u0131 hi\u00e7bir zarardan alitateks.com.tr sorumlu de\u011fildir. alitateks.com.tr\u2019e site ve site uzant\u0131s\u0131nda mevcut [...]","og_url":"https:\/\/www.alitateks.com.tr\/?page_id=413","og_site_name":"AL\u0130TATEKS TEKST\u0130L","twitter_card":"summary_large_image","twitter_misc":{"Tahmini okuma s\u00fcresi":"3 dakika"},"schema":{"@context":"https:\/\/schema.org","@graph":[{"@type":"WebPage","@id":"https:\/\/www.alitateks.com.tr\/?page_id=413","url":"https:\/\/www.alitateks.com.tr\/?page_id=413","name":"\u00dcyelik ve Kullan\u0131m \u015eartlar\u0131 - AL\u0130TATEKS TEKST\u0130L","isPartOf":{"@id":"https:\/\/www.alitateks.com.tr\/#website"},"datePublished":"2024-04-08T14:17:15+00:00","breadcrumb":{"@id":"https:\/\/www.alitateks.com.tr\/?page_id=413#breadcrumb"},"inLanguage":"tr","potentialAction":[{"@type":"ReadAction","target":["https:\/\/www.alitateks.com.tr\/?page_id=413"]}]},{"@type":"BreadcrumbList","@id":"https:\/\/www.alitateks.com.tr\/?page_id=413#breadcrumb","itemListElement":[{"@type":"ListItem","position":1,"name":"Anasayfa","item":"https:\/\/www.alitateks.com.tr\/"},{"@type":"ListItem","position":2,"name":"\u00dcyelik ve Kullan\u0131m \u015eartlar\u0131"}]},{"@type":"WebSite","@id":"https:\/\/www.alitateks.com.tr\/#website","url":"https:\/\/www.alitateks.com.tr\/","name":"AL\u0130TATEKS TEKST\u0130L","description":"S\u0130Z HAYAL ED\u0130N B\u0130Z \u00dcRETEL\u0130M","publisher":{"@id":"https:\/\/www.alitateks.com.tr\/#organization"},"potentialAction":[{"@type":"SearchAction","target":{"@type":"EntryPoint","urlTemplate":"https:\/\/www.alitateks.com.tr\/?s={search_term_string}"},"query-input":{"@type":"PropertyValueSpecification","valueRequired":true,"valueName":"search_term_string"}}],"inLanguage":"tr"},{"@type":"Organization","@id":"https:\/\/www.alitateks.com.tr\/#organization","name":"AL\u0130TATEKS TEKST\u0130L SANAY\u0130 T\u0130CARET LTD \u015eT\u0130","url":"https:\/\/www.alitateks.com.tr\/","logo":{"@type":"ImageObject","inLanguage":"tr","@id":"https:\/\/www.alitateks.com.tr\/#\/schema\/logo\/image\/","url":"https:\/\/www.alitateks.com.tr\/wp-content\/uploads\/2024\/03\/ALITATEKS-TEKSTIL-1-seffaf-arka-plan-Photoroom.png","contentUrl":"https:\/\/www.alitateks.com.tr\/wp-content\/uploads\/2024\/03\/ALITATEKS-TEKSTIL-1-seffaf-arka-plan-Photoroom.png","width":500,"height":500,"caption":"AL\u0130TATEKS TEKST\u0130L SANAY\u0130 T\u0130CARET LTD \u015eT\u0130"},"image":{"@id":"https:\/\/www.alitateks.com.tr\/#\/schema\/logo\/image\/"}}]}},"_links":{"self":[{"href":"https:\/\/www.alitateks.com.tr\/index.php?rest_route=\/wp\/v2\/pages\/413","targetHints":{"allow":["GET"]}}],"collection":[{"href":"https:\/\/www.alitateks.com.tr\/index.php?rest_route=\/wp\/v2\/pages"}],"about":[{"href":"https:\/\/www.alitateks.com.tr\/index.php?rest_route=\/wp\/v2\/types\/page"}],"author":[{"embeddable":true,"href":"https:\/\/www.alitateks.com.tr\/index.php?rest_route=\/wp\/v2\/users\/1"}],"replies":[{"embeddable":true,"href":"https:\/\/www.alitateks.com.tr\/index.php?rest_route=%2Fwp%2Fv2%2Fcomments&post=413"}],"version-history":[{"count":1,"href":"https:\/\/www.alitateks.com.tr\/index.php?rest_route=\/wp\/v2\/pages\/413\/revisions"}],"predecessor-version":[{"id":414,"href":"https:\/\/www.alitateks.com.tr\/index.php?rest_route=\/wp\/v2\/pages\/413\/revisions\/414"}],"wp:attachment":[{"href":"https:\/\/www.alitateks.com.tr\/index.php?rest_route=%2Fwp%2Fv2%2Fmedia&parent=413"}],"curies":[{"name":"wp","href":"https:\/\/api.w.org\/{rel}","templated":true}]}}