{"id":415,"date":"2024-04-08T17:22:13","date_gmt":"2024-04-08T14:22:13","guid":{"rendered":"https:\/\/www.alitateks.com.tr\/?page_id=415"},"modified":"2024-04-08T17:22:13","modified_gmt":"2024-04-08T14:22:13","slug":"gizlilik-ilkelerimiz","status":"publish","type":"page","link":"https:\/\/www.alitateks.com.tr\/?page_id=415","title":{"rendered":"Gizlilik ilkelerimiz"},"content":{"rendered":"\n\nalitateks.com.tr olarak, temel amac\u0131m\u0131z m\u00fc\u015fterilerimizin internet \u00fczerinden rahat ve g\u00fcvenilir bir ortamda al\u0131\u015fveri\u015f yapmalar\u0131n\u0131 sa\u011flamakt\u0131r. Belirtmi\u015f oldu\u011fumuz ilkeden yola \u00e7\u0131karak siz de\u011ferli m\u00fc\u015fterilerimize bu ortam\u0131 sa\u011flayabilmek i\u00e7in a\u015fa\u011f\u0131da belirtilmi\u015f olan \u2018Gizlilik Politikas\u0131\u2019n\u0131 benimsemekteyiz.\n\n1 &#8211; alitateks.com.tr olarak m\u00fc\u015fteri memnuniyetini ve hizmet kalitesini artt\u0131rmak amac\u0131yla baz\u0131 ki\u015fisel bilgileri (isim, adres, ileti\u015fim numaras\u0131, do\u011fum tarihi, e-posta vb.) m\u00fc\u015fterilerimizden talep etmekteyiz, ayr\u0131ca; Bize verdi\u011finiz ki\u015fisel bilgileriniz ilginizi \u00e7ekebilece\u011fini d\u00fc\u015f\u00fcnd\u00fc\u011f\u00fcm\u00fcz \u00fcr\u00fcnlerimiz veya hizmetlerimizle ilgili bilgi veya teklif g\u00f6ndermek, sipari\u015flerinizi almak, \u00f6demelerinizi ger\u00e7ekle\u015ftirmek, sipari\u015flerinizi ula\u015ft\u0131rmak ve sipari\u015fleriniz ile ilgili bilgi vermek, \u00fcr\u00fcnler ve hizmetler hakk\u0131nda pazarlama amac\u0131yla sizinle irtibata ge\u00e7mek, 3. \u015fah\u0131slar\u0131n teknik, lojistik ve benzeri di\u011fer i\u015flevlerini bizim ad\u0131m\u0131za yerine getirmelerini sa\u011flamak, d\u00f6nemsel kampanya \u00e7al\u0131\u015fmalar\u0131m\u0131zdan haberdar etmek, belirli hizmetlerde isteklerinizi yerine getirmek, kar\u015f\u0131n\u0131za \u00e7\u0131kacak olan sitede iste\u011finize g\u00f6re i\u00e7erik ve reklam sa\u011flamak, diledi\u011finiz \u00fcr\u00fcnlerden ve hizmetlerden haberdar edilmenizi sa\u011flamak, m\u00fc\u015fteri profillerine y\u00f6nelik \u00f6zel kampanya faaliyetlerini kurgulamak ve istenmeyen e-postalar\u0131n iletilmemesine y\u00f6nelik m\u00fc\u015fteri &#8220;s\u0131n\u0131fland\u0131rma\u201d \u00e7al\u0131\u015fmalar\u0131nda sadece alitateks.com.tr b\u00fcnyesinde kullan\u0131lmaktad\u0131r.\n\n2 &#8211; \u00dcyelerimizin\/M\u00fc\u015fterilerimizin e-posta adresleri s\u00f6z konusu kullan\u0131c\u0131n\u0131n haberi veya aksi bir talimat\u0131 olmadan, \u00fc\u00e7\u00fcnc\u00fc \u015fah\u0131slarla KES\u0130NL\u0130KLE payla\u015f\u0131lmamakta, faaliyet d\u0131\u015f\u0131 hi\u00e7bir nedenle ticari ama\u00e7la kullan\u0131lmamakta ve sat\u0131lmamaktad\u0131r.\n\n3 &#8211; \u00dcyelerimizin\/M\u00fc\u015fterilerimizin sitemize \u00fcyelik, \u00fcr\u00fcn sat\u0131n alma ve bilgi g\u00fcncelleme ama\u00e7l\u0131 girdikleri bilgiler, \u00f6zellikle kredi kart\u0131 ve banka kartlar\u0131na ait gizli bilgileri stecanta.com personeli ve di\u011fer internet \nkullan\u0131c\u0131lar\u0131 taraf\u0131ndan g\u00f6r\u00fcnt\u00fclenemez.\n\n4 &#8211; \u00dcyelerimizin\/M\u00fc\u015fterilerimizin kredi kart\u0131 bilgileri sistemimizde hi\u00e7bir \u015fekilde tutulmamaktad\u0131r. \u00f6deme sistemimiz \u00fczerinden bankan\u0131z ve bilgisayar\u0131n\u0131z aras\u0131nda ger\u00e7ekle\u015fmesi sa\u011flanmaktad\u0131r.\n\n5 &#8211; T\u00fcm kredi kart\u0131 ve ki\u015fisel bilgileriniz, d\u00fcnya genelinde g\u00fcvenlik ve gizlilik standard\u0131 olan 256 bit SSL sertifikas\u0131 ile \u015fifrelenerek bankaya g\u00f6nderilir ve bu i\u015flem s\u0131ras\u0131nda bu bilgilere ula\u015f\u0131lmas\u0131 m\u00fcmk\u00fcn de\u011fildir. Bu \u015fekilde, internet \u00fczerindeki dola\u015f\u0131mlar\u0131 s\u0131ras\u0131nda herhangi bir \u015fekilde bu bilgilerinizin istenilmeyen ki\u015fi veya kurumlar taraf\u0131ndan ele ge\u00e7irilmesi \u00f6nlenmi\u015ftir.\n\n6 &#8211; Kargo ve nakliye, alitateks.com.tr sipari\u015f b\u00f6l\u00fcm\u00fc taraf\u0131ndan \u00f6zenle paketlenmektedir.\n\n7 &#8211; Sitemizin gizlilik konusunda yeterince duyarl\u0131 oldu\u011funu g\u00f6sterebilen ve standartlar\u0131m\u0131za uygun olan di\u011fer internet-web sitelerine ba\u011flant\u0131 verdi\u011fi hallerde t\u00fcm kullan\u0131m ve i\u015flemler i\u00e7in o sitelere ait gizlilik-g\u00fcvenlik politikas\u0131 ve kullan\u0131m \u015fartlar\u0131 ge\u00e7erlidir; Ancak ilgili sitelerin servis kalitesi ve di\u011fer uygulamalar\u0131 sebebi ile olu\u015fabilecek ihtilaf, maddi-manevi zarar ve kay\u0131plardan alitateks.com.tr sorumlu tutulamaz.\n\n8 &#8211; \u00dcyelerimize\/M\u00fc\u015fterilerimize ait bilgiler, ancak resmi makamlarca usul\u00fc \u00e7er\u00e7evesinde ve y\u00fcr\u00fcrl\u00fckteki emredici mevzuat h\u00fck\u00fcmleri gere\u011fince yasal d\u00fczenlemelerin \u00f6ng\u00f6rd\u00fc\u011f\u00fc sorumluluklar\u0131m\u0131z dairesinde ilgili kurulu\u015flara a\u00e7\u0131klama yapmak zorunda oldu\u011fumuz durumlarda resmi makamlara a\u00e7\u0131klanabilecektir.\n\nGizlilik politikam\u0131z ile ilgili herhangi bir soru, \u015fikayet ve g\u00f6r\u00fc\u015f bildirmek istedi\u011finiz takdirde info@alitateks.com.tr adresine e-posta atabilir bizlere ula\u015fabilirsiniz.\n\n","protected":false},"excerpt":{"rendered":"<p>alitateks.com.tr olarak, temel amac\u0131m\u0131z m\u00fc\u015fterilerimizin internet \u00fczerinden rahat ve g\u00fcvenilir bir ortamda al\u0131\u015fveri\u015f yapmalar\u0131n\u0131 sa\u011flamakt\u0131r. Belirtmi\u015f oldu\u011fumuz ilkeden yola \u00e7\u0131karak siz de\u011ferli m\u00fc\u015fterilerimize bu ortam\u0131 sa\u011flayabilmek i\u00e7in a\u015fa\u011f\u0131da belirtilmi\u015f olan \u2018Gizlilik Politikas\u0131\u2019n\u0131 benimsemekteyiz. 1 &#8211; alitateks.com.tr olarak m\u00fc\u015fteri memnuniyetini ve hizmet kalitesini artt\u0131rmak amac\u0131yla baz\u0131 ki\u015fisel bilgileri (isim, adres, ileti\u015fim numaras\u0131, do\u011fum tarihi, e-posta vb.) [&#8230;]\n","protected":false},"author":1,"featured_media":0,"parent":0,"menu_order":0,"comment_status":"closed","ping_status":"closed","template":"page-blank.php","meta":{"footnotes":""},"class_list":["post-415","page","type-page","status-publish","hentry"],"yoast_head":"<!-- This site is optimized with the Yoast SEO plugin v27.4 - https:\/\/yoast.com\/product\/yoast-seo-wordpress\/ -->\n<title>Gizlilik ilkelerimiz - AL\u0130TATEKS TEKST\u0130L<\/title>\n<meta name=\"robots\" content=\"index, follow, max-snippet:-1, max-image-preview:large, max-video-preview:-1\" \/>\n<link rel=\"canonical\" href=\"https:\/\/www.alitateks.com.tr\/?page_id=415\" \/>\n<meta property=\"og:locale\" content=\"tr_TR\" \/>\n<meta property=\"og:type\" content=\"article\" \/>\n<meta property=\"og:title\" content=\"Gizlilik ilkelerimiz - AL\u0130TATEKS TEKST\u0130L\" \/>\n<meta property=\"og:description\" content=\"alitateks.com.tr olarak, temel amac\u0131m\u0131z m\u00fc\u015fterilerimizin internet \u00fczerinden rahat ve g\u00fcvenilir bir ortamda al\u0131\u015fveri\u015f yapmalar\u0131n\u0131 sa\u011flamakt\u0131r. Belirtmi\u015f oldu\u011fumuz ilkeden yola \u00e7\u0131karak siz de\u011ferli m\u00fc\u015fterilerimize bu ortam\u0131 sa\u011flayabilmek i\u00e7in a\u015fa\u011f\u0131da belirtilmi\u015f olan \u2018Gizlilik Politikas\u0131\u2019n\u0131 benimsemekteyiz. 1 &#8211; alitateks.com.tr olarak m\u00fc\u015fteri memnuniyetini ve hizmet kalitesini artt\u0131rmak amac\u0131yla baz\u0131 ki\u015fisel bilgileri (isim, adres, ileti\u015fim numaras\u0131, do\u011fum tarihi, e-posta vb.) [...]\" \/>\n<meta property=\"og:url\" content=\"https:\/\/www.alitateks.com.tr\/?page_id=415\" \/>\n<meta property=\"og:site_name\" content=\"AL\u0130TATEKS TEKST\u0130L\" \/>\n<meta name=\"twitter:card\" content=\"summary_large_image\" \/>\n<meta name=\"twitter:label1\" content=\"Tahmini okuma s\u00fcresi\" \/>\n\t<meta name=\"twitter:data1\" content=\"3 dakika\" \/>\n<script type=\"application\/ld+json\" class=\"yoast-schema-graph\">{\"@context\":\"https:\\\/\\\/schema.org\",\"@graph\":[{\"@type\":\"WebPage\",\"@id\":\"https:\\\/\\\/www.alitateks.com.tr\\\/?page_id=415\",\"url\":\"https:\\\/\\\/www.alitateks.com.tr\\\/?page_id=415\",\"name\":\"Gizlilik ilkelerimiz - AL\u0130TATEKS TEKST\u0130L\",\"isPartOf\":{\"@id\":\"https:\\\/\\\/www.alitateks.com.tr\\\/#website\"},\"datePublished\":\"2024-04-08T14:22:13+00:00\",\"breadcrumb\":{\"@id\":\"https:\\\/\\\/www.alitateks.com.tr\\\/?page_id=415#breadcrumb\"},\"inLanguage\":\"tr\",\"potentialAction\":[{\"@type\":\"ReadAction\",\"target\":[\"https:\\\/\\\/www.alitateks.com.tr\\\/?page_id=415\"]}]},{\"@type\":\"BreadcrumbList\",\"@id\":\"https:\\\/\\\/www.alitateks.com.tr\\\/?page_id=415#breadcrumb\",\"itemListElement\":[{\"@type\":\"ListItem\",\"position\":1,\"name\":\"Anasayfa\",\"item\":\"https:\\\/\\\/www.alitateks.com.tr\\\/\"},{\"@type\":\"ListItem\",\"position\":2,\"name\":\"Gizlilik ilkelerimiz\"}]},{\"@type\":\"WebSite\",\"@id\":\"https:\\\/\\\/www.alitateks.com.tr\\\/#website\",\"url\":\"https:\\\/\\\/www.alitateks.com.tr\\\/\",\"name\":\"AL\u0130TATEKS TEKST\u0130L\",\"description\":\"S\u0130Z HAYAL ED\u0130N B\u0130Z \u00dcRETEL\u0130M\",\"publisher\":{\"@id\":\"https:\\\/\\\/www.alitateks.com.tr\\\/#organization\"},\"potentialAction\":[{\"@type\":\"SearchAction\",\"target\":{\"@type\":\"EntryPoint\",\"urlTemplate\":\"https:\\\/\\\/www.alitateks.com.tr\\\/?s={search_term_string}\"},\"query-input\":{\"@type\":\"PropertyValueSpecification\",\"valueRequired\":true,\"valueName\":\"search_term_string\"}}],\"inLanguage\":\"tr\"},{\"@type\":\"Organization\",\"@id\":\"https:\\\/\\\/www.alitateks.com.tr\\\/#organization\",\"name\":\"AL\u0130TATEKS TEKST\u0130L SANAY\u0130 T\u0130CARET LTD \u015eT\u0130\",\"url\":\"https:\\\/\\\/www.alitateks.com.tr\\\/\",\"logo\":{\"@type\":\"ImageObject\",\"inLanguage\":\"tr\",\"@id\":\"https:\\\/\\\/www.alitateks.com.tr\\\/#\\\/schema\\\/logo\\\/image\\\/\",\"url\":\"https:\\\/\\\/www.alitateks.com.tr\\\/wp-content\\\/uploads\\\/2024\\\/03\\\/ALITATEKS-TEKSTIL-1-seffaf-arka-plan-Photoroom.png\",\"contentUrl\":\"https:\\\/\\\/www.alitateks.com.tr\\\/wp-content\\\/uploads\\\/2024\\\/03\\\/ALITATEKS-TEKSTIL-1-seffaf-arka-plan-Photoroom.png\",\"width\":500,\"height\":500,\"caption\":\"AL\u0130TATEKS TEKST\u0130L SANAY\u0130 T\u0130CARET LTD \u015eT\u0130\"},\"image\":{\"@id\":\"https:\\\/\\\/www.alitateks.com.tr\\\/#\\\/schema\\\/logo\\\/image\\\/\"}}]}<\/script>\n<!-- \/ Yoast SEO plugin. -->","yoast_head_json":{"title":"Gizlilik ilkelerimiz - AL\u0130TATEKS TEKST\u0130L","robots":{"index":"index","follow":"follow","max-snippet":"max-snippet:-1","max-image-preview":"max-image-preview:large","max-video-preview":"max-video-preview:-1"},"canonical":"https:\/\/www.alitateks.com.tr\/?page_id=415","og_locale":"tr_TR","og_type":"article","og_title":"Gizlilik ilkelerimiz - AL\u0130TATEKS TEKST\u0130L","og_description":"alitateks.com.tr olarak, temel amac\u0131m\u0131z m\u00fc\u015fterilerimizin internet \u00fczerinden rahat ve g\u00fcvenilir bir ortamda al\u0131\u015fveri\u015f yapmalar\u0131n\u0131 sa\u011flamakt\u0131r. Belirtmi\u015f oldu\u011fumuz ilkeden yola \u00e7\u0131karak siz de\u011ferli m\u00fc\u015fterilerimize bu ortam\u0131 sa\u011flayabilmek i\u00e7in a\u015fa\u011f\u0131da belirtilmi\u015f olan \u2018Gizlilik Politikas\u0131\u2019n\u0131 benimsemekteyiz. 1 &#8211; alitateks.com.tr olarak m\u00fc\u015fteri memnuniyetini ve hizmet kalitesini artt\u0131rmak amac\u0131yla baz\u0131 ki\u015fisel bilgileri (isim, adres, ileti\u015fim numaras\u0131, do\u011fum tarihi, e-posta vb.) [...]","og_url":"https:\/\/www.alitateks.com.tr\/?page_id=415","og_site_name":"AL\u0130TATEKS TEKST\u0130L","twitter_card":"summary_large_image","twitter_misc":{"Tahmini okuma s\u00fcresi":"3 dakika"},"schema":{"@context":"https:\/\/schema.org","@graph":[{"@type":"WebPage","@id":"https:\/\/www.alitateks.com.tr\/?page_id=415","url":"https:\/\/www.alitateks.com.tr\/?page_id=415","name":"Gizlilik ilkelerimiz - AL\u0130TATEKS TEKST\u0130L","isPartOf":{"@id":"https:\/\/www.alitateks.com.tr\/#website"},"datePublished":"2024-04-08T14:22:13+00:00","breadcrumb":{"@id":"https:\/\/www.alitateks.com.tr\/?page_id=415#breadcrumb"},"inLanguage":"tr","potentialAction":[{"@type":"ReadAction","target":["https:\/\/www.alitateks.com.tr\/?page_id=415"]}]},{"@type":"BreadcrumbList","@id":"https:\/\/www.alitateks.com.tr\/?page_id=415#breadcrumb","itemListElement":[{"@type":"ListItem","position":1,"name":"Anasayfa","item":"https:\/\/www.alitateks.com.tr\/"},{"@type":"ListItem","position":2,"name":"Gizlilik ilkelerimiz"}]},{"@type":"WebSite","@id":"https:\/\/www.alitateks.com.tr\/#website","url":"https:\/\/www.alitateks.com.tr\/","name":"AL\u0130TATEKS TEKST\u0130L","description":"S\u0130Z HAYAL ED\u0130N B\u0130Z \u00dcRETEL\u0130M","publisher":{"@id":"https:\/\/www.alitateks.com.tr\/#organization"},"potentialAction":[{"@type":"SearchAction","target":{"@type":"EntryPoint","urlTemplate":"https:\/\/www.alitateks.com.tr\/?s={search_term_string}"},"query-input":{"@type":"PropertyValueSpecification","valueRequired":true,"valueName":"search_term_string"}}],"inLanguage":"tr"},{"@type":"Organization","@id":"https:\/\/www.alitateks.com.tr\/#organization","name":"AL\u0130TATEKS TEKST\u0130L SANAY\u0130 T\u0130CARET LTD \u015eT\u0130","url":"https:\/\/www.alitateks.com.tr\/","logo":{"@type":"ImageObject","inLanguage":"tr","@id":"https:\/\/www.alitateks.com.tr\/#\/schema\/logo\/image\/","url":"https:\/\/www.alitateks.com.tr\/wp-content\/uploads\/2024\/03\/ALITATEKS-TEKSTIL-1-seffaf-arka-plan-Photoroom.png","contentUrl":"https:\/\/www.alitateks.com.tr\/wp-content\/uploads\/2024\/03\/ALITATEKS-TEKSTIL-1-seffaf-arka-plan-Photoroom.png","width":500,"height":500,"caption":"AL\u0130TATEKS TEKST\u0130L SANAY\u0130 T\u0130CARET LTD \u015eT\u0130"},"image":{"@id":"https:\/\/www.alitateks.com.tr\/#\/schema\/logo\/image\/"}}]}},"_links":{"self":[{"href":"https:\/\/www.alitateks.com.tr\/index.php?rest_route=\/wp\/v2\/pages\/415","targetHints":{"allow":["GET"]}}],"collection":[{"href":"https:\/\/www.alitateks.com.tr\/index.php?rest_route=\/wp\/v2\/pages"}],"about":[{"href":"https:\/\/www.alitateks.com.tr\/index.php?rest_route=\/wp\/v2\/types\/page"}],"author":[{"embeddable":true,"href":"https:\/\/www.alitateks.com.tr\/index.php?rest_route=\/wp\/v2\/users\/1"}],"replies":[{"embeddable":true,"href":"https:\/\/www.alitateks.com.tr\/index.php?rest_route=%2Fwp%2Fv2%2Fcomments&post=415"}],"version-history":[{"count":1,"href":"https:\/\/www.alitateks.com.tr\/index.php?rest_route=\/wp\/v2\/pages\/415\/revisions"}],"predecessor-version":[{"id":416,"href":"https:\/\/www.alitateks.com.tr\/index.php?rest_route=\/wp\/v2\/pages\/415\/revisions\/416"}],"wp:attachment":[{"href":"https:\/\/www.alitateks.com.tr\/index.php?rest_route=%2Fwp%2Fv2%2Fmedia&parent=415"}],"curies":[{"name":"wp","href":"https:\/\/api.w.org\/{rel}","templated":true}]}}