{"id":417,"date":"2024-04-09T01:45:26","date_gmt":"2024-04-08T22:45:26","guid":{"rendered":"https:\/\/www.alitateks.com.tr\/?page_id=417"},"modified":"2024-04-09T01:54:05","modified_gmt":"2024-04-08T22:54:05","slug":"teslimat-sartlari","status":"publish","type":"page","link":"https:\/\/www.alitateks.com.tr\/?page_id=417","title":{"rendered":"TESL\u0130MAT \u015eARTLARI"},"content":{"rendered":"\nTESL\u0130MAT \u015eARTLARI\n\u00dcr\u00fcnler ta\u015f\u0131ma s\u0131ras\u0131nda hasar almayacak \u015fekilde \u00f6zen ile paketlenmektedir. Fatura \u00fcr\u00fcn i\u00e7erisinde bulunmaktad\u0131r. \u00dcr\u00fcnlerin a\u011f\u0131rl\u0131klar\u0131na g\u00f6re teslimat y\u00f6ntemi de\u011fi\u015fmektedir. \u00d6deme sistemimizde a\u011f\u0131rl\u0131k ve mesafeye g\u00f6re g\u00f6nderim \u015fekli ve fiyat\u0131 otomatik olarak belirlenmektedir. \u00dcr\u00fcn adedine g\u00f6re g\u00f6nderim \u015fekli de\u011fi\u015fmektedir. Az say\u0131da \u00fcr\u00fcnler kargo ile g\u00f6nderilir. 1 \u00e7uval ve fazlas\u0131 \u00fcr\u00fcnler nakliye firmalar\u0131 ile g\u00f6nderilmektedir. M\u00fc\u015fteri talebi do\u011frultusunda \u00fcr\u00fcn\u00fc ma\u011fazam\u0131zdan da temin edebilir. \u00dcr\u00fcn cinsine g\u00f6re termin s\u00fcresi 1 g\u00fcn ile 15 g\u00fcn aras\u0131nda de\u011fi\u015fmektedir. Sitemizdeki bask\u0131s\u0131z t-shirt modelleri stoklu sat\u0131lmaktad\u0131r. Aksi bir durum olmad\u0131\u011f\u0131 s\u00fcrece ayn\u0131 g\u00fcn kargo yap\u0131lmaktad\u0131r. \n\nTeslimat adresinde bulunamazsam ne olacak? \n\nKargo firmas\u0131n\u0131 aray\u0131p tekrar gelecekleri zaman bilgisini payla\u015ft\u0131\u011f\u0131n\u0131zda, paketinizin do\u011fru zamanda gelmesini sa\u011flayabilirsiniz. \u0130kinci kez gelindi\u011finde teslim edilemeyen sipari\u015finiz istetisort.com deposuna iade edilir. Nakliye firmalar\u0131 ile g\u00f6nderilen \u00fcr\u00fcnlerde  ara\u00e7 \u015fof\u00f6rleri sizi arayarak hangi saatlerde m\u00fcsait oldu\u011funuzu \u00f6\u011frenir ve teslimat\u0131 o saatlerde ger\u00e7ekle\u015ftirir.  istenildi\u011fi takdirde nakliyeyi ger\u00e7ekle\u015ftiren firma ve ara\u00e7 \u015fof\u00f6r\u00fcn\u00fcn ileti\u015fim bilgileri taraf\u0131n\u0131za iletilir. Dilerseniz nakliye firmas\u0131n\u0131n deposundan \u00fcr\u00fcn\u00fcn\u00fcz\u00fc teslim alabilirsiniz. T\u00fcm sipari\u015fler, yasalar\u0131n gerektirdi\u011fi \u00fczere irsaliye ve fatura ile kargolan\u0131r.\n\nTeslimatla ilgili \u00f6nemli bilgiler:\n* Kargonuzu teslim al\u0131rken, kargo yetkilisi yan\u0131n\u0131zdayken paketi kontrol etmenizi \u00f6neririz. Eksik\/hasarl\u0131 \u00fcr\u00fcn tespit etmeniz durumunda; kargo yetkilisinden tutanak tutmas\u0131n\u0131 talep ediniz ve \u00fcr\u00fcnleri teslim almay\u0131n\u0131z. Tutanak tutulmas\u0131, kargodaki problemin sizden de\u011fil, kargo firmas\u0131ndan kaynakland\u0131\u011f\u0131n\u0131 g\u00f6sterir. Tutanak sonucunda yeni \u00fcr\u00fcn taraf\u0131n\u0131za hemen kargolanacakt\u0131r.\n\n* Kargoyu teslim ald\u0131ktan sonra yap\u0131lan eksik\/hasar bildirimleri, tutanak olmad\u0131\u011f\u0131 ya da ilk teslim an\u0131nda haz\u0131rlanmad\u0131\u011f\u0131 i\u00e7in incelemeye ba\u011fl\u0131 olarak reddedilebilir.\n\n* \u00dcr\u00fcn\u00fc; faturas\u0131, orijinal kutusu\/ambalaj\u0131 ile birlikte g\u00f6nderilen d\u00f6k\u00fcmanlar\u0131 ve t\u00fcm aksesuarlar\u0131 ile g\u00f6ndermeniz gerekmektedir. Kullan\u0131lmam\u0131\u015f ve tekrar sat\u0131labilirli\u011fi bozulmam\u0131\u015f \u00fcr\u00fcnlerin iadesi kabul edilmektedir.\n* Orijinal kutu \u00fczerine kargo etiketi yap\u0131\u015ft\u0131r\u0131lmamas\u0131 ya da koli band\u0131 kullan\u0131lmamas\u0131n\u0131 rica ederiz. Aksi halde iade i\u015flemi ger\u00e7ekle\u015ftirilemeyecektir.\n* Kullan\u0131c\u0131 hatas\u0131 ile (y\u0131rt\u0131lma, lekelenme vb.) hasar g\u00f6ren \u00fcr\u00fcnler iade al\u0131namamaktad\u0131r.\n* \u0130ade i\u015flemlerinde, faturan\u0131n \u00fcr\u00fcnle birlikte g\u00f6nderilmesi gerekir.\n\nSipari\u015fimi nas\u0131l takip edebilirim? \n\nHesab\u0131m men\u00fcs\u00fcnde  yer alan sipari\u015flerim b\u00f6l\u00fcm\u00fcnden sipari\u015finizin her a\u015famas\u0131n\u0131 takip edebilirsiniz. \n\n* Sipari\u015finiz Haz\u0131rlan\u0131yor: Sipari\u015finizin taraf\u0131m\u0131za ula\u015ft\u0131\u011f\u0131n\u0131 ve haz\u0131rland\u0131\u011f\u0131n\u0131 belirtir.\n* \u00dcr\u00fcn\u00fcn\u00fcz Kargoya Verildi: Paketleme i\u015fleminin tamamland\u0131\u011f\u0131n\u0131 ve kargoya teslim edildi\u011fini g\u00f6sterir. Kargo takip numaran\u0131za t\u0131klayarak, paketinizin nerede oldu\u011funu g\u00f6rebilirsiniz. \u00dcr\u00fcn teslimata \u00e7\u0131kt\u0131\u011f\u0131nda size gerekli olan bilgiler mail olarak iletilmektedir.\n* Sipari\u015finiz iptal edildi: \u0130adesini talep etti\u011finiz \u00fcr\u00fcn\u00fcn taraf\u0131m\u0131za ula\u015ft\u0131\u011f\u0131n\u0131 ve iade onay\u0131 ald\u0131\u011f\u0131n\u0131 ifade eder. Takip eden g\u00fcnlerde \u00fccret iadesi kredi kart\u0131n\u0131za yap\u0131lmaktad\u0131r. Banka havalesi ile yap\u0131lan \u00f6demelerin iadesi iban numaran\u0131z talep edilerek hesab\u0131n\u0131za aktar\u0131l\u0131r.\n \n\u0130ADE \u015eARTLARI\nAlitateks.com.tr&#8217;den alm\u0131\u015f oldu\u011funuz bask\u0131s\u0131z \u00fcr\u00fcnlerin yasal iade s\u00fcresi teslim tarihinden itibaren 14 g\u00fcnd\u00fcr. \u0130ade edilecek \u00fcr\u00fcnlerin t\u00fcm aksesuar ve ambalaj malzemeleriyle eksiksiz bir \u015fekilde ve \u00fcr\u00fcn\u00fcn orijinal faturas\u0131 ile birlikte g\u00f6nderilmesi gereklidir. Faturas\u0131z iadeler kabul edilmemektedir. \u0130adeniz, \u201cMesafeli Sat\u0131\u015f S\u00f6zle\u015fmesi\u201dnde yer alan \u201cCayma Hakk\u0131\u201d ve \u201cCayma Hakk\u0131 Kullan\u0131lamayacak \u00dcr\u00fcnler\u201d \u015fartlar\u0131na uygun olmal\u0131d\u0131r. \u00dcr\u00fcnler tekrar sat\u0131labilirlik \u00f6zelli\u011fini kaybetmemi\u015f olmal\u0131d\u0131r. De\u011fi\u015fim yapmak istedi\u011finiz takdirde g\u00f6nderece\u011finiz \u00fcr\u00fcn iade al\u0131nacak ve \u00f6dedi\u011finiz tutar \u00f6deme yapm\u0131\u015f oldu\u011funuz \u015fekliyle size iade edilecek, yeni almak istedi\u011finiz \u00fcr\u00fcn\u00fc yeniden sipari\u015f vermeniz istenecektir. Banka havalesi ile yap\u0131lan \u00f6demelerin iadesinde taraf\u0131n\u0131zdan iban numaras\u0131 istenecektir. \u00dcr\u00fcn\u00fc nas\u0131l g\u00f6ndermeniz gerekti\u011fine dair bilgiler a\u015fa\u011f\u0131da verilmektedir. Verilen bilgilere uygun hareket etti\u011finiz takdirde i\u015fleminiz herhangi bir aksakl\u0131k ya\u015fanmadan k\u0131sa s\u00fcrede ger\u00e7ekle\u015ftirilecektir.\n\n\u00dcr\u00fcnler kargo ile g\u00f6nderilmi\u015f ise iadesi de kargo ile yap\u0131lacakt\u0131r. E\u011fer \u00fcr\u00fcnler anla\u015fmal\u0131 nakliye firmas\u0131 ile g\u00f6nderilmi\u015f ise iadesi de anla\u015fmal\u0131 nakliye ile yap\u0131lacakt\u0131r. \u0130ade hakk\u0131ndaki t\u00fcm sorular\u0131n\u0131z i\u00e7in info@alitateks.com.tr \u00fczerinden ileti\u015fime ge\u00e7ebilirsiniz.\n\n\u0130ade adresi:    IHLAMURKUYU MAHALLES\u0130  SABIR SOK NO:3\/B \u00dcMRAN\u0130YE \u0130STANBUL\n\u0130ade \u0130sim : AL\u0130TATEKS TEKST\u0130L SANAY\u0130 T\u0130CARET LTD \u015eT\u0130\n\nT\u00fcm sorular\u0131n\u0131z ve d\u00fc\u015f\u00fcnceleriniz i\u00e7in : info@alitateks.com.tr\n\n","protected":false},"excerpt":{"rendered":"<p>TESL\u0130MAT \u015eARTLARI \u00dcr\u00fcnler ta\u015f\u0131ma s\u0131ras\u0131nda hasar almayacak \u015fekilde \u00f6zen ile paketlenmektedir. Fatura \u00fcr\u00fcn i\u00e7erisinde bulunmaktad\u0131r. \u00dcr\u00fcnlerin a\u011f\u0131rl\u0131klar\u0131na g\u00f6re teslimat y\u00f6ntemi de\u011fi\u015fmektedir. \u00d6deme sistemimizde a\u011f\u0131rl\u0131k ve mesafeye g\u00f6re g\u00f6nderim \u015fekli ve fiyat\u0131 otomatik olarak belirlenmektedir. \u00dcr\u00fcn adedine g\u00f6re g\u00f6nderim \u015fekli de\u011fi\u015fmektedir. Az say\u0131da \u00fcr\u00fcnler kargo ile g\u00f6nderilir. 1 \u00e7uval ve fazlas\u0131 \u00fcr\u00fcnler nakliye firmalar\u0131 ile g\u00f6nderilmektedir. [&#8230;]\n","protected":false},"author":1,"featured_media":0,"parent":0,"menu_order":0,"comment_status":"closed","ping_status":"closed","template":"page-blank.php","meta":{"footnotes":""},"class_list":["post-417","page","type-page","status-publish","hentry"],"yoast_head":"<!-- This site is optimized with the Yoast SEO plugin v27.4 - https:\/\/yoast.com\/product\/yoast-seo-wordpress\/ -->\n<title>TESL\u0130MAT \u015eARTLARI - AL\u0130TATEKS TEKST\u0130L<\/title>\n<meta name=\"robots\" content=\"index, follow, max-snippet:-1, max-image-preview:large, max-video-preview:-1\" \/>\n<link rel=\"canonical\" href=\"https:\/\/www.alitateks.com.tr\/?page_id=417\" \/>\n<meta property=\"og:locale\" content=\"tr_TR\" \/>\n<meta property=\"og:type\" content=\"article\" \/>\n<meta property=\"og:title\" content=\"TESL\u0130MAT \u015eARTLARI - AL\u0130TATEKS TEKST\u0130L\" \/>\n<meta property=\"og:description\" content=\"TESL\u0130MAT \u015eARTLARI \u00dcr\u00fcnler ta\u015f\u0131ma s\u0131ras\u0131nda hasar almayacak \u015fekilde \u00f6zen ile paketlenmektedir. Fatura \u00fcr\u00fcn i\u00e7erisinde bulunmaktad\u0131r. \u00dcr\u00fcnlerin a\u011f\u0131rl\u0131klar\u0131na g\u00f6re teslimat y\u00f6ntemi de\u011fi\u015fmektedir. \u00d6deme sistemimizde a\u011f\u0131rl\u0131k ve mesafeye g\u00f6re g\u00f6nderim \u015fekli ve fiyat\u0131 otomatik olarak belirlenmektedir. \u00dcr\u00fcn adedine g\u00f6re g\u00f6nderim \u015fekli de\u011fi\u015fmektedir. Az say\u0131da \u00fcr\u00fcnler kargo ile g\u00f6nderilir. 1 \u00e7uval ve fazlas\u0131 \u00fcr\u00fcnler nakliye firmalar\u0131 ile g\u00f6nderilmektedir. [...]\" \/>\n<meta property=\"og:url\" content=\"https:\/\/www.alitateks.com.tr\/?page_id=417\" \/>\n<meta property=\"og:site_name\" content=\"AL\u0130TATEKS TEKST\u0130L\" \/>\n<meta property=\"article:modified_time\" content=\"2024-04-08T22:54:05+00:00\" \/>\n<meta name=\"twitter:card\" content=\"summary_large_image\" \/>\n<meta name=\"twitter:label1\" content=\"Tahmini okuma s\u00fcresi\" \/>\n\t<meta name=\"twitter:data1\" content=\"4 dakika\" \/>\n<script type=\"application\/ld+json\" class=\"yoast-schema-graph\">{\"@context\":\"https:\\\/\\\/schema.org\",\"@graph\":[{\"@type\":\"WebPage\",\"@id\":\"https:\\\/\\\/www.alitateks.com.tr\\\/?page_id=417\",\"url\":\"https:\\\/\\\/www.alitateks.com.tr\\\/?page_id=417\",\"name\":\"TESL\u0130MAT \u015eARTLARI - AL\u0130TATEKS TEKST\u0130L\",\"isPartOf\":{\"@id\":\"https:\\\/\\\/www.alitateks.com.tr\\\/#website\"},\"datePublished\":\"2024-04-08T22:45:26+00:00\",\"dateModified\":\"2024-04-08T22:54:05+00:00\",\"breadcrumb\":{\"@id\":\"https:\\\/\\\/www.alitateks.com.tr\\\/?page_id=417#breadcrumb\"},\"inLanguage\":\"tr\",\"potentialAction\":[{\"@type\":\"ReadAction\",\"target\":[\"https:\\\/\\\/www.alitateks.com.tr\\\/?page_id=417\"]}]},{\"@type\":\"BreadcrumbList\",\"@id\":\"https:\\\/\\\/www.alitateks.com.tr\\\/?page_id=417#breadcrumb\",\"itemListElement\":[{\"@type\":\"ListItem\",\"position\":1,\"name\":\"Anasayfa\",\"item\":\"https:\\\/\\\/www.alitateks.com.tr\\\/\"},{\"@type\":\"ListItem\",\"position\":2,\"name\":\"TESL\u0130MAT \u015eARTLARI\"}]},{\"@type\":\"WebSite\",\"@id\":\"https:\\\/\\\/www.alitateks.com.tr\\\/#website\",\"url\":\"https:\\\/\\\/www.alitateks.com.tr\\\/\",\"name\":\"AL\u0130TATEKS TEKST\u0130L\",\"description\":\"S\u0130Z HAYAL ED\u0130N B\u0130Z \u00dcRETEL\u0130M\",\"publisher\":{\"@id\":\"https:\\\/\\\/www.alitateks.com.tr\\\/#organization\"},\"potentialAction\":[{\"@type\":\"SearchAction\",\"target\":{\"@type\":\"EntryPoint\",\"urlTemplate\":\"https:\\\/\\\/www.alitateks.com.tr\\\/?s={search_term_string}\"},\"query-input\":{\"@type\":\"PropertyValueSpecification\",\"valueRequired\":true,\"valueName\":\"search_term_string\"}}],\"inLanguage\":\"tr\"},{\"@type\":\"Organization\",\"@id\":\"https:\\\/\\\/www.alitateks.com.tr\\\/#organization\",\"name\":\"AL\u0130TATEKS TEKST\u0130L SANAY\u0130 T\u0130CARET LTD \u015eT\u0130\",\"url\":\"https:\\\/\\\/www.alitateks.com.tr\\\/\",\"logo\":{\"@type\":\"ImageObject\",\"inLanguage\":\"tr\",\"@id\":\"https:\\\/\\\/www.alitateks.com.tr\\\/#\\\/schema\\\/logo\\\/image\\\/\",\"url\":\"https:\\\/\\\/www.alitateks.com.tr\\\/wp-content\\\/uploads\\\/2024\\\/03\\\/ALITATEKS-TEKSTIL-1-seffaf-arka-plan-Photoroom.png\",\"contentUrl\":\"https:\\\/\\\/www.alitateks.com.tr\\\/wp-content\\\/uploads\\\/2024\\\/03\\\/ALITATEKS-TEKSTIL-1-seffaf-arka-plan-Photoroom.png\",\"width\":500,\"height\":500,\"caption\":\"AL\u0130TATEKS TEKST\u0130L SANAY\u0130 T\u0130CARET LTD \u015eT\u0130\"},\"image\":{\"@id\":\"https:\\\/\\\/www.alitateks.com.tr\\\/#\\\/schema\\\/logo\\\/image\\\/\"}}]}<\/script>\n<!-- \/ Yoast SEO plugin. -->","yoast_head_json":{"title":"TESL\u0130MAT \u015eARTLARI - AL\u0130TATEKS TEKST\u0130L","robots":{"index":"index","follow":"follow","max-snippet":"max-snippet:-1","max-image-preview":"max-image-preview:large","max-video-preview":"max-video-preview:-1"},"canonical":"https:\/\/www.alitateks.com.tr\/?page_id=417","og_locale":"tr_TR","og_type":"article","og_title":"TESL\u0130MAT \u015eARTLARI - AL\u0130TATEKS TEKST\u0130L","og_description":"TESL\u0130MAT \u015eARTLARI \u00dcr\u00fcnler ta\u015f\u0131ma s\u0131ras\u0131nda hasar almayacak \u015fekilde \u00f6zen ile paketlenmektedir. Fatura \u00fcr\u00fcn i\u00e7erisinde bulunmaktad\u0131r. \u00dcr\u00fcnlerin a\u011f\u0131rl\u0131klar\u0131na g\u00f6re teslimat y\u00f6ntemi de\u011fi\u015fmektedir. \u00d6deme sistemimizde a\u011f\u0131rl\u0131k ve mesafeye g\u00f6re g\u00f6nderim \u015fekli ve fiyat\u0131 otomatik olarak belirlenmektedir. \u00dcr\u00fcn adedine g\u00f6re g\u00f6nderim \u015fekli de\u011fi\u015fmektedir. Az say\u0131da \u00fcr\u00fcnler kargo ile g\u00f6nderilir. 1 \u00e7uval ve fazlas\u0131 \u00fcr\u00fcnler nakliye firmalar\u0131 ile g\u00f6nderilmektedir. [...]","og_url":"https:\/\/www.alitateks.com.tr\/?page_id=417","og_site_name":"AL\u0130TATEKS TEKST\u0130L","article_modified_time":"2024-04-08T22:54:05+00:00","twitter_card":"summary_large_image","twitter_misc":{"Tahmini okuma s\u00fcresi":"4 dakika"},"schema":{"@context":"https:\/\/schema.org","@graph":[{"@type":"WebPage","@id":"https:\/\/www.alitateks.com.tr\/?page_id=417","url":"https:\/\/www.alitateks.com.tr\/?page_id=417","name":"TESL\u0130MAT \u015eARTLARI - AL\u0130TATEKS TEKST\u0130L","isPartOf":{"@id":"https:\/\/www.alitateks.com.tr\/#website"},"datePublished":"2024-04-08T22:45:26+00:00","dateModified":"2024-04-08T22:54:05+00:00","breadcrumb":{"@id":"https:\/\/www.alitateks.com.tr\/?page_id=417#breadcrumb"},"inLanguage":"tr","potentialAction":[{"@type":"ReadAction","target":["https:\/\/www.alitateks.com.tr\/?page_id=417"]}]},{"@type":"BreadcrumbList","@id":"https:\/\/www.alitateks.com.tr\/?page_id=417#breadcrumb","itemListElement":[{"@type":"ListItem","position":1,"name":"Anasayfa","item":"https:\/\/www.alitateks.com.tr\/"},{"@type":"ListItem","position":2,"name":"TESL\u0130MAT \u015eARTLARI"}]},{"@type":"WebSite","@id":"https:\/\/www.alitateks.com.tr\/#website","url":"https:\/\/www.alitateks.com.tr\/","name":"AL\u0130TATEKS TEKST\u0130L","description":"S\u0130Z HAYAL ED\u0130N B\u0130Z \u00dcRETEL\u0130M","publisher":{"@id":"https:\/\/www.alitateks.com.tr\/#organization"},"potentialAction":[{"@type":"SearchAction","target":{"@type":"EntryPoint","urlTemplate":"https:\/\/www.alitateks.com.tr\/?s={search_term_string}"},"query-input":{"@type":"PropertyValueSpecification","valueRequired":true,"valueName":"search_term_string"}}],"inLanguage":"tr"},{"@type":"Organization","@id":"https:\/\/www.alitateks.com.tr\/#organization","name":"AL\u0130TATEKS TEKST\u0130L SANAY\u0130 T\u0130CARET LTD \u015eT\u0130","url":"https:\/\/www.alitateks.com.tr\/","logo":{"@type":"ImageObject","inLanguage":"tr","@id":"https:\/\/www.alitateks.com.tr\/#\/schema\/logo\/image\/","url":"https:\/\/www.alitateks.com.tr\/wp-content\/uploads\/2024\/03\/ALITATEKS-TEKSTIL-1-seffaf-arka-plan-Photoroom.png","contentUrl":"https:\/\/www.alitateks.com.tr\/wp-content\/uploads\/2024\/03\/ALITATEKS-TEKSTIL-1-seffaf-arka-plan-Photoroom.png","width":500,"height":500,"caption":"AL\u0130TATEKS TEKST\u0130L SANAY\u0130 T\u0130CARET LTD \u015eT\u0130"},"image":{"@id":"https:\/\/www.alitateks.com.tr\/#\/schema\/logo\/image\/"}}]}},"_links":{"self":[{"href":"https:\/\/www.alitateks.com.tr\/index.php?rest_route=\/wp\/v2\/pages\/417","targetHints":{"allow":["GET"]}}],"collection":[{"href":"https:\/\/www.alitateks.com.tr\/index.php?rest_route=\/wp\/v2\/pages"}],"about":[{"href":"https:\/\/www.alitateks.com.tr\/index.php?rest_route=\/wp\/v2\/types\/page"}],"author":[{"embeddable":true,"href":"https:\/\/www.alitateks.com.tr\/index.php?rest_route=\/wp\/v2\/users\/1"}],"replies":[{"embeddable":true,"href":"https:\/\/www.alitateks.com.tr\/index.php?rest_route=%2Fwp%2Fv2%2Fcomments&post=417"}],"version-history":[{"count":1,"href":"https:\/\/www.alitateks.com.tr\/index.php?rest_route=\/wp\/v2\/pages\/417\/revisions"}],"predecessor-version":[{"id":418,"href":"https:\/\/www.alitateks.com.tr\/index.php?rest_route=\/wp\/v2\/pages\/417\/revisions\/418"}],"wp:attachment":[{"href":"https:\/\/www.alitateks.com.tr\/index.php?rest_route=%2Fwp%2Fv2%2Fmedia&parent=417"}],"curies":[{"name":"wp","href":"https:\/\/api.w.org\/{rel}","templated":true}]}}