{"id":437,"date":"2024-04-24T13:56:35","date_gmt":"2024-04-24T10:56:35","guid":{"rendered":"https:\/\/www.alitateks.com.tr\/?post_type=product&#038;p=437"},"modified":"2024-05-04T21:11:04","modified_gmt":"2024-05-04T18:11:04","slug":"beyaz-30-1-suprem-100-pamuk-tisort","status":"publish","type":"product","link":"https:\/\/www.alitateks.com.tr\/?product=beyaz-30-1-suprem-100-pamuk-tisort","title":{"rendered":"Beyaz 30\/1 S\u00fcprem 100% Pamuk Ti\u015f\u00f6rt"},"content":{"rendered":"<p><strong>Beyaz 30\/1 S\u00fcprem 100% Pamuk Ti\u015f\u00f6rt<\/strong><\/p>\n<p>Bu beyaz ti\u015f\u00f6rt, zarif tasar\u0131m\u0131 ve \u00fcst\u00fcn kalitesiyle \u00f6ne \u00e7\u0131k\u0131yor. 30\/1 s\u00fcprem kalite pamuk kullan\u0131larak \u00fcretilmi\u015ftir, b\u00f6ylece yumu\u015fakl\u0131k ve dayan\u0131kl\u0131l\u0131k bir arada sunulur. Her detay\u0131yla \u00f6zenle i\u015flenmi\u015f olan bu ti\u015f\u00f6rt, rahat kullan\u0131m ve \u015f\u0131kl\u0131k arayanlar i\u00e7in ideal bir se\u00e7enektir.<\/p>\n<p><strong>\u00d6zellikler:<\/strong><\/p>\n<ul>\n<li>Malzeme: %100 pamuk<\/li>\n<li>Kal\u0131p: Normal kesim<\/li>\n<li>Renk: Beyaz<\/li>\n<li>Kuma\u015f Tipi: 30\/1 S\u00fcprem pamuk<\/li>\n<\/ul>\n<p>Bu beyaz ti\u015f\u00f6rt, her mevsim ve her tarza uyum sa\u011flayacak \u015fekilde tasarlanm\u0131\u015ft\u0131r. Gard\u0131robunuzun vazge\u00e7ilmez par\u00e7as\u0131 olacak olan bu ti\u015f\u00f6rt\u00fc hemen \u015fimdi sepetinize ekleyin ve tarz\u0131n\u0131z\u0131 \u00f6ne \u00e7\u0131kar\u0131n!<\/p>\n<p>(1-9) adet i\u00e7in birim fiyat \u20ba160,00\u00a0 (KDV Hari\u00e7 \u20ba144,00 )\u00a0 indirim\u00a00%<\/p>\n<p>(10-99) adet i\u00e7in birim fiyat \u20ba152,00 (KDV Hari\u00e7 \u20ba136,8) indirim\u00a05%<\/p>\n<p>(100-249)\u00a0 adet i\u00e7in birim fiyat \u20ba144,00 (KDV Hari\u00e7 \u20ba129,60) indirim\u00a010%<\/p>\n<p>(250-499) adet i\u00e7in birim fiyat \u20ba136,00\u00a0 (KDV Hari\u00e7 \u20ba122,40) indirim\u00a015%<\/p>\n<p>(500-749) adet i\u00e7in birim fiyat \u20ba128,00\u00a0 (KDV Hari\u00e7 \u20ba115,20 ) indirim\u00a020%<\/p>\n<p>(750-999) adet i\u00e7in birim fiyat \u20ba120,00\u00a0 (KDV Hari\u00e7 \u20ba108,00) indirim 25%<\/p>\n<p>(1000-4999) adet i\u00e7in birim fiyat\u00a0 \u20ba112,00\u00a0 (KDV Hari\u00e7 \u20ba100,80 ) indirim\u00a030%<\/p>\n<p>(5000-9999) adet i\u00e7in birim fiyat \u20ba104,00 (KDV Hari\u00e7 \u20ba93,60 ) indirim\u00a035%<\/p>\n<p>(10000 ve \u00fczeri) adet i\u00e7in birim fiyat \u20ba96,00\u00a0 (KDV Hari\u00e7 \u20ba86,40 ) indirim\u00a040%<\/p>\n<p>\u015eimdi al\u0131\u015fveri\u015fe ba\u015flay\u0131n ve kalitenin keyfini \u00e7\u0131kar\u0131n!<\/p>\n","protected":false},"excerpt":{"rendered":"<p>&nbsp;<\/p>\n<p>Bu beyaz ti\u015f\u00f6rt, zarif tasar\u0131m\u0131 ve \u00fcst\u00fcn kalitesiyle \u00f6ne \u00e7\u0131k\u0131yor. 30\/1 s\u00fcprem kalite pamuk kullan\u0131larak \u00fcretilmi\u015ftir, b\u00f6ylece yumu\u015fakl\u0131k ve dayan\u0131kl\u0131l\u0131k bir arada sunulur. Her detay\u0131yla \u00f6zenle i\u015flenmi\u015f olan bu ti\u015f\u00f6rt, rahat kullan\u0131m ve \u015f\u0131kl\u0131k arayanlar i\u00e7in ideal bir se\u00e7enektir.<\/p>\n<p><strong>\u00d6zellikler:<\/strong><\/p>\n<ul>\n<li>Malzeme: %100 pamuk<\/li>\n<li>Kal\u0131p: Normal kesim<\/li>\n<li>Renk: Beyaz<\/li>\n<\/ul>\n","protected":false},"featured_media":438,"comment_status":"open","ping_status":"closed","template":"","meta":[],"product_brand":[],"product_cat":[36],"product_tag":[26,27,25],"class_list":{"0":"post-437","1":"product","2":"type-product","3":"status-publish","4":"has-post-thumbnail","6":"product_cat-basic-tisort","7":"product_tag-beyaz","8":"product_tag-duz-tisort","9":"product_tag-tisort","11":"first","12":"instock","13":"taxable","14":"shipping-taxable","15":"purchasable","16":"product-type-variable"},"yoast_head":"<!-- This site is optimized with the Yoast SEO plugin v27.4 - https:\/\/yoast.com\/product\/yoast-seo-wordpress\/ -->\n<title>Beyaz 30\/1 S\u00fcprem 100% Pamuk Ti\u015f\u00f6rt - AL\u0130TATEKS TEKST\u0130L<\/title>\n<meta name=\"robots\" content=\"index, follow, max-snippet:-1, max-image-preview:large, max-video-preview:-1\" \/>\n<link rel=\"canonical\" href=\"https:\/\/www.alitateks.com.tr\/?product=beyaz-30-1-suprem-100-pamuk-tisort\" \/>\n<meta property=\"og:locale\" content=\"tr_TR\" \/>\n<meta property=\"og:type\" content=\"article\" \/>\n<meta property=\"og:title\" content=\"Beyaz 30\/1 S\u00fcprem 100% Pamuk Ti\u015f\u00f6rt - AL\u0130TATEKS TEKST\u0130L\" \/>\n<meta property=\"og:description\" content=\"&nbsp;  Bu beyaz ti\u015f\u00f6rt, zarif tasar\u0131m\u0131 ve \u00fcst\u00fcn kalitesiyle \u00f6ne \u00e7\u0131k\u0131yor. 30\/1 s\u00fcprem kalite pamuk kullan\u0131larak \u00fcretilmi\u015ftir, b\u00f6ylece yumu\u015fakl\u0131k ve dayan\u0131kl\u0131l\u0131k bir arada sunulur. Her detay\u0131yla \u00f6zenle i\u015flenmi\u015f olan bu ti\u015f\u00f6rt, rahat kullan\u0131m ve \u015f\u0131kl\u0131k arayanlar i\u00e7in ideal bir se\u00e7enektir.  \u00d6zellikler:   Malzeme: %100 pamuk  Kal\u0131p: Normal kesim  Renk: Beyaz\" \/>\n<meta property=\"og:url\" content=\"https:\/\/www.alitateks.com.tr\/?product=beyaz-30-1-suprem-100-pamuk-tisort\" \/>\n<meta property=\"og:site_name\" content=\"AL\u0130TATEKS TEKST\u0130L\" \/>\n<meta property=\"article:modified_time\" content=\"2024-05-04T18:11:04+00:00\" \/>\n<meta property=\"og:image\" content=\"https:\/\/www.alitateks.com.tr\/wp-content\/uploads\/2024\/04\/beyaz.jpg\" \/>\n\t<meta property=\"og:image:width\" content=\"1080\" \/>\n\t<meta property=\"og:image:height\" content=\"1080\" \/>\n\t<meta property=\"og:image:type\" content=\"image\/jpeg\" \/>\n<meta name=\"twitter:card\" content=\"summary_large_image\" \/>\n<meta name=\"twitter:label1\" content=\"Tahmini okuma s\u00fcresi\" \/>\n\t<meta name=\"twitter:data1\" content=\"1 dakika\" \/>\n<script type=\"application\/ld+json\" class=\"yoast-schema-graph\">{\"@context\":\"https:\\\/\\\/schema.org\",\"@graph\":[{\"@type\":\"WebPage\",\"@id\":\"https:\\\/\\\/www.alitateks.com.tr\\\/?product=beyaz-30-1-suprem-100-pamuk-tisort\",\"url\":\"https:\\\/\\\/www.alitateks.com.tr\\\/?product=beyaz-30-1-suprem-100-pamuk-tisort\",\"name\":\"Beyaz 30\\\/1 S\u00fcprem 100% Pamuk Ti\u015f\u00f6rt - AL\u0130TATEKS TEKST\u0130L\",\"isPartOf\":{\"@id\":\"https:\\\/\\\/www.alitateks.com.tr\\\/#website\"},\"primaryImageOfPage\":{\"@id\":\"https:\\\/\\\/www.alitateks.com.tr\\\/?product=beyaz-30-1-suprem-100-pamuk-tisort#primaryimage\"},\"image\":{\"@id\":\"https:\\\/\\\/www.alitateks.com.tr\\\/?product=beyaz-30-1-suprem-100-pamuk-tisort#primaryimage\"},\"thumbnailUrl\":\"https:\\\/\\\/www.alitateks.com.tr\\\/wp-content\\\/uploads\\\/2024\\\/04\\\/beyaz.jpg\",\"datePublished\":\"2024-04-24T10:56:35+00:00\",\"dateModified\":\"2024-05-04T18:11:04+00:00\",\"breadcrumb\":{\"@id\":\"https:\\\/\\\/www.alitateks.com.tr\\\/?product=beyaz-30-1-suprem-100-pamuk-tisort#breadcrumb\"},\"inLanguage\":\"tr\",\"potentialAction\":[{\"@type\":\"ReadAction\",\"target\":[\"https:\\\/\\\/www.alitateks.com.tr\\\/?product=beyaz-30-1-suprem-100-pamuk-tisort\"]}]},{\"@type\":\"ImageObject\",\"inLanguage\":\"tr\",\"@id\":\"https:\\\/\\\/www.alitateks.com.tr\\\/?product=beyaz-30-1-suprem-100-pamuk-tisort#primaryimage\",\"url\":\"https:\\\/\\\/www.alitateks.com.tr\\\/wp-content\\\/uploads\\\/2024\\\/04\\\/beyaz.jpg\",\"contentUrl\":\"https:\\\/\\\/www.alitateks.com.tr\\\/wp-content\\\/uploads\\\/2024\\\/04\\\/beyaz.jpg\",\"width\":1080,\"height\":1080},{\"@type\":\"BreadcrumbList\",\"@id\":\"https:\\\/\\\/www.alitateks.com.tr\\\/?product=beyaz-30-1-suprem-100-pamuk-tisort#breadcrumb\",\"itemListElement\":[{\"@type\":\"ListItem\",\"position\":1,\"name\":\"Anasayfa\",\"item\":\"https:\\\/\\\/www.alitateks.com.tr\\\/\"},{\"@type\":\"ListItem\",\"position\":2,\"name\":\"\u00dcr\u00fcnler\",\"item\":\"https:\\\/\\\/www.alitateks.com.tr\\\/?post_type=product\"},{\"@type\":\"ListItem\",\"position\":3,\"name\":\"Beyaz 30\\\/1 S\u00fcprem 100% Pamuk Ti\u015f\u00f6rt\"}]},{\"@type\":\"WebSite\",\"@id\":\"https:\\\/\\\/www.alitateks.com.tr\\\/#website\",\"url\":\"https:\\\/\\\/www.alitateks.com.tr\\\/\",\"name\":\"AL\u0130TATEKS TEKST\u0130L\",\"description\":\"S\u0130Z HAYAL ED\u0130N B\u0130Z \u00dcRETEL\u0130M\",\"publisher\":{\"@id\":\"https:\\\/\\\/www.alitateks.com.tr\\\/#organization\"},\"potentialAction\":[{\"@type\":\"SearchAction\",\"target\":{\"@type\":\"EntryPoint\",\"urlTemplate\":\"https:\\\/\\\/www.alitateks.com.tr\\\/?s={search_term_string}\"},\"query-input\":{\"@type\":\"PropertyValueSpecification\",\"valueRequired\":true,\"valueName\":\"search_term_string\"}}],\"inLanguage\":\"tr\"},{\"@type\":\"Organization\",\"@id\":\"https:\\\/\\\/www.alitateks.com.tr\\\/#organization\",\"name\":\"AL\u0130TATEKS TEKST\u0130L SANAY\u0130 T\u0130CARET LTD \u015eT\u0130\",\"url\":\"https:\\\/\\\/www.alitateks.com.tr\\\/\",\"logo\":{\"@type\":\"ImageObject\",\"inLanguage\":\"tr\",\"@id\":\"https:\\\/\\\/www.alitateks.com.tr\\\/#\\\/schema\\\/logo\\\/image\\\/\",\"url\":\"https:\\\/\\\/www.alitateks.com.tr\\\/wp-content\\\/uploads\\\/2024\\\/03\\\/ALITATEKS-TEKSTIL-1-seffaf-arka-plan-Photoroom.png\",\"contentUrl\":\"https:\\\/\\\/www.alitateks.com.tr\\\/wp-content\\\/uploads\\\/2024\\\/03\\\/ALITATEKS-TEKSTIL-1-seffaf-arka-plan-Photoroom.png\",\"width\":500,\"height\":500,\"caption\":\"AL\u0130TATEKS TEKST\u0130L SANAY\u0130 T\u0130CARET LTD \u015eT\u0130\"},\"image\":{\"@id\":\"https:\\\/\\\/www.alitateks.com.tr\\\/#\\\/schema\\\/logo\\\/image\\\/\"}}]}<\/script>\n<!-- \/ Yoast SEO plugin. -->","yoast_head_json":{"title":"Beyaz 30\/1 S\u00fcprem 100% Pamuk Ti\u015f\u00f6rt - AL\u0130TATEKS TEKST\u0130L","robots":{"index":"index","follow":"follow","max-snippet":"max-snippet:-1","max-image-preview":"max-image-preview:large","max-video-preview":"max-video-preview:-1"},"canonical":"https:\/\/www.alitateks.com.tr\/?product=beyaz-30-1-suprem-100-pamuk-tisort","og_locale":"tr_TR","og_type":"article","og_title":"Beyaz 30\/1 S\u00fcprem 100% Pamuk Ti\u015f\u00f6rt - AL\u0130TATEKS TEKST\u0130L","og_description":"&nbsp;  Bu beyaz ti\u015f\u00f6rt, zarif tasar\u0131m\u0131 ve \u00fcst\u00fcn kalitesiyle \u00f6ne \u00e7\u0131k\u0131yor. 30\/1 s\u00fcprem kalite pamuk kullan\u0131larak \u00fcretilmi\u015ftir, b\u00f6ylece yumu\u015fakl\u0131k ve dayan\u0131kl\u0131l\u0131k bir arada sunulur. Her detay\u0131yla \u00f6zenle i\u015flenmi\u015f olan bu ti\u015f\u00f6rt, rahat kullan\u0131m ve \u015f\u0131kl\u0131k arayanlar i\u00e7in ideal bir se\u00e7enektir.  \u00d6zellikler:   Malzeme: %100 pamuk  Kal\u0131p: Normal kesim  Renk: Beyaz","og_url":"https:\/\/www.alitateks.com.tr\/?product=beyaz-30-1-suprem-100-pamuk-tisort","og_site_name":"AL\u0130TATEKS TEKST\u0130L","article_modified_time":"2024-05-04T18:11:04+00:00","og_image":[{"width":1080,"height":1080,"url":"https:\/\/www.alitateks.com.tr\/wp-content\/uploads\/2024\/04\/beyaz.jpg","type":"image\/jpeg"}],"twitter_card":"summary_large_image","twitter_misc":{"Tahmini okuma s\u00fcresi":"1 dakika"},"schema":{"@context":"https:\/\/schema.org","@graph":[{"@type":"WebPage","@id":"https:\/\/www.alitateks.com.tr\/?product=beyaz-30-1-suprem-100-pamuk-tisort","url":"https:\/\/www.alitateks.com.tr\/?product=beyaz-30-1-suprem-100-pamuk-tisort","name":"Beyaz 30\/1 S\u00fcprem 100% Pamuk Ti\u015f\u00f6rt - AL\u0130TATEKS TEKST\u0130L","isPartOf":{"@id":"https:\/\/www.alitateks.com.tr\/#website"},"primaryImageOfPage":{"@id":"https:\/\/www.alitateks.com.tr\/?product=beyaz-30-1-suprem-100-pamuk-tisort#primaryimage"},"image":{"@id":"https:\/\/www.alitateks.com.tr\/?product=beyaz-30-1-suprem-100-pamuk-tisort#primaryimage"},"thumbnailUrl":"https:\/\/www.alitateks.com.tr\/wp-content\/uploads\/2024\/04\/beyaz.jpg","datePublished":"2024-04-24T10:56:35+00:00","dateModified":"2024-05-04T18:11:04+00:00","breadcrumb":{"@id":"https:\/\/www.alitateks.com.tr\/?product=beyaz-30-1-suprem-100-pamuk-tisort#breadcrumb"},"inLanguage":"tr","potentialAction":[{"@type":"ReadAction","target":["https:\/\/www.alitateks.com.tr\/?product=beyaz-30-1-suprem-100-pamuk-tisort"]}]},{"@type":"ImageObject","inLanguage":"tr","@id":"https:\/\/www.alitateks.com.tr\/?product=beyaz-30-1-suprem-100-pamuk-tisort#primaryimage","url":"https:\/\/www.alitateks.com.tr\/wp-content\/uploads\/2024\/04\/beyaz.jpg","contentUrl":"https:\/\/www.alitateks.com.tr\/wp-content\/uploads\/2024\/04\/beyaz.jpg","width":1080,"height":1080},{"@type":"BreadcrumbList","@id":"https:\/\/www.alitateks.com.tr\/?product=beyaz-30-1-suprem-100-pamuk-tisort#breadcrumb","itemListElement":[{"@type":"ListItem","position":1,"name":"Anasayfa","item":"https:\/\/www.alitateks.com.tr\/"},{"@type":"ListItem","position":2,"name":"\u00dcr\u00fcnler","item":"https:\/\/www.alitateks.com.tr\/?post_type=product"},{"@type":"ListItem","position":3,"name":"Beyaz 30\/1 S\u00fcprem 100% Pamuk Ti\u015f\u00f6rt"}]},{"@type":"WebSite","@id":"https:\/\/www.alitateks.com.tr\/#website","url":"https:\/\/www.alitateks.com.tr\/","name":"AL\u0130TATEKS TEKST\u0130L","description":"S\u0130Z HAYAL ED\u0130N B\u0130Z \u00dcRETEL\u0130M","publisher":{"@id":"https:\/\/www.alitateks.com.tr\/#organization"},"potentialAction":[{"@type":"SearchAction","target":{"@type":"EntryPoint","urlTemplate":"https:\/\/www.alitateks.com.tr\/?s={search_term_string}"},"query-input":{"@type":"PropertyValueSpecification","valueRequired":true,"valueName":"search_term_string"}}],"inLanguage":"tr"},{"@type":"Organization","@id":"https:\/\/www.alitateks.com.tr\/#organization","name":"AL\u0130TATEKS TEKST\u0130L SANAY\u0130 T\u0130CARET LTD \u015eT\u0130","url":"https:\/\/www.alitateks.com.tr\/","logo":{"@type":"ImageObject","inLanguage":"tr","@id":"https:\/\/www.alitateks.com.tr\/#\/schema\/logo\/image\/","url":"https:\/\/www.alitateks.com.tr\/wp-content\/uploads\/2024\/03\/ALITATEKS-TEKSTIL-1-seffaf-arka-plan-Photoroom.png","contentUrl":"https:\/\/www.alitateks.com.tr\/wp-content\/uploads\/2024\/03\/ALITATEKS-TEKSTIL-1-seffaf-arka-plan-Photoroom.png","width":500,"height":500,"caption":"AL\u0130TATEKS TEKST\u0130L SANAY\u0130 T\u0130CARET LTD \u015eT\u0130"},"image":{"@id":"https:\/\/www.alitateks.com.tr\/#\/schema\/logo\/image\/"}}]}},"_links":{"self":[{"href":"https:\/\/www.alitateks.com.tr\/index.php?rest_route=\/wp\/v2\/product\/437","targetHints":{"allow":["GET"]}}],"collection":[{"href":"https:\/\/www.alitateks.com.tr\/index.php?rest_route=\/wp\/v2\/product"}],"about":[{"href":"https:\/\/www.alitateks.com.tr\/index.php?rest_route=\/wp\/v2\/types\/product"}],"replies":[{"embeddable":true,"href":"https:\/\/www.alitateks.com.tr\/index.php?rest_route=%2Fwp%2Fv2%2Fcomments&post=437"}],"wp:featuredmedia":[{"embeddable":true,"href":"https:\/\/www.alitateks.com.tr\/index.php?rest_route=\/wp\/v2\/media\/438"}],"wp:attachment":[{"href":"https:\/\/www.alitateks.com.tr\/index.php?rest_route=%2Fwp%2Fv2%2Fmedia&parent=437"}],"wp:term":[{"taxonomy":"product_brand","embeddable":true,"href":"https:\/\/www.alitateks.com.tr\/index.php?rest_route=%2Fwp%2Fv2%2Fproduct_brand&post=437"},{"taxonomy":"product_cat","embeddable":true,"href":"https:\/\/www.alitateks.com.tr\/index.php?rest_route=%2Fwp%2Fv2%2Fproduct_cat&post=437"},{"taxonomy":"product_tag","embeddable":true,"href":"https:\/\/www.alitateks.com.tr\/index.php?rest_route=%2Fwp%2Fv2%2Fproduct_tag&post=437"}],"curies":[{"name":"wp","href":"https:\/\/api.w.org\/{rel}","templated":true}]}}