{"id":562,"date":"2024-04-25T16:14:53","date_gmt":"2024-04-25T13:14:53","guid":{"rendered":"https:\/\/www.alitateks.com.tr\/?post_type=product&#038;p=562"},"modified":"2024-05-04T21:01:12","modified_gmt":"2024-05-04T18:01:12","slug":"polo-yaka-siyah-tisort-pike-kumas-0-pamuk","status":"publish","type":"product","link":"https:\/\/www.alitateks.com.tr\/?product=polo-yaka-siyah-tisort-pike-kumas-0-pamuk","title":{"rendered":"Polo Yaka Siyah Ti\u015f\u00f6rt &#8211; Pike Kuma\u015f, %100 Pamuk"},"content":{"rendered":"<p><strong>Polo Yaka Siyah Ti\u015f\u00f6rt &#8211; Pike Kuma\u015f, %100 Pamuk<\/strong><\/p>\n<p>\u015e\u0131kl\u0131\u011f\u0131 ve rahatl\u0131\u011f\u0131 bir araya getiren bu polo yaka siyah ti\u015f\u00f6rt, her tarza ve her duruma uyum sa\u011flayacak \u015fekilde tasarlanm\u0131\u015ft\u0131r. Y\u00fczde y\u00fcz pamuk pike kuma\u015f kullan\u0131larak \u00fcretilen bu ti\u015f\u00f6rt, maksimum konfor ve dayan\u0131kl\u0131l\u0131k sunar.<\/p>\n<p><strong>\u00d6zellikler:<\/strong><\/p>\n<ul>\n<li>Malzeme: %100 pamuk (pike kuma\u015f)<\/li>\n<li>Yakatip: Polo yaka<\/li>\n<li>Kesim: Normal kesim<\/li>\n<li>Renk: Siyah<\/li>\n<\/ul>\n<p>Polo yaka detay\u0131, bu ti\u015f\u00f6rte modern ve \u015f\u0131k bir hava katar. G\u00fcnl\u00fck kullan\u0131m i\u00e7in ideal olan bu ti\u015f\u00f6rt\u00fc giydi\u011finizde kendinizi hem rahat hem de tarz hissedeceksiniz.<\/p>\n<p>(1-9) adet i\u00e7in birim fiyat \u20ba290,00\u00a0 (KDV Hari\u00e7 \u20ba261,00 )\u00a0 indirim\u00a00%<\/p>\n<p>(10-99) adet i\u00e7in birim fiyat \u20ba275,50 (KDV Hari\u00e7 \u20ba247,95) indirim\u00a05%<\/p>\n<p>(100-249)\u00a0 adet i\u00e7in birim fiyat \u20ba261,00 (KDV Hari\u00e7 \u20ba234,90) indirim\u00a010%<\/p>\n<p>(250-499) adet i\u00e7in birim fiyat \u20ba246,50\u00a0 (KDV Hari\u00e7 \u20ba221,85) indirim\u00a015%<\/p>\n<p>(500-749) adet i\u00e7in birim fiyat \u20ba232,00\u00a0 (KDV Hari\u00e7 \u20ba208,80 ) indirim\u00a020%<\/p>\n<p>(750-999) adet i\u00e7in birim fiyat \u20ba217,50\u00a0 (KDV Hari\u00e7 \u20ba195,75) indirim 25%<\/p>\n<p>(1000-4999) adet i\u00e7in birim fiyat\u00a0 \u20ba203,00\u00a0 (KDV Hari\u00e7 \u20ba182,70 ) indirim\u00a030%<\/p>\n<p>(5000-9999) adet i\u00e7in birim fiyat \u20ba188,50\u00a0 (KDV Hari\u00e7 \u20ba169,65 ) indirim\u00a035%<\/p>\n<p>(10000 ve \u00fczeri) adet i\u00e7in birim fiyat \u20ba174,00\u00a0 (KDV Hari\u00e7 \u20ba156,60) indirim\u00a040%<\/p>\n<p>Gard\u0131robunuzdaki eksik par\u00e7ay\u0131 tamamlamak ve stilinizi yans\u0131tmak i\u00e7in hemen \u015fimdi al\u0131\u015fveri\u015fe ba\u015flay\u0131n!<\/p>\n<p>&nbsp;<\/p>\n","protected":false},"excerpt":{"rendered":"<p>&nbsp;<\/p>\n<p>\u015e\u0131kl\u0131\u011f\u0131 ve rahatl\u0131\u011f\u0131 bir araya getiren bu polo yaka siyah ti\u015f\u00f6rt, her tarza ve her duruma uyum sa\u011flayacak \u015fekilde tasarlanm\u0131\u015ft\u0131r. Y\u00fczde y\u00fcz pamuk pike kuma\u015f kullan\u0131larak \u00fcretilen bu ti\u015f\u00f6rt, maksimum konfor ve dayan\u0131kl\u0131l\u0131k sunar.<\/p>\n<p><strong>\u00d6zellikler:<\/strong><\/p>\n<ul>\n<li>Malzeme: %100 pamuk (pike kuma\u015f)<\/li>\n<li>Yakatip: Polo yaka<\/li>\n<li>Kesim: Normal kesim<\/li>\n<li>Renk: Siyah<\/li>\n<\/ul>\n","protected":false},"featured_media":569,"comment_status":"open","ping_status":"closed","template":"","meta":[],"product_brand":[],"product_cat":[35],"product_tag":[39,38,25],"class_list":{"0":"post-562","1":"product","2":"type-product","3":"status-publish","4":"has-post-thumbnail","6":"product_cat-polo-yaka-tisort","7":"product_tag-polo-yaka-tisort","8":"product_tag-siyah","9":"product_tag-tisort","11":"first","12":"instock","13":"taxable","14":"shipping-taxable","15":"purchasable","16":"product-type-variable"},"yoast_head":"<!-- This site is optimized with the Yoast SEO plugin v27.4 - https:\/\/yoast.com\/product\/yoast-seo-wordpress\/ -->\n<title>Polo Yaka Siyah Ti\u015f\u00f6rt - Pike Kuma\u015f, %100 Pamuk - AL\u0130TATEKS TEKST\u0130L<\/title>\n<meta name=\"robots\" content=\"index, follow, max-snippet:-1, max-image-preview:large, max-video-preview:-1\" \/>\n<link rel=\"canonical\" href=\"https:\/\/www.alitateks.com.tr\/?product=polo-yaka-siyah-tisort-pike-kumas-0-pamuk\" \/>\n<meta property=\"og:locale\" content=\"tr_TR\" \/>\n<meta property=\"og:type\" content=\"article\" \/>\n<meta property=\"og:title\" content=\"Polo Yaka Siyah Ti\u015f\u00f6rt - Pike Kuma\u015f, %100 Pamuk - AL\u0130TATEKS TEKST\u0130L\" \/>\n<meta property=\"og:description\" content=\"&nbsp;  \u015e\u0131kl\u0131\u011f\u0131 ve rahatl\u0131\u011f\u0131 bir araya getiren bu polo yaka siyah ti\u015f\u00f6rt, her tarza ve her duruma uyum sa\u011flayacak \u015fekilde tasarlanm\u0131\u015ft\u0131r. Y\u00fczde y\u00fcz pamuk pike kuma\u015f kullan\u0131larak \u00fcretilen bu ti\u015f\u00f6rt, maksimum konfor ve dayan\u0131kl\u0131l\u0131k sunar.  \u00d6zellikler:   Malzeme: %100 pamuk (pike kuma\u015f)  Yakatip: Polo yaka  Kesim: Normal kesim  Renk: Siyah\" \/>\n<meta property=\"og:url\" content=\"https:\/\/www.alitateks.com.tr\/?product=polo-yaka-siyah-tisort-pike-kumas-0-pamuk\" \/>\n<meta property=\"og:site_name\" content=\"AL\u0130TATEKS TEKST\u0130L\" \/>\n<meta property=\"article:modified_time\" content=\"2024-05-04T18:01:12+00:00\" \/>\n<meta property=\"og:image\" content=\"https:\/\/www.alitateks.com.tr\/wp-content\/uploads\/2024\/04\/siyah-Photoroom.jpg\" \/>\n\t<meta property=\"og:image:width\" content=\"2000\" \/>\n\t<meta property=\"og:image:height\" content=\"2000\" \/>\n\t<meta property=\"og:image:type\" content=\"image\/jpeg\" \/>\n<meta name=\"twitter:card\" content=\"summary_large_image\" \/>\n<meta name=\"twitter:label1\" content=\"Tahmini okuma s\u00fcresi\" \/>\n\t<meta name=\"twitter:data1\" content=\"2 dakika\" \/>\n<script type=\"application\/ld+json\" class=\"yoast-schema-graph\">{\"@context\":\"https:\\\/\\\/schema.org\",\"@graph\":[{\"@type\":\"WebPage\",\"@id\":\"https:\\\/\\\/www.alitateks.com.tr\\\/?product=polo-yaka-siyah-tisort-pike-kumas-0-pamuk\",\"url\":\"https:\\\/\\\/www.alitateks.com.tr\\\/?product=polo-yaka-siyah-tisort-pike-kumas-0-pamuk\",\"name\":\"Polo Yaka Siyah Ti\u015f\u00f6rt - Pike Kuma\u015f, %100 Pamuk - AL\u0130TATEKS TEKST\u0130L\",\"isPartOf\":{\"@id\":\"https:\\\/\\\/www.alitateks.com.tr\\\/#website\"},\"primaryImageOfPage\":{\"@id\":\"https:\\\/\\\/www.alitateks.com.tr\\\/?product=polo-yaka-siyah-tisort-pike-kumas-0-pamuk#primaryimage\"},\"image\":{\"@id\":\"https:\\\/\\\/www.alitateks.com.tr\\\/?product=polo-yaka-siyah-tisort-pike-kumas-0-pamuk#primaryimage\"},\"thumbnailUrl\":\"https:\\\/\\\/www.alitateks.com.tr\\\/wp-content\\\/uploads\\\/2024\\\/04\\\/siyah-Photoroom.jpg\",\"datePublished\":\"2024-04-25T13:14:53+00:00\",\"dateModified\":\"2024-05-04T18:01:12+00:00\",\"breadcrumb\":{\"@id\":\"https:\\\/\\\/www.alitateks.com.tr\\\/?product=polo-yaka-siyah-tisort-pike-kumas-0-pamuk#breadcrumb\"},\"inLanguage\":\"tr\",\"potentialAction\":[{\"@type\":\"ReadAction\",\"target\":[\"https:\\\/\\\/www.alitateks.com.tr\\\/?product=polo-yaka-siyah-tisort-pike-kumas-0-pamuk\"]}]},{\"@type\":\"ImageObject\",\"inLanguage\":\"tr\",\"@id\":\"https:\\\/\\\/www.alitateks.com.tr\\\/?product=polo-yaka-siyah-tisort-pike-kumas-0-pamuk#primaryimage\",\"url\":\"https:\\\/\\\/www.alitateks.com.tr\\\/wp-content\\\/uploads\\\/2024\\\/04\\\/siyah-Photoroom.jpg\",\"contentUrl\":\"https:\\\/\\\/www.alitateks.com.tr\\\/wp-content\\\/uploads\\\/2024\\\/04\\\/siyah-Photoroom.jpg\",\"width\":2000,\"height\":2000},{\"@type\":\"BreadcrumbList\",\"@id\":\"https:\\\/\\\/www.alitateks.com.tr\\\/?product=polo-yaka-siyah-tisort-pike-kumas-0-pamuk#breadcrumb\",\"itemListElement\":[{\"@type\":\"ListItem\",\"position\":1,\"name\":\"Anasayfa\",\"item\":\"https:\\\/\\\/www.alitateks.com.tr\\\/\"},{\"@type\":\"ListItem\",\"position\":2,\"name\":\"\u00dcr\u00fcnler\",\"item\":\"https:\\\/\\\/www.alitateks.com.tr\\\/?post_type=product\"},{\"@type\":\"ListItem\",\"position\":3,\"name\":\"Polo Yaka Siyah Ti\u015f\u00f6rt &#8211; Pike Kuma\u015f, %100 Pamuk\"}]},{\"@type\":\"WebSite\",\"@id\":\"https:\\\/\\\/www.alitateks.com.tr\\\/#website\",\"url\":\"https:\\\/\\\/www.alitateks.com.tr\\\/\",\"name\":\"AL\u0130TATEKS TEKST\u0130L\",\"description\":\"S\u0130Z HAYAL ED\u0130N B\u0130Z \u00dcRETEL\u0130M\",\"publisher\":{\"@id\":\"https:\\\/\\\/www.alitateks.com.tr\\\/#organization\"},\"potentialAction\":[{\"@type\":\"SearchAction\",\"target\":{\"@type\":\"EntryPoint\",\"urlTemplate\":\"https:\\\/\\\/www.alitateks.com.tr\\\/?s={search_term_string}\"},\"query-input\":{\"@type\":\"PropertyValueSpecification\",\"valueRequired\":true,\"valueName\":\"search_term_string\"}}],\"inLanguage\":\"tr\"},{\"@type\":\"Organization\",\"@id\":\"https:\\\/\\\/www.alitateks.com.tr\\\/#organization\",\"name\":\"AL\u0130TATEKS TEKST\u0130L SANAY\u0130 T\u0130CARET LTD \u015eT\u0130\",\"url\":\"https:\\\/\\\/www.alitateks.com.tr\\\/\",\"logo\":{\"@type\":\"ImageObject\",\"inLanguage\":\"tr\",\"@id\":\"https:\\\/\\\/www.alitateks.com.tr\\\/#\\\/schema\\\/logo\\\/image\\\/\",\"url\":\"https:\\\/\\\/www.alitateks.com.tr\\\/wp-content\\\/uploads\\\/2024\\\/03\\\/ALITATEKS-TEKSTIL-1-seffaf-arka-plan-Photoroom.png\",\"contentUrl\":\"https:\\\/\\\/www.alitateks.com.tr\\\/wp-content\\\/uploads\\\/2024\\\/03\\\/ALITATEKS-TEKSTIL-1-seffaf-arka-plan-Photoroom.png\",\"width\":500,\"height\":500,\"caption\":\"AL\u0130TATEKS TEKST\u0130L SANAY\u0130 T\u0130CARET LTD \u015eT\u0130\"},\"image\":{\"@id\":\"https:\\\/\\\/www.alitateks.com.tr\\\/#\\\/schema\\\/logo\\\/image\\\/\"}}]}<\/script>\n<!-- \/ Yoast SEO plugin. -->","yoast_head_json":{"title":"Polo Yaka Siyah Ti\u015f\u00f6rt - Pike Kuma\u015f, %100 Pamuk - AL\u0130TATEKS TEKST\u0130L","robots":{"index":"index","follow":"follow","max-snippet":"max-snippet:-1","max-image-preview":"max-image-preview:large","max-video-preview":"max-video-preview:-1"},"canonical":"https:\/\/www.alitateks.com.tr\/?product=polo-yaka-siyah-tisort-pike-kumas-0-pamuk","og_locale":"tr_TR","og_type":"article","og_title":"Polo Yaka Siyah Ti\u015f\u00f6rt - Pike Kuma\u015f, %100 Pamuk - AL\u0130TATEKS TEKST\u0130L","og_description":"&nbsp;  \u015e\u0131kl\u0131\u011f\u0131 ve rahatl\u0131\u011f\u0131 bir araya getiren bu polo yaka siyah ti\u015f\u00f6rt, her tarza ve her duruma uyum sa\u011flayacak \u015fekilde tasarlanm\u0131\u015ft\u0131r. Y\u00fczde y\u00fcz pamuk pike kuma\u015f kullan\u0131larak \u00fcretilen bu ti\u015f\u00f6rt, maksimum konfor ve dayan\u0131kl\u0131l\u0131k sunar.  \u00d6zellikler:   Malzeme: %100 pamuk (pike kuma\u015f)  Yakatip: Polo yaka  Kesim: Normal kesim  Renk: Siyah","og_url":"https:\/\/www.alitateks.com.tr\/?product=polo-yaka-siyah-tisort-pike-kumas-0-pamuk","og_site_name":"AL\u0130TATEKS TEKST\u0130L","article_modified_time":"2024-05-04T18:01:12+00:00","og_image":[{"width":2000,"height":2000,"url":"https:\/\/www.alitateks.com.tr\/wp-content\/uploads\/2024\/04\/siyah-Photoroom.jpg","type":"image\/jpeg"}],"twitter_card":"summary_large_image","twitter_misc":{"Tahmini okuma s\u00fcresi":"2 dakika"},"schema":{"@context":"https:\/\/schema.org","@graph":[{"@type":"WebPage","@id":"https:\/\/www.alitateks.com.tr\/?product=polo-yaka-siyah-tisort-pike-kumas-0-pamuk","url":"https:\/\/www.alitateks.com.tr\/?product=polo-yaka-siyah-tisort-pike-kumas-0-pamuk","name":"Polo Yaka Siyah Ti\u015f\u00f6rt - Pike Kuma\u015f, %100 Pamuk - AL\u0130TATEKS TEKST\u0130L","isPartOf":{"@id":"https:\/\/www.alitateks.com.tr\/#website"},"primaryImageOfPage":{"@id":"https:\/\/www.alitateks.com.tr\/?product=polo-yaka-siyah-tisort-pike-kumas-0-pamuk#primaryimage"},"image":{"@id":"https:\/\/www.alitateks.com.tr\/?product=polo-yaka-siyah-tisort-pike-kumas-0-pamuk#primaryimage"},"thumbnailUrl":"https:\/\/www.alitateks.com.tr\/wp-content\/uploads\/2024\/04\/siyah-Photoroom.jpg","datePublished":"2024-04-25T13:14:53+00:00","dateModified":"2024-05-04T18:01:12+00:00","breadcrumb":{"@id":"https:\/\/www.alitateks.com.tr\/?product=polo-yaka-siyah-tisort-pike-kumas-0-pamuk#breadcrumb"},"inLanguage":"tr","potentialAction":[{"@type":"ReadAction","target":["https:\/\/www.alitateks.com.tr\/?product=polo-yaka-siyah-tisort-pike-kumas-0-pamuk"]}]},{"@type":"ImageObject","inLanguage":"tr","@id":"https:\/\/www.alitateks.com.tr\/?product=polo-yaka-siyah-tisort-pike-kumas-0-pamuk#primaryimage","url":"https:\/\/www.alitateks.com.tr\/wp-content\/uploads\/2024\/04\/siyah-Photoroom.jpg","contentUrl":"https:\/\/www.alitateks.com.tr\/wp-content\/uploads\/2024\/04\/siyah-Photoroom.jpg","width":2000,"height":2000},{"@type":"BreadcrumbList","@id":"https:\/\/www.alitateks.com.tr\/?product=polo-yaka-siyah-tisort-pike-kumas-0-pamuk#breadcrumb","itemListElement":[{"@type":"ListItem","position":1,"name":"Anasayfa","item":"https:\/\/www.alitateks.com.tr\/"},{"@type":"ListItem","position":2,"name":"\u00dcr\u00fcnler","item":"https:\/\/www.alitateks.com.tr\/?post_type=product"},{"@type":"ListItem","position":3,"name":"Polo Yaka Siyah Ti\u015f\u00f6rt &#8211; Pike Kuma\u015f, %100 Pamuk"}]},{"@type":"WebSite","@id":"https:\/\/www.alitateks.com.tr\/#website","url":"https:\/\/www.alitateks.com.tr\/","name":"AL\u0130TATEKS TEKST\u0130L","description":"S\u0130Z HAYAL ED\u0130N B\u0130Z \u00dcRETEL\u0130M","publisher":{"@id":"https:\/\/www.alitateks.com.tr\/#organization"},"potentialAction":[{"@type":"SearchAction","target":{"@type":"EntryPoint","urlTemplate":"https:\/\/www.alitateks.com.tr\/?s={search_term_string}"},"query-input":{"@type":"PropertyValueSpecification","valueRequired":true,"valueName":"search_term_string"}}],"inLanguage":"tr"},{"@type":"Organization","@id":"https:\/\/www.alitateks.com.tr\/#organization","name":"AL\u0130TATEKS TEKST\u0130L SANAY\u0130 T\u0130CARET LTD \u015eT\u0130","url":"https:\/\/www.alitateks.com.tr\/","logo":{"@type":"ImageObject","inLanguage":"tr","@id":"https:\/\/www.alitateks.com.tr\/#\/schema\/logo\/image\/","url":"https:\/\/www.alitateks.com.tr\/wp-content\/uploads\/2024\/03\/ALITATEKS-TEKSTIL-1-seffaf-arka-plan-Photoroom.png","contentUrl":"https:\/\/www.alitateks.com.tr\/wp-content\/uploads\/2024\/03\/ALITATEKS-TEKSTIL-1-seffaf-arka-plan-Photoroom.png","width":500,"height":500,"caption":"AL\u0130TATEKS TEKST\u0130L SANAY\u0130 T\u0130CARET LTD \u015eT\u0130"},"image":{"@id":"https:\/\/www.alitateks.com.tr\/#\/schema\/logo\/image\/"}}]}},"_links":{"self":[{"href":"https:\/\/www.alitateks.com.tr\/index.php?rest_route=\/wp\/v2\/product\/562","targetHints":{"allow":["GET"]}}],"collection":[{"href":"https:\/\/www.alitateks.com.tr\/index.php?rest_route=\/wp\/v2\/product"}],"about":[{"href":"https:\/\/www.alitateks.com.tr\/index.php?rest_route=\/wp\/v2\/types\/product"}],"replies":[{"embeddable":true,"href":"https:\/\/www.alitateks.com.tr\/index.php?rest_route=%2Fwp%2Fv2%2Fcomments&post=562"}],"wp:featuredmedia":[{"embeddable":true,"href":"https:\/\/www.alitateks.com.tr\/index.php?rest_route=\/wp\/v2\/media\/569"}],"wp:attachment":[{"href":"https:\/\/www.alitateks.com.tr\/index.php?rest_route=%2Fwp%2Fv2%2Fmedia&parent=562"}],"wp:term":[{"taxonomy":"product_brand","embeddable":true,"href":"https:\/\/www.alitateks.com.tr\/index.php?rest_route=%2Fwp%2Fv2%2Fproduct_brand&post=562"},{"taxonomy":"product_cat","embeddable":true,"href":"https:\/\/www.alitateks.com.tr\/index.php?rest_route=%2Fwp%2Fv2%2Fproduct_cat&post=562"},{"taxonomy":"product_tag","embeddable":true,"href":"https:\/\/www.alitateks.com.tr\/index.php?rest_route=%2Fwp%2Fv2%2Fproduct_tag&post=562"}],"curies":[{"name":"wp","href":"https:\/\/api.w.org\/{rel}","templated":true}]}}